{"id":2540,"date":"2025-09-19T13:43:33","date_gmt":"2025-09-19T17:43:33","guid":{"rendered":"https:\/\/orendasecurity.com\/services\/application-security-copy\/"},"modified":"2025-10-17T10:24:04","modified_gmt":"2025-10-17T14:24:04","slug":"seguridad-aplicaciones","status":"publish","type":"page","link":"https:\/\/orendasecurity.com\/es\/seguridad-aplicaciones\/","title":{"rendered":"Seguridad de las aplicaciones"},"content":{"rendered":"<!--themify_builder_content-->\n<div id=\"themify_builder_content-2540\" data-postid=\"2540\" class=\"themify_builder_content themify_builder_content-2540 themify_builder tf_clear\">\n                    <div  data-lazy=\"1\" class=\"module_row themify_builder_row tb_n8hv020 tb_first tf_w\">\n            <span class=\"tb_row_frame_wrap tf_overflow tf_abs\" data-lazy=\"1\"><span class=\"tb_row_frame tb_row_frame_bottom  tf_abs tf_hide tf_overflow tf_w\"><\/span><\/span>            <div class=\"row_inner col_align_top tb_col_count_1 tf_box tf_rel\">\n                        <div  data-lazy=\"1\" class=\"module_column tb-column col-full tb_234i099 first\">\n                            <div  data-lazy=\"1\" class=\"module_subrow themify_builder_sub_row tf_w col_align_top tb_col_count_1 tb_yc4k209\">\n                <div  data-lazy=\"1\" class=\"module_column sub_column col-full tb_jit1820 first\">\n                    <!-- module text -->\n<div  class=\"module module-text tb_cq9m028   \" data-lazy=\"1\">\n        <div  class=\"tb_text_wrap\">\n        <h1>Seguridad de las aplicaciones<\/h1>    <\/div>\n<\/div>\n<!-- \/module text -->        <\/div>\n                    <\/div>\n                <div  data-lazy=\"1\" class=\"module_subrow themify_builder_sub_row tf_w col_align_top tb_col_count_1 tb_hajo231\">\n                <div  data-lazy=\"1\" class=\"module_column sub_column col-full tb_ui1m128 first\">\n                    <!-- module text -->\n<div  class=\"module module-text tb_ytnz852   \" data-lazy=\"1\">\n        <div  class=\"tb_text_wrap\">\n        <p>La seguridad de las aplicaciones garantiza que sus aplicaciones de software est\u00e9n protegidas contra amenazas cibern\u00e9ticas y vulnerabilidades a lo largo de todo su ciclo de vida.<\/p>    <\/div>\n<\/div>\n<!-- \/module text -->        <\/div>\n                    <\/div>\n                <div  data-lazy=\"1\" class=\"module_subrow themify_builder_sub_row tf_w col_align_top tb_col_count_2 tb_lnln772\">\n                <div  data-lazy=\"1\" class=\"module_column sub_column col4-2 tb_s8vs772 first\">\n                    <!-- module buttons -->\n<div  class=\"module module-buttons tb_yjkp772 buttons-horizontal solid   circle\" data-lazy=\"1\">\n        <div class=\"module-buttons-item tf_in_flx\">\n                        <a href=\"\/es\/solicite-una-cuota\/\" class=\"ui builder_button tf_in_flx tb_default_color\" target=\"_blank\" rel=\"noopener\">\n                                                SOLICITE UNA COTIZACI\u00d3N                                        <\/a>\n                <\/div>\n            <\/div>\n<!-- \/module buttons -->\n        <\/div>\n                    <div  data-lazy=\"1\" class=\"module_column sub_column col4-2 tb_6vwt772 last\">\n                            <\/div>\n                    <\/div>\n                <\/div>\n                        <\/div>\n        <\/div>\n                        <div  data-anchor=\"dast\" data-lazy=\"1\" class=\"module_row themify_builder_row tb_has_section tb_section-dast tb_ogw4113 tf_w\">\n                        <div class=\"row_inner col_align_top tb_col_count_1 tf_box tf_rel\">\n                        <div  data-lazy=\"1\" class=\"module_column tb-column col-full tb_43n8108 first\">\n                    <!-- module fancy heading -->\n<div  class=\"module module-fancy-heading tb_es7i810 \" data-lazy=\"1\">\n        <h1 class=\"fancy-heading\">\n    <span class=\"main-head tf_block\">\n                                <\/span>\n\n    \n    <span class=\"sub-head tf_block tf_rel\">\n                    Descubra vulnerabilidades, refuerce las defensas de las aplicaciones y garantice un desarrollo seguro con estos servicios especializados.            <\/span>\n    <\/h1>\n<\/div>\n<!-- \/module fancy heading -->\n<!-- module text -->\n<div  class=\"module module-text tb_3nk7117   \" data-lazy=\"1\">\n        <div  class=\"tb_text_wrap\">\n        <h2>Pruebas din\u00e1micas de seguridad de aplicaciones (DAST)<\/h2>    <\/div>\n<\/div>\n<!-- \/module text --><!-- module text -->\n<div  class=\"module module-text tb_lif6210   \" data-lazy=\"1\">\n        <div  class=\"tb_text_wrap\">\n        <p>Detecci\u00f3n integral de vulnerabilidades: las pruebas din\u00e1micas de seguridad de aplicaciones (DAST) proporcionan a las organizaciones un enfoque integral para identificar vulnerabilidades en sus aplicaciones web. Al simular ataques reales e interactuar con la aplicaci\u00f3n de forma din\u00e1mica, las herramientas DAST pueden descubrir una amplia gama de debilidades de seguridad, incluyendo fallos en la validaci\u00f3n de entradas, vulnerabilidades de inyecci\u00f3n, elusi\u00f3n de autenticaci\u00f3n y mucho m\u00e1s. Este enfoque proactivo permite a las organizaciones detectar y corregir las vulnerabilidades antes de que puedan ser explotadas por los atacantes, mejorando as\u00ed la postura de seguridad de sus aplicaciones web.<\/p>    <\/div>\n<\/div>\n<!-- \/module text -->        <\/div>\n                        <\/div>\n        <\/div>\n                        <div  data-anchor=\"sast\" data-lazy=\"1\" class=\"module_row themify_builder_row tb_has_section tb_section-sast tb_l5xj022 tf_w\">\n                        <div class=\"row_inner col_align_top tb_col_count_1 tf_box tf_rel\">\n                        <div  data-lazy=\"1\" class=\"module_column tb-column col-full tb_ffk2120 first\">\n                    <!-- module text -->\n<div  class=\"module module-text tb_z8zi202   \" data-lazy=\"1\">\n        <div  class=\"tb_text_wrap\">\n        <h2>Pruebas est\u00e1ticas de seguridad de aplicaciones (SAST)<\/h2>    <\/div>\n<\/div>\n<!-- \/module text --><!-- module text -->\n<div  class=\"module module-text tb_4ugt402   \" data-lazy=\"1\">\n        <div  class=\"tb_text_wrap\">\n        <p>Detecci\u00f3n temprana de vulnerabilidades: Las pruebas est\u00e1ticas de seguridad de aplicaciones (SAST) permiten a las organizaciones identificar vulnerabilidades de seguridad en su c\u00f3digo en una fase temprana del ciclo de vida del desarrollo de software. Al analizar el c\u00f3digo fuente o el c\u00f3digo binario sin ejecutar la aplicaci\u00f3n, las herramientas SAST pueden detectar una amplia gama de vulnerabilidades, como la inyecci\u00f3n de c\u00f3digo, los mecanismos de autenticaci\u00f3n inseguros y la fuga de datos. Esta detecci\u00f3n temprana permite a los desarrolladores abordar los problemas de seguridad antes de que se manifiesten en la producci\u00f3n, lo que reduce el riesgo de explotaci\u00f3n y minimiza el costo y el esfuerzo necesarios para su correcci\u00f3n.<\/p>\n<p>Integraci\u00f3n en el flujo de trabajo de desarrollo: Las herramientas SAST pueden integrarse perfectamente en el flujo de trabajo de desarrollo, lo que permite realizar pruebas de seguridad automatizadas como parte del proceso de integraci\u00f3n continua y despliegue continuo (CI\/CD). Al integrar SAST en el proceso de desarrollo, las organizaciones pueden detectar y corregir las vulnerabilidades de seguridad en una fase temprana del ciclo de vida del desarrollo, lo que reduce el tiempo y el esfuerzo necesarios para la revisi\u00f3n manual del c\u00f3digo y las pruebas de seguridad. Esta integraci\u00f3n promueve un enfoque de seguridad \u00abshift-left\u00bb, que permite a los desarrolladores abordar los problemas de seguridad mientras escriben el c\u00f3digo y fomenta una cultura de seguridad dentro de los equipos de desarrollo.<\/p>    <\/div>\n<\/div>\n<!-- \/module text -->        <\/div>\n                        <\/div>\n        <\/div>\n                        <div  data-anchor=\"modelado-amenazas\" data-lazy=\"1\" class=\"module_row themify_builder_row tb_has_section tb_section-modelado-amenazas tb_9vxs212 tf_w\">\n                        <div class=\"row_inner col_align_top tb_col_count_1 tf_box tf_rel\">\n                        <div  data-lazy=\"1\" class=\"module_column tb-column col-full tb_deql020 first\">\n                    <!-- module text -->\n<div  class=\"module module-text tb_61n0020   \" data-lazy=\"1\">\n        <div  class=\"tb_text_wrap\">\n        <h2>Modelado de amenazas<\/h2>    <\/div>\n<\/div>\n<!-- \/module text --><!-- module text -->\n<div  class=\"module module-text tb_oncy001   \" data-lazy=\"1\">\n        <div  class=\"tb_text_wrap\">\n        <p>Identificaci\u00f3n proactiva de riesgos: el modelado de amenazas proporciona a las organizaciones un enfoque sistem\u00e1tico para identificar y evaluar las posibles amenazas y vulnerabilidades de seguridad en sus sistemas y aplicaciones. Mediante el an\u00e1lisis de la arquitectura y el dise\u00f1o de seguridad de sus activos, las organizaciones pueden identificar de forma proactiva las debilidades de seguridad, incluidos los fallos de dise\u00f1o, las configuraciones incorrectas y los posibles vectores de ataque. Este enfoque proactivo permite a las organizaciones priorizar las medidas de seguridad, asignar los recursos de forma eficaz y mitigar los riesgos de seguridad antes de que puedan ser explotados por los atacantes.<\/p>    <\/div>\n<\/div>\n<!-- \/module text -->        <\/div>\n                        <\/div>\n        <\/div>\n                        <div  data-anchor=\"ciclo-vida-seguro\" data-lazy=\"1\" class=\"module_row themify_builder_row tb_has_section tb_section-ciclo-vida-seguro tb_4hsw230 tf_w\">\n                        <div class=\"row_inner col_align_top tb_col_count_1 tf_box tf_rel\">\n                        <div  data-lazy=\"1\" class=\"module_column tb-column col-full tb_4fxk022 first\">\n                    <!-- module text -->\n<div  class=\"module module-text tb_l58e810   \" data-lazy=\"1\">\n        <div  class=\"tb_text_wrap\">\n        <h2>Evaluaci\u00f3n del ciclo de vida del desarrollo seguro (pruebas SDLC)<\/h2>    <\/div>\n<\/div>\n<!-- \/module text --><!-- module text -->\n<div  class=\"module module-text tb_5rp0823   \" data-lazy=\"1\">\n        <div  class=\"tb_text_wrap\">\n        <p>Integraci\u00f3n proactiva de la seguridad: la evaluaci\u00f3n del ciclo de vida del desarrollo seguro (pruebas SDLC) incorpora pr\u00e1cticas de seguridad en todo el ciclo de vida del desarrollo de software, desde el dise\u00f1o y el desarrollo hasta las pruebas y la implementaci\u00f3n. Al integrar la seguridad en cada fase del SDLC, las organizaciones pueden identificar y abordar las vulnerabilidades de seguridad en una fase temprana del proceso de desarrollo, lo que reduce el riesgo de incidentes de seguridad y minimiza el costo y el esfuerzo necesarios para su correcci\u00f3n. Este enfoque proactivo garantiza que las consideraciones de seguridad se prioricen y aborden desde el principio, en lugar de como una idea de \u00faltimo momento.<\/p>    <\/div>\n<\/div>\n<!-- \/module text -->        <\/div>\n                        <\/div>\n        <\/div>\n                        <div  data-anchor=\"aplicaciones\" data-lazy=\"1\" class=\"module_row themify_builder_row tb_has_section tb_section-aplicaciones tb_u2b9220 tf_w\">\n                        <div class=\"row_inner col_align_top tb_col_count_1 tf_box tf_rel\">\n                        <div  data-lazy=\"1\" class=\"module_column tb-column col-full tb_1zov068 first\">\n                    <!-- module text -->\n<div  class=\"module module-text tb_jmpo070   \" data-lazy=\"1\">\n        <div  class=\"tb_text_wrap\">\n        <h2>Revisi\u00f3n de la arquitectura de aplicaciones<\/h2>    <\/div>\n<\/div>\n<!-- \/module text --><!-- module text -->\n<div  class=\"module module-text tb_bjeg129   \" data-lazy=\"1\">\n        <div  class=\"tb_text_wrap\">\n        <p>Identificaci\u00f3n de fallos y debilidades de dise\u00f1o: la revisi\u00f3n de la arquitectura de aplicaciones ofrece a las organizaciones la oportunidad de identificar fallos de dise\u00f1o, debilidades e ineficiencias en sus aplicaciones de software. Al analizar la arquitectura y el dise\u00f1o de una aplicaci\u00f3n, incluidos sus componentes, m\u00f3dulos e interacciones, las organizaciones pueden descubrir posibles vulnerabilidades de seguridad, cuellos de botella en el rendimiento, problemas de escalabilidad y otras cuestiones relacionadas con el dise\u00f1o. Este enfoque proactivo permite a las organizaciones abordar las deficiencias arquitect\u00f3nicas en una fase temprana del proceso de desarrollo, lo que reduce el riesgo de costosas modificaciones y mejora la calidad y la solidez generales de sus aplicaciones.<\/p>    <\/div>\n<\/div>\n<!-- \/module text -->        <\/div>\n                        <\/div>\n        <\/div>\n        <\/div>\n<!--\/themify_builder_content-->","protected":false},"excerpt":{"rendered":"<p>Seguridad de las aplicaciones La seguridad de las aplicaciones garantiza que sus aplicaciones de software est\u00e9n protegidas contra amenazas cibern\u00e9ticas y vulnerabilidades a lo largo de todo su ciclo de vida. SOLICITE UNA COTIZACI\u00d3N Descubra vulnerabilidades, refuerce las defensas de las aplicaciones y garantice un desarrollo seguro con estos servicios especializados. Pruebas din\u00e1micas de seguridad [&hellip;]<\/p>\n","protected":false},"author":1,"featured_media":0,"parent":0,"menu_order":0,"comment_status":"closed","ping_status":"closed","template":"","meta":{"_monsterinsights_skip_tracking":false,"_monsterinsights_sitenote_active":false,"_monsterinsights_sitenote_note":"","_monsterinsights_sitenote_category":0,"footnotes":""},"class_list":["post-2540","page","type-page","status-publish","hentry","has-post-title","has-post-date","has-post-category","has-post-tag","has-post-comment","has-post-author",""],"yoast_head":"<!-- This site is optimized with the Yoast SEO plugin v27.5 - https:\/\/yoast.com\/product\/yoast-seo-wordpress\/ -->\n<title>Seguridad de las aplicaciones - Orenda Security<\/title>\n<meta name=\"robots\" content=\"index, follow, max-snippet:-1, max-image-preview:large, max-video-preview:-1\" \/>\n<link rel=\"canonical\" href=\"https:\/\/orendasecurity.com\/es\/seguridad-aplicaciones\/\" \/>\n<meta property=\"og:locale\" content=\"es_ES\" \/>\n<meta property=\"og:type\" content=\"article\" \/>\n<meta property=\"og:title\" content=\"Seguridad de las aplicaciones - Orenda Security\" \/>\n<meta property=\"og:description\" content=\"Seguridad de las aplicaciones La seguridad de las aplicaciones garantiza que sus aplicaciones de software est\u00e9n protegidas contra amenazas cibern\u00e9ticas y vulnerabilidades a lo largo de todo su ciclo de vida. SOLICITE UNA COTIZACI\u00d3N Descubra vulnerabilidades, refuerce las defensas de las aplicaciones y garantice un desarrollo seguro con estos servicios especializados. Pruebas din\u00e1micas de seguridad [&hellip;]\" \/>\n<meta property=\"og:url\" content=\"https:\/\/orendasecurity.com\/es\/seguridad-aplicaciones\/\" \/>\n<meta property=\"og:site_name\" content=\"Orenda Security\" \/>\n<meta property=\"article:modified_time\" content=\"2025-10-17T14:24:04+00:00\" \/>\n<meta name=\"twitter:card\" content=\"summary_large_image\" \/>\n<meta name=\"twitter:label1\" content=\"Tiempo de lectura\" \/>\n\t<meta name=\"twitter:data1\" content=\"3 minutos\" \/>\n<script type=\"application\/ld+json\" class=\"yoast-schema-graph\">{\"@context\":\"https:\\\/\\\/schema.org\",\"@graph\":[{\"@type\":\"WebPage\",\"@id\":\"https:\\\/\\\/orendasecurity.com\\\/es\\\/seguridad-aplicaciones\\\/\",\"url\":\"https:\\\/\\\/orendasecurity.com\\\/es\\\/seguridad-aplicaciones\\\/\",\"name\":\"Seguridad de las aplicaciones - Orenda Security\",\"isPartOf\":{\"@id\":\"https:\\\/\\\/orendasecurity.com\\\/#website\"},\"datePublished\":\"2025-09-19T17:43:33+00:00\",\"dateModified\":\"2025-10-17T14:24:04+00:00\",\"breadcrumb\":{\"@id\":\"https:\\\/\\\/orendasecurity.com\\\/es\\\/seguridad-aplicaciones\\\/#breadcrumb\"},\"inLanguage\":\"es\",\"potentialAction\":[{\"@type\":\"ReadAction\",\"target\":[\"https:\\\/\\\/orendasecurity.com\\\/es\\\/seguridad-aplicaciones\\\/\"]}]},{\"@type\":\"BreadcrumbList\",\"@id\":\"https:\\\/\\\/orendasecurity.com\\\/es\\\/seguridad-aplicaciones\\\/#breadcrumb\",\"itemListElement\":[{\"@type\":\"ListItem\",\"position\":1,\"name\":\"Home\",\"item\":\"https:\\\/\\\/orendasecurity.com\\\/es\\\/\"},{\"@type\":\"ListItem\",\"position\":2,\"name\":\"Seguridad de las aplicaciones\"}]},{\"@type\":\"WebSite\",\"@id\":\"https:\\\/\\\/orendasecurity.com\\\/#website\",\"url\":\"https:\\\/\\\/orendasecurity.com\\\/\",\"name\":\"Orenda Security\",\"description\":\"\",\"publisher\":{\"@id\":\"https:\\\/\\\/orendasecurity.com\\\/#organization\"},\"potentialAction\":[{\"@type\":\"SearchAction\",\"target\":{\"@type\":\"EntryPoint\",\"urlTemplate\":\"https:\\\/\\\/orendasecurity.com\\\/?s={search_term_string}\"},\"query-input\":{\"@type\":\"PropertyValueSpecification\",\"valueRequired\":true,\"valueName\":\"search_term_string\"}}],\"inLanguage\":\"es\"},{\"@type\":\"Organization\",\"@id\":\"https:\\\/\\\/orendasecurity.com\\\/#organization\",\"name\":\"Orenda Security\",\"url\":\"https:\\\/\\\/orendasecurity.com\\\/\",\"logo\":{\"@type\":\"ImageObject\",\"inLanguage\":\"es\",\"@id\":\"https:\\\/\\\/orendasecurity.com\\\/#\\\/schema\\\/logo\\\/image\\\/\",\"url\":\"https:\\\/\\\/orendasecurity.com\\\/wp-content\\\/uploads\\\/2019\\\/08\\\/OrendaSecurity__Logo.png\",\"contentUrl\":\"https:\\\/\\\/orendasecurity.com\\\/wp-content\\\/uploads\\\/2019\\\/08\\\/OrendaSecurity__Logo.png\",\"width\":432,\"height\":173,\"caption\":\"Orenda Security\"},\"image\":{\"@id\":\"https:\\\/\\\/orendasecurity.com\\\/#\\\/schema\\\/logo\\\/image\\\/\"}}]}<\/script>\n<!-- \/ Yoast SEO plugin. -->","yoast_head_json":{"title":"Seguridad de las aplicaciones - Orenda Security","robots":{"index":"index","follow":"follow","max-snippet":"max-snippet:-1","max-image-preview":"max-image-preview:large","max-video-preview":"max-video-preview:-1"},"canonical":"https:\/\/orendasecurity.com\/es\/seguridad-aplicaciones\/","og_locale":"es_ES","og_type":"article","og_title":"Seguridad de las aplicaciones - Orenda Security","og_description":"Seguridad de las aplicaciones La seguridad de las aplicaciones garantiza que sus aplicaciones de software est\u00e9n protegidas contra amenazas cibern\u00e9ticas y vulnerabilidades a lo largo de todo su ciclo de vida. SOLICITE UNA COTIZACI\u00d3N Descubra vulnerabilidades, refuerce las defensas de las aplicaciones y garantice un desarrollo seguro con estos servicios especializados. Pruebas din\u00e1micas de seguridad [&hellip;]","og_url":"https:\/\/orendasecurity.com\/es\/seguridad-aplicaciones\/","og_site_name":"Orenda Security","article_modified_time":"2025-10-17T14:24:04+00:00","twitter_card":"summary_large_image","twitter_misc":{"Tiempo de lectura":"3 minutos"},"schema":{"@context":"https:\/\/schema.org","@graph":[{"@type":"WebPage","@id":"https:\/\/orendasecurity.com\/es\/seguridad-aplicaciones\/","url":"https:\/\/orendasecurity.com\/es\/seguridad-aplicaciones\/","name":"Seguridad de las aplicaciones - Orenda Security","isPartOf":{"@id":"https:\/\/orendasecurity.com\/#website"},"datePublished":"2025-09-19T17:43:33+00:00","dateModified":"2025-10-17T14:24:04+00:00","breadcrumb":{"@id":"https:\/\/orendasecurity.com\/es\/seguridad-aplicaciones\/#breadcrumb"},"inLanguage":"es","potentialAction":[{"@type":"ReadAction","target":["https:\/\/orendasecurity.com\/es\/seguridad-aplicaciones\/"]}]},{"@type":"BreadcrumbList","@id":"https:\/\/orendasecurity.com\/es\/seguridad-aplicaciones\/#breadcrumb","itemListElement":[{"@type":"ListItem","position":1,"name":"Home","item":"https:\/\/orendasecurity.com\/es\/"},{"@type":"ListItem","position":2,"name":"Seguridad de las aplicaciones"}]},{"@type":"WebSite","@id":"https:\/\/orendasecurity.com\/#website","url":"https:\/\/orendasecurity.com\/","name":"Orenda Security","description":"","publisher":{"@id":"https:\/\/orendasecurity.com\/#organization"},"potentialAction":[{"@type":"SearchAction","target":{"@type":"EntryPoint","urlTemplate":"https:\/\/orendasecurity.com\/?s={search_term_string}"},"query-input":{"@type":"PropertyValueSpecification","valueRequired":true,"valueName":"search_term_string"}}],"inLanguage":"es"},{"@type":"Organization","@id":"https:\/\/orendasecurity.com\/#organization","name":"Orenda Security","url":"https:\/\/orendasecurity.com\/","logo":{"@type":"ImageObject","inLanguage":"es","@id":"https:\/\/orendasecurity.com\/#\/schema\/logo\/image\/","url":"https:\/\/orendasecurity.com\/wp-content\/uploads\/2019\/08\/OrendaSecurity__Logo.png","contentUrl":"https:\/\/orendasecurity.com\/wp-content\/uploads\/2019\/08\/OrendaSecurity__Logo.png","width":432,"height":173,"caption":"Orenda Security"},"image":{"@id":"https:\/\/orendasecurity.com\/#\/schema\/logo\/image\/"}}]}},"_links":{"self":[{"href":"https:\/\/orendasecurity.com\/es\/wp-json\/wp\/v2\/pages\/2540","targetHints":{"allow":["GET"]}}],"collection":[{"href":"https:\/\/orendasecurity.com\/es\/wp-json\/wp\/v2\/pages"}],"about":[{"href":"https:\/\/orendasecurity.com\/es\/wp-json\/wp\/v2\/types\/page"}],"author":[{"embeddable":true,"href":"https:\/\/orendasecurity.com\/es\/wp-json\/wp\/v2\/users\/1"}],"replies":[{"embeddable":true,"href":"https:\/\/orendasecurity.com\/es\/wp-json\/wp\/v2\/comments?post=2540"}],"version-history":[{"count":0,"href":"https:\/\/orendasecurity.com\/es\/wp-json\/wp\/v2\/pages\/2540\/revisions"}],"wp:attachment":[{"href":"https:\/\/orendasecurity.com\/es\/wp-json\/wp\/v2\/media?parent=2540"}],"curies":[{"name":"wp","href":"https:\/\/api.w.org\/{rel}","templated":true}]}}