{"id":2551,"date":"2025-09-19T13:46:38","date_gmt":"2025-09-19T17:46:38","guid":{"rendered":"https:\/\/orendasecurity.com\/services\/cloud-security-copy\/"},"modified":"2025-10-24T11:18:27","modified_gmt":"2025-10-24T15:18:27","slug":"seguridad-nube","status":"publish","type":"page","link":"https:\/\/orendasecurity.com\/es\/seguridad-nube\/","title":{"rendered":"Seguridad en la nube"},"content":{"rendered":"<!--themify_builder_content-->\n<div id=\"themify_builder_content-2551\" data-postid=\"2551\" class=\"themify_builder_content themify_builder_content-2551 themify_builder tf_clear\">\n                    <div  data-lazy=\"1\" class=\"module_row themify_builder_row tb_dzyp633 tb_first tf_w\">\n            <span class=\"tb_row_frame_wrap tf_overflow tf_abs\" data-lazy=\"1\"><span class=\"tb_row_frame tb_row_frame_bottom  tf_abs tf_hide tf_overflow tf_w\"><\/span><\/span>            <div class=\"row_inner col_align_top tb_col_count_1 tf_box tf_rel\">\n                        <div  data-lazy=\"1\" class=\"module_column tb-column col-full tb_7zvx330 first\">\n                            <div  data-lazy=\"1\" class=\"module_subrow themify_builder_sub_row tf_w col_align_top tb_col_count_1 tb_ksj9707\">\n                <div  data-lazy=\"1\" class=\"module_column sub_column col-full tb_7jt3010 first\">\n                    <!-- module text -->\n<div  class=\"module module-text tb_clc4020   \" data-lazy=\"1\">\n        <div  class=\"tb_text_wrap\">\n        <h1>Evaluaci\u00f3n de la seguridad en la nube<\/h1>    <\/div>\n<\/div>\n<!-- \/module text -->        <\/div>\n                    <\/div>\n                <div  data-lazy=\"1\" class=\"module_subrow themify_builder_sub_row tf_w col_align_top tb_col_count_1 tb_nbbc346\">\n                <div  data-lazy=\"1\" class=\"module_column sub_column col-full tb_ov8o740 first\">\n                    <!-- module text -->\n<div  class=\"module module-text tb_1j4r666   \" data-lazy=\"1\">\n        <div  class=\"tb_text_wrap\">\n        <p>Identificaci\u00f3n integral de riesgos: Cloud Security Posture Assessment proporciona a las organizaciones una visi\u00f3n hol\u00edstica de su postura de seguridad en la nube mediante la evaluaci\u00f3n de la configuraci\u00f3n, los controles de acceso y las pol\u00edticas de seguridad en todos los servicios y recursos en la nube. Al identificar posibles brechas de seguridad, configuraciones incorrectas y vulnerabilidades, las organizaciones pueden abordar de forma proactiva los riesgos y mejorar su postura de seguridad general en la nube.<\/p>    <\/div>\n<\/div>\n<!-- \/module text -->        <\/div>\n                    <\/div>\n                <div  data-lazy=\"1\" class=\"module_subrow themify_builder_sub_row tf_w col_align_top tb_col_count_2 tb_tcub848\">\n                <div  data-lazy=\"1\" class=\"module_column sub_column col4-2 tb_wweu848 first\">\n                    <!-- module buttons -->\n<div  class=\"module module-buttons tb_xl8q848 buttons-horizontal solid   circle\" data-lazy=\"1\">\n        <div class=\"module-buttons-item tf_in_flx\">\n                        <a href=\"\/es\/solicite-una-cuota\/\" class=\"ui builder_button tf_in_flx tb_default_color\" target=\"_blank\" rel=\"noopener\">\n                                                SOLICITE UNA COTIZACI\u00d3N                                        <\/a>\n                <\/div>\n            <\/div>\n<!-- \/module buttons -->\n        <\/div>\n                    <div  data-lazy=\"1\" class=\"module_column sub_column col4-2 tb_gyz0848 last\">\n                            <\/div>\n                    <\/div>\n                <\/div>\n                        <\/div>\n        <\/div>\n                        <div  data-anchor=\"identidad-nube\" data-lazy=\"1\" class=\"module_row themify_builder_row tb_has_section tb_section-identidad-nube tb_7b67360 tf_w\">\n                        <div class=\"row_inner col_align_top tb_col_count_1 tf_box tf_rel\">\n                        <div  data-lazy=\"1\" class=\"module_column tb-column col-full tb_cva6066 first\">\n                    <!-- module fancy heading -->\n<div  class=\"module module-fancy-heading tb_hzrx366 \" data-lazy=\"1\">\n        <h1 class=\"fancy-heading\">\n    <span class=\"main-head tf_block\">\n                                <\/span>\n\n    \n    <span class=\"sub-head tf_block tf_rel\">\n                    Explore servicios personalizados dise\u00f1ados para identificar vulnerabilidades, fortalecer las defensas de la nube y garantizar un entorno de nube seguro y resistente.            <\/span>\n    <\/h1>\n<\/div>\n<!-- \/module fancy heading -->\n<!-- module text -->\n<div  class=\"module module-text tb_02jk007   \" data-lazy=\"1\">\n        <div  class=\"tb_text_wrap\">\n        <h2>Evaluaci\u00f3n de la identidad en la nube<\/h2>    <\/div>\n<\/div>\n<!-- \/module text --><!-- module text -->\n<div  class=\"module module-text tb_9u75676   \" data-lazy=\"1\">\n        <div  class=\"tb_text_wrap\">\n        <p>Seguridad mejorada: la evaluaci\u00f3n de la identidad en la nube ayuda a las organizaciones a garantizar la seguridad de sus sistemas de gesti\u00f3n de identidades y accesos (IAM) basados en la nube. Al evaluar la configuraci\u00f3n, los permisos y los controles de acceso dentro de las plataformas de identidad en la nube, las organizaciones pueden identificar posibles brechas de seguridad y vulnerabilidades. Este enfoque proactivo permite a las organizaciones reforzar su postura de seguridad en la nube, mitigar el riesgo de accesos no autorizados y proteger los datos confidenciales almacenados en la nube.<\/p>    <\/div>\n<\/div>\n<!-- \/module text -->        <\/div>\n                        <\/div>\n        <\/div>\n                        <div  data-anchor=\"configuracion-nube\" data-lazy=\"1\" class=\"module_row themify_builder_row tb_has_section tb_section-configuracion-nube tb_ifo5707 tf_w\">\n                        <div class=\"row_inner col_align_top tb_col_count_1 tf_box tf_rel\">\n                        <div  data-lazy=\"1\" class=\"module_column tb-column col-full tb_zi4r366 first\">\n                    <!-- module text -->\n<div  class=\"module module-text tb_ecjy057   \" data-lazy=\"1\">\n        <div  class=\"tb_text_wrap\">\n        <h2>Evaluaci\u00f3n de la configuraci\u00f3n en la nube<\/h2>    <\/div>\n<\/div>\n<!-- \/module text --><!-- module text -->\n<div  class=\"module module-text tb_xfrg066   \" data-lazy=\"1\">\n        <div  class=\"tb_text_wrap\">\n        <p>Mejora de la seguridad: la evaluaci\u00f3n de la configuraci\u00f3n en la nube ayuda a las organizaciones a reforzar la seguridad de su infraestructura en la nube mediante la evaluaci\u00f3n de los ajustes de configuraci\u00f3n de los servicios y recursos en la nube. Al identificar configuraciones incorrectas, controles de acceso demasiado permisivos y otras debilidades de seguridad, las organizaciones pueden abordar de forma proactiva las vulnerabilidades y reducir el riesgo de accesos no autorizados, violaciones de datos y otros incidentes de seguridad. Este enfoque proactivo mejora la postura de seguridad en la nube, mitiga los riesgos y protege los datos confidenciales almacenados en la nube.<\/p>    <\/div>\n<\/div>\n<!-- \/module text -->        <\/div>\n                        <\/div>\n        <\/div>\n                        <div  data-anchor=\"seguridad-nube\" data-lazy=\"1\" class=\"module_row themify_builder_row tb_has_section tb_section-seguridad-nube tb_vqg3676 tf_w\">\n                        <div class=\"row_inner col_align_top tb_col_count_1 tf_box tf_rel\">\n                        <div  data-lazy=\"1\" class=\"module_column tb-column col-full tb_4vhv666 first\">\n                    <!-- module text -->\n<div  class=\"module module-text tb_14c2309   \" data-lazy=\"1\">\n        <div  class=\"tb_text_wrap\">\n        <h2>Evaluaci\u00f3n de la arquitectura de seguridad en la nube<\/h2>    <\/div>\n<\/div>\n<!-- \/module text --><!-- module text -->\n<div  class=\"module module-text tb_g0ko603   \" data-lazy=\"1\">\n        <div  class=\"tb_text_wrap\">\n        <p>Una evaluaci\u00f3n de la arquitectura de seguridad en la nube proporciona una valoraci\u00f3n exhaustiva de la infraestructura en la nube de una organizaci\u00f3n, identificando posibles vulnerabilidades y garantizando la alineaci\u00f3n con las mejores pr\u00e1cticas de seguridad. Ayuda a detectar configuraciones incorrectas, riesgos de fuga de datos y lagunas en los controles de acceso, lo que evita el acceso no autorizado y posibles infracciones. Esta evaluaci\u00f3n tambi\u00e9n garantiza el cumplimiento de las normas reglamentarias, optimiza la seguridad del almacenamiento de datos y mejora la gesti\u00f3n de identidades y accesos. En \u00faltima instancia, fortalece el entorno en la nube de la organizaci\u00f3n, reduciendo el riesgo de amenazas cibern\u00e9ticas y fomentando una infraestructura en la nube segura, escalable y resistente.<\/p>    <\/div>\n<\/div>\n<!-- \/module text -->        <\/div>\n                        <\/div>\n        <\/div>\n                        <div  data-anchor=\"seguridad-contenedores-Kubernetes\" data-lazy=\"1\" class=\"module_row themify_builder_row tb_has_section tb_section-seguridad-contenedores-Kubernetes tb_litm307 tf_w\">\n                        <div class=\"row_inner col_align_top tb_col_count_1 tf_box tf_rel\">\n                        <div  data-lazy=\"1\" class=\"module_column tb-column col-full tb_6rgf306 first\">\n                    <!-- module text -->\n<div  class=\"module module-text tb_xjft066   \" data-lazy=\"1\">\n        <div  class=\"tb_text_wrap\">\n        <h2>Pruebas de seguridad de contenedores y Kubernetes<\/h2>    <\/div>\n<\/div>\n<!-- \/module text --><!-- module text -->\n<div  class=\"module module-text tb_2a24077   \" data-lazy=\"1\">\n        <div  class=\"tb_text_wrap\">\n        <p>Identificaci\u00f3n de vulnerabilidades: Las pruebas de seguridad de contenedores y Kubernetes ayudan a las organizaciones a identificar vulnerabilidades y configuraciones incorrectas en sus entornos contenedorizados. Mediante la realizaci\u00f3n de evaluaciones de seguridad, como an\u00e1lisis de vulnerabilidades y penetration testing, las organizaciones pueden descubrir posibles riesgos de seguridad, como im\u00e1genes de contenedores inseguras, API expuestas y pol\u00edticas de seguridad mal configuradas. Este enfoque proactivo permite a las organizaciones abordar las vulnerabilidades antes de que puedan ser explotadas por los atacantes, mejorando la postura de seguridad general de sus aplicaciones en contenedores y cl\u00fasteres de Kubernetes.<\/p>    <\/div>\n<\/div>\n<!-- \/module text -->        <\/div>\n                        <\/div>\n        <\/div>\n        <\/div>\n<!--\/themify_builder_content-->","protected":false},"excerpt":{"rendered":"<p>Evaluaci\u00f3n de la seguridad en la nube Identificaci\u00f3n integral de riesgos: Cloud Security Posture Assessment proporciona a las organizaciones una visi\u00f3n hol\u00edstica de su postura de seguridad en la nube mediante la evaluaci\u00f3n de la configuraci\u00f3n, los controles de acceso y las pol\u00edticas de seguridad en todos los servicios y recursos en la nube. Al [&hellip;]<\/p>\n","protected":false},"author":1,"featured_media":0,"parent":0,"menu_order":0,"comment_status":"closed","ping_status":"closed","template":"","meta":{"_monsterinsights_skip_tracking":false,"_monsterinsights_sitenote_active":false,"_monsterinsights_sitenote_note":"","_monsterinsights_sitenote_category":0,"footnotes":""},"class_list":["post-2551","page","type-page","status-publish","hentry","has-post-title","has-post-date","has-post-category","has-post-tag","has-post-comment","has-post-author",""],"yoast_head":"<!-- This site is optimized with the Yoast SEO plugin v27.5 - https:\/\/yoast.com\/product\/yoast-seo-wordpress\/ -->\n<title>Seguridad en la nube - Orenda Security<\/title>\n<meta name=\"robots\" content=\"index, follow, max-snippet:-1, max-image-preview:large, max-video-preview:-1\" \/>\n<link rel=\"canonical\" href=\"https:\/\/orendasecurity.com\/es\/seguridad-nube\/\" \/>\n<meta property=\"og:locale\" content=\"es_ES\" \/>\n<meta property=\"og:type\" content=\"article\" \/>\n<meta property=\"og:title\" content=\"Seguridad en la nube - Orenda Security\" \/>\n<meta property=\"og:description\" content=\"Evaluaci\u00f3n de la seguridad en la nube Identificaci\u00f3n integral de riesgos: Cloud Security Posture Assessment proporciona a las organizaciones una visi\u00f3n hol\u00edstica de su postura de seguridad en la nube mediante la evaluaci\u00f3n de la configuraci\u00f3n, los controles de acceso y las pol\u00edticas de seguridad en todos los servicios y recursos en la nube. Al [&hellip;]\" \/>\n<meta property=\"og:url\" content=\"https:\/\/orendasecurity.com\/es\/seguridad-nube\/\" \/>\n<meta property=\"og:site_name\" content=\"Orenda Security\" \/>\n<meta property=\"article:modified_time\" content=\"2025-10-24T15:18:27+00:00\" \/>\n<meta name=\"twitter:card\" content=\"summary_large_image\" \/>\n<meta name=\"twitter:label1\" content=\"Tiempo de lectura\" \/>\n\t<meta name=\"twitter:data1\" content=\"2 minutos\" \/>\n<script type=\"application\/ld+json\" class=\"yoast-schema-graph\">{\"@context\":\"https:\\\/\\\/schema.org\",\"@graph\":[{\"@type\":\"WebPage\",\"@id\":\"https:\\\/\\\/orendasecurity.com\\\/es\\\/seguridad-nube\\\/\",\"url\":\"https:\\\/\\\/orendasecurity.com\\\/es\\\/seguridad-nube\\\/\",\"name\":\"Seguridad en la nube - Orenda Security\",\"isPartOf\":{\"@id\":\"https:\\\/\\\/orendasecurity.com\\\/#website\"},\"datePublished\":\"2025-09-19T17:46:38+00:00\",\"dateModified\":\"2025-10-24T15:18:27+00:00\",\"breadcrumb\":{\"@id\":\"https:\\\/\\\/orendasecurity.com\\\/es\\\/seguridad-nube\\\/#breadcrumb\"},\"inLanguage\":\"es\",\"potentialAction\":[{\"@type\":\"ReadAction\",\"target\":[\"https:\\\/\\\/orendasecurity.com\\\/es\\\/seguridad-nube\\\/\"]}]},{\"@type\":\"BreadcrumbList\",\"@id\":\"https:\\\/\\\/orendasecurity.com\\\/es\\\/seguridad-nube\\\/#breadcrumb\",\"itemListElement\":[{\"@type\":\"ListItem\",\"position\":1,\"name\":\"Home\",\"item\":\"https:\\\/\\\/orendasecurity.com\\\/es\\\/\"},{\"@type\":\"ListItem\",\"position\":2,\"name\":\"Seguridad en la nube\"}]},{\"@type\":\"WebSite\",\"@id\":\"https:\\\/\\\/orendasecurity.com\\\/#website\",\"url\":\"https:\\\/\\\/orendasecurity.com\\\/\",\"name\":\"Orenda Security\",\"description\":\"\",\"publisher\":{\"@id\":\"https:\\\/\\\/orendasecurity.com\\\/#organization\"},\"potentialAction\":[{\"@type\":\"SearchAction\",\"target\":{\"@type\":\"EntryPoint\",\"urlTemplate\":\"https:\\\/\\\/orendasecurity.com\\\/?s={search_term_string}\"},\"query-input\":{\"@type\":\"PropertyValueSpecification\",\"valueRequired\":true,\"valueName\":\"search_term_string\"}}],\"inLanguage\":\"es\"},{\"@type\":\"Organization\",\"@id\":\"https:\\\/\\\/orendasecurity.com\\\/#organization\",\"name\":\"Orenda Security\",\"url\":\"https:\\\/\\\/orendasecurity.com\\\/\",\"logo\":{\"@type\":\"ImageObject\",\"inLanguage\":\"es\",\"@id\":\"https:\\\/\\\/orendasecurity.com\\\/#\\\/schema\\\/logo\\\/image\\\/\",\"url\":\"https:\\\/\\\/orendasecurity.com\\\/wp-content\\\/uploads\\\/2019\\\/08\\\/OrendaSecurity__Logo.png\",\"contentUrl\":\"https:\\\/\\\/orendasecurity.com\\\/wp-content\\\/uploads\\\/2019\\\/08\\\/OrendaSecurity__Logo.png\",\"width\":432,\"height\":173,\"caption\":\"Orenda Security\"},\"image\":{\"@id\":\"https:\\\/\\\/orendasecurity.com\\\/#\\\/schema\\\/logo\\\/image\\\/\"}}]}<\/script>\n<!-- \/ Yoast SEO plugin. -->","yoast_head_json":{"title":"Seguridad en la nube - Orenda Security","robots":{"index":"index","follow":"follow","max-snippet":"max-snippet:-1","max-image-preview":"max-image-preview:large","max-video-preview":"max-video-preview:-1"},"canonical":"https:\/\/orendasecurity.com\/es\/seguridad-nube\/","og_locale":"es_ES","og_type":"article","og_title":"Seguridad en la nube - Orenda Security","og_description":"Evaluaci\u00f3n de la seguridad en la nube Identificaci\u00f3n integral de riesgos: Cloud Security Posture Assessment proporciona a las organizaciones una visi\u00f3n hol\u00edstica de su postura de seguridad en la nube mediante la evaluaci\u00f3n de la configuraci\u00f3n, los controles de acceso y las pol\u00edticas de seguridad en todos los servicios y recursos en la nube. Al [&hellip;]","og_url":"https:\/\/orendasecurity.com\/es\/seguridad-nube\/","og_site_name":"Orenda Security","article_modified_time":"2025-10-24T15:18:27+00:00","twitter_card":"summary_large_image","twitter_misc":{"Tiempo de lectura":"2 minutos"},"schema":{"@context":"https:\/\/schema.org","@graph":[{"@type":"WebPage","@id":"https:\/\/orendasecurity.com\/es\/seguridad-nube\/","url":"https:\/\/orendasecurity.com\/es\/seguridad-nube\/","name":"Seguridad en la nube - Orenda Security","isPartOf":{"@id":"https:\/\/orendasecurity.com\/#website"},"datePublished":"2025-09-19T17:46:38+00:00","dateModified":"2025-10-24T15:18:27+00:00","breadcrumb":{"@id":"https:\/\/orendasecurity.com\/es\/seguridad-nube\/#breadcrumb"},"inLanguage":"es","potentialAction":[{"@type":"ReadAction","target":["https:\/\/orendasecurity.com\/es\/seguridad-nube\/"]}]},{"@type":"BreadcrumbList","@id":"https:\/\/orendasecurity.com\/es\/seguridad-nube\/#breadcrumb","itemListElement":[{"@type":"ListItem","position":1,"name":"Home","item":"https:\/\/orendasecurity.com\/es\/"},{"@type":"ListItem","position":2,"name":"Seguridad en la nube"}]},{"@type":"WebSite","@id":"https:\/\/orendasecurity.com\/#website","url":"https:\/\/orendasecurity.com\/","name":"Orenda Security","description":"","publisher":{"@id":"https:\/\/orendasecurity.com\/#organization"},"potentialAction":[{"@type":"SearchAction","target":{"@type":"EntryPoint","urlTemplate":"https:\/\/orendasecurity.com\/?s={search_term_string}"},"query-input":{"@type":"PropertyValueSpecification","valueRequired":true,"valueName":"search_term_string"}}],"inLanguage":"es"},{"@type":"Organization","@id":"https:\/\/orendasecurity.com\/#organization","name":"Orenda Security","url":"https:\/\/orendasecurity.com\/","logo":{"@type":"ImageObject","inLanguage":"es","@id":"https:\/\/orendasecurity.com\/#\/schema\/logo\/image\/","url":"https:\/\/orendasecurity.com\/wp-content\/uploads\/2019\/08\/OrendaSecurity__Logo.png","contentUrl":"https:\/\/orendasecurity.com\/wp-content\/uploads\/2019\/08\/OrendaSecurity__Logo.png","width":432,"height":173,"caption":"Orenda Security"},"image":{"@id":"https:\/\/orendasecurity.com\/#\/schema\/logo\/image\/"}}]}},"_links":{"self":[{"href":"https:\/\/orendasecurity.com\/es\/wp-json\/wp\/v2\/pages\/2551","targetHints":{"allow":["GET"]}}],"collection":[{"href":"https:\/\/orendasecurity.com\/es\/wp-json\/wp\/v2\/pages"}],"about":[{"href":"https:\/\/orendasecurity.com\/es\/wp-json\/wp\/v2\/types\/page"}],"author":[{"embeddable":true,"href":"https:\/\/orendasecurity.com\/es\/wp-json\/wp\/v2\/users\/1"}],"replies":[{"embeddable":true,"href":"https:\/\/orendasecurity.com\/es\/wp-json\/wp\/v2\/comments?post=2551"}],"version-history":[{"count":0,"href":"https:\/\/orendasecurity.com\/es\/wp-json\/wp\/v2\/pages\/2551\/revisions"}],"wp:attachment":[{"href":"https:\/\/orendasecurity.com\/es\/wp-json\/wp\/v2\/media?parent=2551"}],"curies":[{"name":"wp","href":"https:\/\/api.w.org\/{rel}","templated":true}]}}