{"id":2555,"date":"2025-09-19T13:48:45","date_gmt":"2025-09-19T17:48:45","guid":{"rendered":"https:\/\/orendasecurity.com\/services\/offensive-security-copy\/"},"modified":"2025-10-31T11:01:21","modified_gmt":"2025-10-31T15:01:21","slug":"seguridad-ofensiva","status":"publish","type":"page","link":"https:\/\/orendasecurity.com\/es\/seguridad-ofensiva\/","title":{"rendered":"Seguridad ofensiva"},"content":{"rendered":"<!--themify_builder_content-->\n<div id=\"themify_builder_content-2555\" data-postid=\"2555\" class=\"themify_builder_content themify_builder_content-2555 themify_builder tf_clear\">\n                    <div  data-lazy=\"1\" class=\"module_row themify_builder_row tb_ksjb620 tb_first tf_w\">\n            <span class=\"tb_row_frame_wrap tf_overflow tf_abs\" data-lazy=\"1\"><span class=\"tb_row_frame tb_row_frame_bottom  tf_abs tf_hide tf_overflow tf_w\"><\/span><\/span>            <div class=\"row_inner col_align_top tb_col_count_1 tf_box tf_rel\">\n                        <div  data-lazy=\"1\" class=\"module_column tb-column col-full tb_st7x717 first\">\n                            <div  data-lazy=\"1\" class=\"module_subrow themify_builder_sub_row tf_w col_align_top tb_col_count_1 tb_3o24969\">\n                <div  data-lazy=\"1\" class=\"module_column sub_column col-full tb_iji8901 first\">\n                    <!-- module text -->\n<div  class=\"module module-text tb_u4sf221   \" data-lazy=\"1\">\n        <div  class=\"tb_text_wrap\">\n        <h1>Seguridad ofensiva<\/h1>    <\/div>\n<\/div>\n<!-- \/module text -->        <\/div>\n                    <\/div>\n                <div  data-lazy=\"1\" class=\"module_subrow themify_builder_sub_row tf_w col_align_top tb_col_count_1 tb_7n8m927\">\n                <div  data-lazy=\"1\" class=\"module_column sub_column col-full tb_vbnx600 first\">\n                    <!-- module text -->\n<div  class=\"module module-text tb_8wtk600   \" data-lazy=\"1\">\n        <div  class=\"tb_text_wrap\">\n        <p>Descubra las debilidades antes que los atacantes mediante pruebas activas de sus defensas. La seguridad ofensiva utiliza t\u00e9cnicas del mundo real para exponer las brechas, mejorar la resiliencia y reforzar su postura general en materia de ciberseguridad.<\/p>    <\/div>\n<\/div>\n<!-- \/module text -->        <\/div>\n                    <\/div>\n                <div  data-lazy=\"1\" class=\"module_subrow themify_builder_sub_row tf_w col_align_top tb_col_count_2 tb_xrki129\">\n                <div  data-lazy=\"1\" class=\"module_column sub_column col4-2 tb_j7nb170 first\">\n                    <!-- module buttons -->\n<div  class=\"module module-buttons tb_vmh2207 buttons-horizontal solid   circle\" data-lazy=\"1\">\n        <div class=\"module-buttons-item tf_in_flx\">\n                        <a href=\"\/es\/solicite-una-cuota\/\" class=\"ui builder_button tf_in_flx tb_default_color\" target=\"_blank\" rel=\"noopener\">\n                                                SOLICITE UNA COTIZACI\u00d3N                                        <\/a>\n                <\/div>\n            <\/div>\n<!-- \/module buttons -->\n        <\/div>\n                    <div  data-lazy=\"1\" class=\"module_column sub_column col4-2 tb_to8m070 last\">\n                            <\/div>\n                    <\/div>\n                <\/div>\n                        <\/div>\n        <\/div>\n                        <div  data-lazy=\"1\" class=\"module_row themify_builder_row tb_6n5w040 tf_w\">\n                        <div class=\"row_inner col_align_top tb_col_count_1 tf_box tf_rel\">\n                        <div  data-lazy=\"1\" class=\"module_column tb-column col-full tb_rb8s770 first\">\n                    <!-- module fancy heading -->\n<div  class=\"module module-fancy-heading tb_c3yo172 \" data-lazy=\"1\">\n        <h1 class=\"fancy-heading\">\n    <span class=\"main-head tf_block\">\n                                <\/span>\n\n    \n    <span class=\"sub-head tf_block tf_rel\">\n                    Descubra servicios de seguridad ofensiva personalizados, dise\u00f1ados para identificar riesgos y fortalecer sus defensas.            <\/span>\n    <\/h1>\n<\/div>\n<!-- \/module fancy heading -->\n<!-- module text -->\n<div  class=\"module module-text tb_v1am708   \" data-lazy=\"1\">\n        <div  class=\"tb_text_wrap\">\n        <h2>Red Team \/ Pruebas de simulaci\u00f3n adversaria<\/h2>    <\/div>\n<\/div>\n<!-- \/module text --><!-- module text -->\n<div  class=\"module module-text tb_fnfq777   \" data-lazy=\"1\">\n        <div  class=\"tb_text_wrap\">\n        <p>El Red Team y las Pruebas de Simulaci\u00f3n Adversaria emulan ciberataques reales para evaluar las capacidades de detecci\u00f3n, respuesta y defensa de una organizaci\u00f3n. A diferencia de las penetration testing tradicionales, los ejercicios del Red Team imitan a los actores de amenazas avanzadas que utilizan t\u00e1cticas sigilosas y en varias etapas para lograr objetivos espec\u00edficos, como la filtraci\u00f3n de datos o el compromiso del sistema. Estos ataques controlados prueban no solo las vulnerabilidades t\u00e9cnicas, sino tambi\u00e9n las debilidades humanas y procedimentales de toda la organizaci\u00f3n. Al simular escenarios de alto impacto, las intervenciones del Red Team proporcionan informaci\u00f3n \u00fatil para reforzar la postura de seguridad, mejorar la respuesta ante incidentes y validar la eficacia de los controles de seguridad en condiciones reales.<\/p>    <\/div>\n<\/div>\n<!-- \/module text --><!-- module buttons -->\n<div  class=\"module module-buttons tb_1ugy101 buttons-horizontal solid   circle\" data-lazy=\"1\">\n        <div class=\"module-buttons-item tf_in_flx\">\n                        <a href=\"\/es\/red-team-pruebas-simulacion-adversaria\/\" class=\"ui builder_button tf_in_flx tb_default_color\" target=\"_blank\" rel=\"noopener\">\n                                                M\u00c1S INFORMACI\u00d3N                                        <\/a>\n                <\/div>\n            <\/div>\n<!-- \/module buttons -->\n        <\/div>\n                        <\/div>\n        <\/div>\n                        <div  data-lazy=\"1\" class=\"module_row themify_builder_row tb_fkdb717 tf_w\">\n                        <div class=\"row_inner col_align_top tb_col_count_1 tf_box tf_rel\">\n                        <div  data-lazy=\"1\" class=\"module_column tb-column col-full tb_elmc001 first\">\n                    <!-- module text -->\n<div  class=\"module module-text tb_75in014   \" data-lazy=\"1\">\n        <div  class=\"tb_text_wrap\">\n        <h2>Penetration testing de IA generativa, aprendizaje automatico y modelos de lenguaje grandes (LLM)<\/h2>    <\/div>\n<\/div>\n<!-- \/module text --><!-- module text -->\n<div  class=\"module module-text tb_yzc4151   \" data-lazy=\"1\">\n        <div  class=\"tb_text_wrap\">\n        <p>Las penetration testing para la IA generativa, el aprendizaje autom\u00e1tico y los modelos de lenguaje grandes (LLM) revelan vulnerabilidades exclusivas de los sistemas impulsados por IA, como el envenenamiento de modelos, la inyecci\u00f3n de comandos, la fuga de datos y las entradas adversas. Estas pruebas simulan ataques reales dirigidos a los procesos de IA, los datos de entrenamiento, los resultados de los modelos y las API para evaluar la solidez del sistema e identificar fallos explotables. Al evaluar la seguridad en todas las etapas del ciclo de vida del modelo, desde la recopilaci\u00f3n de datos hasta la implementaci\u00f3n, las penetration testing de IA\/ML ayudan a prevenir la manipulaci\u00f3n, el acceso no autorizado o el uso indebido de informaci\u00f3n confidencial. Este proceso mejora la confianza, la seguridad y el cumplimiento normativo de los sistemas inteligentes en entornos de alto riesgo.<\/p>    <\/div>\n<\/div>\n<!-- \/module text --><!-- module buttons -->\n<div  class=\"module module-buttons tb_16t1102 buttons-horizontal solid   circle\" data-lazy=\"1\">\n        <div class=\"module-buttons-item tf_in_flx\">\n                        <a href=\"\/es\/penetration-testing-ia\/\" class=\"ui builder_button tf_in_flx tb_default_color\" target=\"_blank\" rel=\"noopener\">\n                                                M\u00c1S INFORMACI\u00d3N                                        <\/a>\n                <\/div>\n            <\/div>\n<!-- \/module buttons -->\n        <\/div>\n                        <\/div>\n        <\/div>\n        <\/div>\n<!--\/themify_builder_content-->","protected":false},"excerpt":{"rendered":"<p>Seguridad ofensiva Descubra las debilidades antes que los atacantes mediante pruebas activas de sus defensas. La seguridad ofensiva utiliza t\u00e9cnicas del mundo real para exponer las brechas, mejorar la resiliencia y reforzar su postura general en materia de ciberseguridad. SOLICITE UNA COTIZACI\u00d3N Descubra servicios de seguridad ofensiva personalizados, dise\u00f1ados para identificar riesgos y fortalecer sus [&hellip;]<\/p>\n","protected":false},"author":1,"featured_media":0,"parent":0,"menu_order":0,"comment_status":"closed","ping_status":"closed","template":"","meta":{"_monsterinsights_skip_tracking":false,"_monsterinsights_sitenote_active":false,"_monsterinsights_sitenote_note":"","_monsterinsights_sitenote_category":0,"footnotes":""},"class_list":["post-2555","page","type-page","status-publish","hentry","has-post-title","has-post-date","has-post-category","has-post-tag","has-post-comment","has-post-author",""],"yoast_head":"<!-- This site is optimized with the Yoast SEO plugin v27.4 - https:\/\/yoast.com\/product\/yoast-seo-wordpress\/ -->\n<title>Seguridad ofensiva - Orenda Security<\/title>\n<meta name=\"robots\" content=\"index, follow, max-snippet:-1, max-image-preview:large, max-video-preview:-1\" \/>\n<link rel=\"canonical\" href=\"https:\/\/orendasecurity.com\/es\/seguridad-ofensiva\/\" \/>\n<meta property=\"og:locale\" content=\"es_ES\" \/>\n<meta property=\"og:type\" content=\"article\" \/>\n<meta property=\"og:title\" content=\"Seguridad ofensiva - Orenda Security\" \/>\n<meta property=\"og:description\" content=\"Seguridad ofensiva Descubra las debilidades antes que los atacantes mediante pruebas activas de sus defensas. La seguridad ofensiva utiliza t\u00e9cnicas del mundo real para exponer las brechas, mejorar la resiliencia y reforzar su postura general en materia de ciberseguridad. SOLICITE UNA COTIZACI\u00d3N Descubra servicios de seguridad ofensiva personalizados, dise\u00f1ados para identificar riesgos y fortalecer sus [&hellip;]\" \/>\n<meta property=\"og:url\" content=\"https:\/\/orendasecurity.com\/es\/seguridad-ofensiva\/\" \/>\n<meta property=\"og:site_name\" content=\"Orenda Security\" \/>\n<meta property=\"article:modified_time\" content=\"2025-10-31T15:01:21+00:00\" \/>\n<meta name=\"twitter:card\" content=\"summary_large_image\" \/>\n<meta name=\"twitter:label1\" content=\"Tiempo de lectura\" \/>\n\t<meta name=\"twitter:data1\" content=\"2 minutos\" \/>\n<script type=\"application\/ld+json\" class=\"yoast-schema-graph\">{\"@context\":\"https:\\\/\\\/schema.org\",\"@graph\":[{\"@type\":\"WebPage\",\"@id\":\"https:\\\/\\\/orendasecurity.com\\\/es\\\/seguridad-ofensiva\\\/\",\"url\":\"https:\\\/\\\/orendasecurity.com\\\/es\\\/seguridad-ofensiva\\\/\",\"name\":\"Seguridad ofensiva - Orenda Security\",\"isPartOf\":{\"@id\":\"https:\\\/\\\/orendasecurity.com\\\/#website\"},\"datePublished\":\"2025-09-19T17:48:45+00:00\",\"dateModified\":\"2025-10-31T15:01:21+00:00\",\"breadcrumb\":{\"@id\":\"https:\\\/\\\/orendasecurity.com\\\/es\\\/seguridad-ofensiva\\\/#breadcrumb\"},\"inLanguage\":\"es\",\"potentialAction\":[{\"@type\":\"ReadAction\",\"target\":[\"https:\\\/\\\/orendasecurity.com\\\/es\\\/seguridad-ofensiva\\\/\"]}]},{\"@type\":\"BreadcrumbList\",\"@id\":\"https:\\\/\\\/orendasecurity.com\\\/es\\\/seguridad-ofensiva\\\/#breadcrumb\",\"itemListElement\":[{\"@type\":\"ListItem\",\"position\":1,\"name\":\"Home\",\"item\":\"https:\\\/\\\/orendasecurity.com\\\/es\\\/\"},{\"@type\":\"ListItem\",\"position\":2,\"name\":\"Seguridad ofensiva\"}]},{\"@type\":\"WebSite\",\"@id\":\"https:\\\/\\\/orendasecurity.com\\\/#website\",\"url\":\"https:\\\/\\\/orendasecurity.com\\\/\",\"name\":\"Orenda Security\",\"description\":\"\",\"publisher\":{\"@id\":\"https:\\\/\\\/orendasecurity.com\\\/#organization\"},\"potentialAction\":[{\"@type\":\"SearchAction\",\"target\":{\"@type\":\"EntryPoint\",\"urlTemplate\":\"https:\\\/\\\/orendasecurity.com\\\/?s={search_term_string}\"},\"query-input\":{\"@type\":\"PropertyValueSpecification\",\"valueRequired\":true,\"valueName\":\"search_term_string\"}}],\"inLanguage\":\"es\"},{\"@type\":\"Organization\",\"@id\":\"https:\\\/\\\/orendasecurity.com\\\/#organization\",\"name\":\"Orenda Security\",\"url\":\"https:\\\/\\\/orendasecurity.com\\\/\",\"logo\":{\"@type\":\"ImageObject\",\"inLanguage\":\"es\",\"@id\":\"https:\\\/\\\/orendasecurity.com\\\/#\\\/schema\\\/logo\\\/image\\\/\",\"url\":\"https:\\\/\\\/orendasecurity.com\\\/wp-content\\\/uploads\\\/2019\\\/08\\\/OrendaSecurity__Logo.png\",\"contentUrl\":\"https:\\\/\\\/orendasecurity.com\\\/wp-content\\\/uploads\\\/2019\\\/08\\\/OrendaSecurity__Logo.png\",\"width\":432,\"height\":173,\"caption\":\"Orenda Security\"},\"image\":{\"@id\":\"https:\\\/\\\/orendasecurity.com\\\/#\\\/schema\\\/logo\\\/image\\\/\"}}]}<\/script>\n<!-- \/ Yoast SEO plugin. -->","yoast_head_json":{"title":"Seguridad ofensiva - Orenda Security","robots":{"index":"index","follow":"follow","max-snippet":"max-snippet:-1","max-image-preview":"max-image-preview:large","max-video-preview":"max-video-preview:-1"},"canonical":"https:\/\/orendasecurity.com\/es\/seguridad-ofensiva\/","og_locale":"es_ES","og_type":"article","og_title":"Seguridad ofensiva - Orenda Security","og_description":"Seguridad ofensiva Descubra las debilidades antes que los atacantes mediante pruebas activas de sus defensas. La seguridad ofensiva utiliza t\u00e9cnicas del mundo real para exponer las brechas, mejorar la resiliencia y reforzar su postura general en materia de ciberseguridad. SOLICITE UNA COTIZACI\u00d3N Descubra servicios de seguridad ofensiva personalizados, dise\u00f1ados para identificar riesgos y fortalecer sus [&hellip;]","og_url":"https:\/\/orendasecurity.com\/es\/seguridad-ofensiva\/","og_site_name":"Orenda Security","article_modified_time":"2025-10-31T15:01:21+00:00","twitter_card":"summary_large_image","twitter_misc":{"Tiempo de lectura":"2 minutos"},"schema":{"@context":"https:\/\/schema.org","@graph":[{"@type":"WebPage","@id":"https:\/\/orendasecurity.com\/es\/seguridad-ofensiva\/","url":"https:\/\/orendasecurity.com\/es\/seguridad-ofensiva\/","name":"Seguridad ofensiva - Orenda Security","isPartOf":{"@id":"https:\/\/orendasecurity.com\/#website"},"datePublished":"2025-09-19T17:48:45+00:00","dateModified":"2025-10-31T15:01:21+00:00","breadcrumb":{"@id":"https:\/\/orendasecurity.com\/es\/seguridad-ofensiva\/#breadcrumb"},"inLanguage":"es","potentialAction":[{"@type":"ReadAction","target":["https:\/\/orendasecurity.com\/es\/seguridad-ofensiva\/"]}]},{"@type":"BreadcrumbList","@id":"https:\/\/orendasecurity.com\/es\/seguridad-ofensiva\/#breadcrumb","itemListElement":[{"@type":"ListItem","position":1,"name":"Home","item":"https:\/\/orendasecurity.com\/es\/"},{"@type":"ListItem","position":2,"name":"Seguridad ofensiva"}]},{"@type":"WebSite","@id":"https:\/\/orendasecurity.com\/#website","url":"https:\/\/orendasecurity.com\/","name":"Orenda Security","description":"","publisher":{"@id":"https:\/\/orendasecurity.com\/#organization"},"potentialAction":[{"@type":"SearchAction","target":{"@type":"EntryPoint","urlTemplate":"https:\/\/orendasecurity.com\/?s={search_term_string}"},"query-input":{"@type":"PropertyValueSpecification","valueRequired":true,"valueName":"search_term_string"}}],"inLanguage":"es"},{"@type":"Organization","@id":"https:\/\/orendasecurity.com\/#organization","name":"Orenda Security","url":"https:\/\/orendasecurity.com\/","logo":{"@type":"ImageObject","inLanguage":"es","@id":"https:\/\/orendasecurity.com\/#\/schema\/logo\/image\/","url":"https:\/\/orendasecurity.com\/wp-content\/uploads\/2019\/08\/OrendaSecurity__Logo.png","contentUrl":"https:\/\/orendasecurity.com\/wp-content\/uploads\/2019\/08\/OrendaSecurity__Logo.png","width":432,"height":173,"caption":"Orenda Security"},"image":{"@id":"https:\/\/orendasecurity.com\/#\/schema\/logo\/image\/"}}]}},"_links":{"self":[{"href":"https:\/\/orendasecurity.com\/es\/wp-json\/wp\/v2\/pages\/2555","targetHints":{"allow":["GET"]}}],"collection":[{"href":"https:\/\/orendasecurity.com\/es\/wp-json\/wp\/v2\/pages"}],"about":[{"href":"https:\/\/orendasecurity.com\/es\/wp-json\/wp\/v2\/types\/page"}],"author":[{"embeddable":true,"href":"https:\/\/orendasecurity.com\/es\/wp-json\/wp\/v2\/users\/1"}],"replies":[{"embeddable":true,"href":"https:\/\/orendasecurity.com\/es\/wp-json\/wp\/v2\/comments?post=2555"}],"version-history":[{"count":0,"href":"https:\/\/orendasecurity.com\/es\/wp-json\/wp\/v2\/pages\/2555\/revisions"}],"wp:attachment":[{"href":"https:\/\/orendasecurity.com\/es\/wp-json\/wp\/v2\/media?parent=2555"}],"curies":[{"name":"wp","href":"https:\/\/api.w.org\/{rel}","templated":true}]}}