{"id":2558,"date":"2025-09-19T13:53:19","date_gmt":"2025-09-19T17:53:19","guid":{"rendered":"https:\/\/orendasecurity.com\/services\/managed-cybersecurity-copy\/"},"modified":"2025-10-17T10:24:10","modified_gmt":"2025-10-17T14:24:10","slug":"ciberseguridad-gestionada","status":"publish","type":"page","link":"https:\/\/orendasecurity.com\/es\/ciberseguridad-gestionada\/","title":{"rendered":"Ciberseguridad gestionada"},"content":{"rendered":"<!--themify_builder_content-->\n<div id=\"themify_builder_content-2558\" data-postid=\"2558\" class=\"themify_builder_content themify_builder_content-2558 themify_builder tf_clear\">\n                    <div  data-lazy=\"1\" class=\"module_row themify_builder_row tb_bhdk545 tb_first tf_w\">\n            <span class=\"tb_row_frame_wrap tf_overflow tf_abs\" data-lazy=\"1\"><span class=\"tb_row_frame tb_row_frame_bottom  tf_abs tf_hide tf_overflow tf_w\"><\/span><\/span>            <div class=\"row_inner col_align_top tb_col_count_1 tf_box tf_rel\">\n                        <div  data-lazy=\"1\" class=\"module_column tb-column col-full tb_3q7y401 first\">\n                            <div  data-lazy=\"1\" class=\"module_subrow themify_builder_sub_row tf_w col_align_top tb_col_count_1 tb_fx82000\">\n                <div  data-lazy=\"1\" class=\"module_column sub_column col-full tb_iaju504 first\">\n                    <!-- module text -->\n<div  class=\"module module-text tb_hfry560   \" data-lazy=\"1\">\n        <div  class=\"tb_text_wrap\">\n        <h1>Ciberseguridad gestionada<\/h1>    <\/div>\n<\/div>\n<!-- \/module text -->        <\/div>\n                    <\/div>\n                <div  data-lazy=\"1\" class=\"module_subrow themify_builder_sub_row tf_w col_align_top tb_col_count_1 tb_j4f0075\">\n                <div  data-lazy=\"1\" class=\"module_column sub_column col-full tb_hkg2005 first\">\n                    <!-- module text -->\n<div  class=\"module module-text tb_egub560   \" data-lazy=\"1\">\n        <div  class=\"tb_text_wrap\">\n        <p>Los servicios gestionados de ciberseguridad proporcionan protecci\u00f3n continua para la red, los sistemas y los datos de su organizaci\u00f3n. Estos servicios ayudan a detectar, prevenir y responder a las amenazas, garantizando una seguridad s\u00f3lida sin necesidad de recursos internos para gestionar todos los aspectos.<\/p>    <\/div>\n<\/div>\n<!-- \/module text -->        <\/div>\n                    <\/div>\n                <div  data-lazy=\"1\" class=\"module_subrow themify_builder_sub_row tf_w col_align_top tb_col_count_2 tb_3gxk746\">\n                <div  data-lazy=\"1\" class=\"module_column sub_column col4-2 tb_9deb746 first\">\n                    <!-- module buttons -->\n<div  class=\"module module-buttons tb_z5i8746 buttons-horizontal solid   circle\" data-lazy=\"1\">\n        <div class=\"module-buttons-item tf_in_flx\">\n                        <a href=\"\/es\/solicite-una-cuota\/\" class=\"ui builder_button tf_in_flx tb_default_color\" target=\"_blank\" rel=\"noopener\">\n                                                SOLICITE UNA COTIZACI\u00d3N                                        <\/a>\n                <\/div>\n            <\/div>\n<!-- \/module buttons -->\n        <\/div>\n                    <div  data-lazy=\"1\" class=\"module_column sub_column col4-2 tb_sr2r746 last\">\n                            <\/div>\n                    <\/div>\n                <\/div>\n                        <\/div>\n        <\/div>\n                        <div  data-anchor=\"gestion-continua-vulnerabilidades\" data-lazy=\"1\" class=\"module_row themify_builder_row tb_has_section tb_section-gestion-continua-vulnerabilidades tb_d1dp566 tf_w\">\n                        <div class=\"row_inner col_align_top tb_col_count_1 tf_box tf_rel\">\n                        <div  data-lazy=\"1\" class=\"module_column tb-column col-full tb_svvz059 first\">\n                    <!-- module fancy heading -->\n<div  class=\"module module-fancy-heading tb_k71s101 \" data-lazy=\"1\">\n        <h1 class=\"fancy-heading\">\n    <span class=\"main-head tf_block\">\n                                <\/span>\n\n    \n    <span class=\"sub-head tf_block tf_rel\">\n                    Supervise, gestione y refuerce continuamente sus defensas de ciberseguridad.            <\/span>\n    <\/h1>\n<\/div>\n<!-- \/module fancy heading -->\n<!-- module text -->\n<div  class=\"module module-text tb_s14u055   \" data-lazy=\"1\">\n        <div  class=\"tb_text_wrap\">\n        <h2>Gesti\u00f3n continua de vulnerabilidades<\/h2>    <\/div>\n<\/div>\n<!-- \/module text --><!-- module text -->\n<div  class=\"module module-text tb_zku9005   \" data-lazy=\"1\">\n        <div  class=\"tb_text_wrap\">\n        <p>Evaluaci\u00f3n integral de riesgos: el an\u00e1lisis gestionado de vulnerabilidades de red ofrece a las organizaciones una evaluaci\u00f3n integral de su postura de seguridad de red mediante la identificaci\u00f3n de vulnerabilidades, configuraciones incorrectas y posibles amenazas de seguridad en toda su infraestructura de red. Al analizar los activos de red internos y externos, incluidos servidores, dispositivos y terminales, las organizaciones pueden obtener informaci\u00f3n sobre su exposici\u00f3n a riesgos de seguridad y <\/p>\n<p>Supervisi\u00f3n y correcci\u00f3n continuas: el an\u00e1lisis gestionado de vulnerabilidades de red proporciona a las organizaciones capacidades de supervisi\u00f3n y correcci\u00f3n continuas para abordar las vulnerabilidades de seguridad en tiempo real. Al programar an\u00e1lisis peri\u00f3dicos y evaluaciones automatizadas, las organizaciones pueden detectar y corregir las vulnerabilidades tan pronto como se identifican, minimizando as\u00ed la oportunidad de que los atacantes las aprovechen. Adem\u00e1s, el an\u00e1lisis gestionado de vulnerabilidades de red ofrece orientaci\u00f3n sobre la priorizaci\u00f3n y correcci\u00f3n de vulnerabilidades, lo que permite a las organizaciones centrarse primero en abordar las vulnerabilidades cr\u00edticas y gestionar eficazmente sus riesgos de seguridad.<\/p>    <\/div>\n<\/div>\n<!-- \/module text -->        <\/div>\n                        <\/div>\n        <\/div>\n        <\/div>\n<!--\/themify_builder_content-->","protected":false},"excerpt":{"rendered":"<p>Ciberseguridad gestionada Los servicios gestionados de ciberseguridad proporcionan protecci\u00f3n continua para la red, los sistemas y los datos de su organizaci\u00f3n. Estos servicios ayudan a detectar, prevenir y responder a las amenazas, garantizando una seguridad s\u00f3lida sin necesidad de recursos internos para gestionar todos los aspectos. SOLICITE UNA COTIZACI\u00d3N Supervise, gestione y refuerce continuamente sus [&hellip;]<\/p>\n","protected":false},"author":1,"featured_media":0,"parent":0,"menu_order":0,"comment_status":"closed","ping_status":"closed","template":"","meta":{"_monsterinsights_skip_tracking":false,"_monsterinsights_sitenote_active":false,"_monsterinsights_sitenote_note":"","_monsterinsights_sitenote_category":0,"footnotes":""},"class_list":["post-2558","page","type-page","status-publish","hentry","has-post-title","has-post-date","has-post-category","has-post-tag","has-post-comment","has-post-author",""],"yoast_head":"<!-- This site is optimized with the Yoast SEO plugin v27.5 - https:\/\/yoast.com\/product\/yoast-seo-wordpress\/ -->\n<title>Ciberseguridad gestionada - Orenda Security<\/title>\n<meta name=\"robots\" content=\"index, follow, max-snippet:-1, max-image-preview:large, max-video-preview:-1\" \/>\n<link rel=\"canonical\" href=\"https:\/\/orendasecurity.com\/es\/ciberseguridad-gestionada\/\" \/>\n<meta property=\"og:locale\" content=\"es_ES\" \/>\n<meta property=\"og:type\" content=\"article\" \/>\n<meta property=\"og:title\" content=\"Ciberseguridad gestionada - Orenda Security\" \/>\n<meta property=\"og:description\" content=\"Ciberseguridad gestionada Los servicios gestionados de ciberseguridad proporcionan protecci\u00f3n continua para la red, los sistemas y los datos de su organizaci\u00f3n. Estos servicios ayudan a detectar, prevenir y responder a las amenazas, garantizando una seguridad s\u00f3lida sin necesidad de recursos internos para gestionar todos los aspectos. SOLICITE UNA COTIZACI\u00d3N Supervise, gestione y refuerce continuamente sus [&hellip;]\" \/>\n<meta property=\"og:url\" content=\"https:\/\/orendasecurity.com\/es\/ciberseguridad-gestionada\/\" \/>\n<meta property=\"og:site_name\" content=\"Orenda Security\" \/>\n<meta property=\"article:modified_time\" content=\"2025-10-17T14:24:10+00:00\" \/>\n<meta name=\"twitter:card\" content=\"summary_large_image\" \/>\n<meta name=\"twitter:label1\" content=\"Tiempo de lectura\" \/>\n\t<meta name=\"twitter:data1\" content=\"1 minuto\" \/>\n<script type=\"application\/ld+json\" class=\"yoast-schema-graph\">{\"@context\":\"https:\\\/\\\/schema.org\",\"@graph\":[{\"@type\":\"WebPage\",\"@id\":\"https:\\\/\\\/orendasecurity.com\\\/es\\\/ciberseguridad-gestionada\\\/\",\"url\":\"https:\\\/\\\/orendasecurity.com\\\/es\\\/ciberseguridad-gestionada\\\/\",\"name\":\"Ciberseguridad gestionada - Orenda Security\",\"isPartOf\":{\"@id\":\"https:\\\/\\\/orendasecurity.com\\\/#website\"},\"datePublished\":\"2025-09-19T17:53:19+00:00\",\"dateModified\":\"2025-10-17T14:24:10+00:00\",\"breadcrumb\":{\"@id\":\"https:\\\/\\\/orendasecurity.com\\\/es\\\/ciberseguridad-gestionada\\\/#breadcrumb\"},\"inLanguage\":\"es\",\"potentialAction\":[{\"@type\":\"ReadAction\",\"target\":[\"https:\\\/\\\/orendasecurity.com\\\/es\\\/ciberseguridad-gestionada\\\/\"]}]},{\"@type\":\"BreadcrumbList\",\"@id\":\"https:\\\/\\\/orendasecurity.com\\\/es\\\/ciberseguridad-gestionada\\\/#breadcrumb\",\"itemListElement\":[{\"@type\":\"ListItem\",\"position\":1,\"name\":\"Home\",\"item\":\"https:\\\/\\\/orendasecurity.com\\\/es\\\/\"},{\"@type\":\"ListItem\",\"position\":2,\"name\":\"Ciberseguridad gestionada\"}]},{\"@type\":\"WebSite\",\"@id\":\"https:\\\/\\\/orendasecurity.com\\\/#website\",\"url\":\"https:\\\/\\\/orendasecurity.com\\\/\",\"name\":\"Orenda Security\",\"description\":\"\",\"publisher\":{\"@id\":\"https:\\\/\\\/orendasecurity.com\\\/#organization\"},\"potentialAction\":[{\"@type\":\"SearchAction\",\"target\":{\"@type\":\"EntryPoint\",\"urlTemplate\":\"https:\\\/\\\/orendasecurity.com\\\/?s={search_term_string}\"},\"query-input\":{\"@type\":\"PropertyValueSpecification\",\"valueRequired\":true,\"valueName\":\"search_term_string\"}}],\"inLanguage\":\"es\"},{\"@type\":\"Organization\",\"@id\":\"https:\\\/\\\/orendasecurity.com\\\/#organization\",\"name\":\"Orenda Security\",\"url\":\"https:\\\/\\\/orendasecurity.com\\\/\",\"logo\":{\"@type\":\"ImageObject\",\"inLanguage\":\"es\",\"@id\":\"https:\\\/\\\/orendasecurity.com\\\/#\\\/schema\\\/logo\\\/image\\\/\",\"url\":\"https:\\\/\\\/orendasecurity.com\\\/wp-content\\\/uploads\\\/2019\\\/08\\\/OrendaSecurity__Logo.png\",\"contentUrl\":\"https:\\\/\\\/orendasecurity.com\\\/wp-content\\\/uploads\\\/2019\\\/08\\\/OrendaSecurity__Logo.png\",\"width\":432,\"height\":173,\"caption\":\"Orenda Security\"},\"image\":{\"@id\":\"https:\\\/\\\/orendasecurity.com\\\/#\\\/schema\\\/logo\\\/image\\\/\"}}]}<\/script>\n<!-- \/ Yoast SEO plugin. -->","yoast_head_json":{"title":"Ciberseguridad gestionada - Orenda Security","robots":{"index":"index","follow":"follow","max-snippet":"max-snippet:-1","max-image-preview":"max-image-preview:large","max-video-preview":"max-video-preview:-1"},"canonical":"https:\/\/orendasecurity.com\/es\/ciberseguridad-gestionada\/","og_locale":"es_ES","og_type":"article","og_title":"Ciberseguridad gestionada - Orenda Security","og_description":"Ciberseguridad gestionada Los servicios gestionados de ciberseguridad proporcionan protecci\u00f3n continua para la red, los sistemas y los datos de su organizaci\u00f3n. Estos servicios ayudan a detectar, prevenir y responder a las amenazas, garantizando una seguridad s\u00f3lida sin necesidad de recursos internos para gestionar todos los aspectos. SOLICITE UNA COTIZACI\u00d3N Supervise, gestione y refuerce continuamente sus [&hellip;]","og_url":"https:\/\/orendasecurity.com\/es\/ciberseguridad-gestionada\/","og_site_name":"Orenda Security","article_modified_time":"2025-10-17T14:24:10+00:00","twitter_card":"summary_large_image","twitter_misc":{"Tiempo de lectura":"1 minuto"},"schema":{"@context":"https:\/\/schema.org","@graph":[{"@type":"WebPage","@id":"https:\/\/orendasecurity.com\/es\/ciberseguridad-gestionada\/","url":"https:\/\/orendasecurity.com\/es\/ciberseguridad-gestionada\/","name":"Ciberseguridad gestionada - Orenda Security","isPartOf":{"@id":"https:\/\/orendasecurity.com\/#website"},"datePublished":"2025-09-19T17:53:19+00:00","dateModified":"2025-10-17T14:24:10+00:00","breadcrumb":{"@id":"https:\/\/orendasecurity.com\/es\/ciberseguridad-gestionada\/#breadcrumb"},"inLanguage":"es","potentialAction":[{"@type":"ReadAction","target":["https:\/\/orendasecurity.com\/es\/ciberseguridad-gestionada\/"]}]},{"@type":"BreadcrumbList","@id":"https:\/\/orendasecurity.com\/es\/ciberseguridad-gestionada\/#breadcrumb","itemListElement":[{"@type":"ListItem","position":1,"name":"Home","item":"https:\/\/orendasecurity.com\/es\/"},{"@type":"ListItem","position":2,"name":"Ciberseguridad gestionada"}]},{"@type":"WebSite","@id":"https:\/\/orendasecurity.com\/#website","url":"https:\/\/orendasecurity.com\/","name":"Orenda Security","description":"","publisher":{"@id":"https:\/\/orendasecurity.com\/#organization"},"potentialAction":[{"@type":"SearchAction","target":{"@type":"EntryPoint","urlTemplate":"https:\/\/orendasecurity.com\/?s={search_term_string}"},"query-input":{"@type":"PropertyValueSpecification","valueRequired":true,"valueName":"search_term_string"}}],"inLanguage":"es"},{"@type":"Organization","@id":"https:\/\/orendasecurity.com\/#organization","name":"Orenda Security","url":"https:\/\/orendasecurity.com\/","logo":{"@type":"ImageObject","inLanguage":"es","@id":"https:\/\/orendasecurity.com\/#\/schema\/logo\/image\/","url":"https:\/\/orendasecurity.com\/wp-content\/uploads\/2019\/08\/OrendaSecurity__Logo.png","contentUrl":"https:\/\/orendasecurity.com\/wp-content\/uploads\/2019\/08\/OrendaSecurity__Logo.png","width":432,"height":173,"caption":"Orenda Security"},"image":{"@id":"https:\/\/orendasecurity.com\/#\/schema\/logo\/image\/"}}]}},"_links":{"self":[{"href":"https:\/\/orendasecurity.com\/es\/wp-json\/wp\/v2\/pages\/2558","targetHints":{"allow":["GET"]}}],"collection":[{"href":"https:\/\/orendasecurity.com\/es\/wp-json\/wp\/v2\/pages"}],"about":[{"href":"https:\/\/orendasecurity.com\/es\/wp-json\/wp\/v2\/types\/page"}],"author":[{"embeddable":true,"href":"https:\/\/orendasecurity.com\/es\/wp-json\/wp\/v2\/users\/1"}],"replies":[{"embeddable":true,"href":"https:\/\/orendasecurity.com\/es\/wp-json\/wp\/v2\/comments?post=2558"}],"version-history":[{"count":0,"href":"https:\/\/orendasecurity.com\/es\/wp-json\/wp\/v2\/pages\/2558\/revisions"}],"wp:attachment":[{"href":"https:\/\/orendasecurity.com\/es\/wp-json\/wp\/v2\/media?parent=2558"}],"curies":[{"name":"wp","href":"https:\/\/api.w.org\/{rel}","templated":true}]}}