{"id":2592,"date":"2025-09-19T13:59:55","date_gmt":"2025-09-19T17:59:55","guid":{"rendered":"https:\/\/orendasecurity.com\/solutions\/phishing-simulation-copy\/"},"modified":"2025-10-17T10:24:57","modified_gmt":"2025-10-17T14:24:57","slug":"simulacion-phishing","status":"publish","type":"page","link":"https:\/\/orendasecurity.com\/es\/simulacion-phishing\/","title":{"rendered":"Simulaci\u00f3n de phishing"},"content":{"rendered":"<!--themify_builder_content-->\n<div id=\"themify_builder_content-2592\" data-postid=\"2592\" class=\"themify_builder_content themify_builder_content-2592 themify_builder tf_clear\">\n                    <div  data-lazy=\"1\" class=\"module_row themify_builder_row tb_a9c7070 tb_first tf_w\">\n            <span class=\"tb_row_frame_wrap tf_overflow tf_abs\" data-lazy=\"1\"><span class=\"tb_row_frame tb_row_frame_bottom  tf_abs tf_hide tf_overflow tf_w\"><\/span><\/span>            <div class=\"row_inner col_align_top tb_col_count_1 tf_box tf_rel\">\n                        <div  data-lazy=\"1\" class=\"module_column tb-column col-full tb_m3sh277 first\">\n                            <div  data-lazy=\"1\" class=\"module_subrow themify_builder_sub_row tf_w col_align_top tb_col_count_1 tb_k1lc024\">\n                <div  data-lazy=\"1\" class=\"module_column sub_column col-full tb_8exg750 first\">\n                    <!-- module text -->\n<div  class=\"module module-text tb_l233426   \" data-lazy=\"1\">\n        <div  class=\"tb_text_wrap\">\n        <h1>Simulaci\u00f3n de phishing<\/h1>    <\/div>\n<\/div>\n<!-- \/module text -->        <\/div>\n                    <\/div>\n                <div  data-lazy=\"1\" class=\"module_subrow themify_builder_sub_row tf_w col_align_top tb_col_count_1 tb_99ev078\">\n                <div  data-lazy=\"1\" class=\"module_column sub_column col-full tb_j4jl474 first\">\n                    <!-- module text -->\n<div  class=\"module module-text tb_tvjt427   \" data-lazy=\"1\">\n        <div  class=\"tb_text_wrap\">\n        <p>La simulaci\u00f3n de phishing ayuda a las organizaciones a concienciar a sus empleados sobre los riesgos de los ataques de phishing y a mejorar su capacidad para reconocer y responder a los correos electr\u00f3nicos sospechosos. Al simular situaciones reales de phishing, las organizaciones pueden evaluar el nivel de concienciaci\u00f3n de sus empleados y mejorar la seguridad general.<\/p>    <\/div>\n<\/div>\n<!-- \/module text -->        <\/div>\n                    <\/div>\n                <div  data-lazy=\"1\" class=\"module_subrow themify_builder_sub_row tf_w col_align_top tb_col_count_2 tb_xf0t549\">\n                <div  data-lazy=\"1\" class=\"module_column sub_column col4-2 tb_0qd9549 first\">\n                    <!-- module buttons -->\n<div  class=\"module module-buttons tb_n655549 buttons-horizontal solid   circle\" data-lazy=\"1\">\n        <div class=\"module-buttons-item tf_in_flx\">\n                        <a href=\"\/es\/solicite-una-cuota\/\" class=\"ui builder_button tf_in_flx tb_default_color\" target=\"_blank\" rel=\"noopener\">\n                                                SOLICITE UNA COTIZACI\u00d3N                                        <\/a>\n                <\/div>\n            <\/div>\n<!-- \/module buttons -->\n        <\/div>\n                    <div  data-lazy=\"1\" class=\"module_column sub_column col4-2 tb_inb5549 last\">\n                            <\/div>\n                    <\/div>\n                <\/div>\n                        <\/div>\n        <\/div>\n                        <div  data-lazy=\"1\" class=\"module_row themify_builder_row accounting-services accounting-services-border tb_qbio482 tf_w\">\n                        <div class=\"row_inner col_align_top tb_col_count_2 tf_box tf_rel\">\n                        <div  data-lazy=\"1\" class=\"module_column tb-column col4-2 tb_7u4y477 first\">\n                    <!-- module text -->\n<div  class=\"module module-text tb_rnlc465   \" data-lazy=\"1\">\n        <div  class=\"tb_text_wrap\">\n        <h2>Concienciaci\u00f3n y formaci\u00f3n de los empleados<\/h2>\n<p>\u00a0<\/p>    <\/div>\n<\/div>\n<!-- \/module text --><!-- module text -->\n<div  class=\"module module-text tb_odby277   \" data-lazy=\"1\">\n        <div  class=\"tb_text_wrap\">\n        <p>La simulaci\u00f3n de phishing permite a las organizaciones educar a los empleados sobre los peligros de los ataques de phishing y formarlos para que reconozcan y respondan de manera eficaz a los correos electr\u00f3nicos sospechosos. Mediante la simulaci\u00f3n de escenarios de phishing realistas, las organizaciones pueden evaluar el nivel de concienciaci\u00f3n sobre seguridad entre los empleados e identificar \u00e1reas de mejora. Este enfoque de formaci\u00f3n pr\u00e1ctica ayuda a los empleados a desarrollar habilidades de pensamiento cr\u00edtico, mejorar su capacidad para identificar intentos de phishing y tomar las medidas adecuadas para mitigar el riesgo de ser v\u00edctimas de estafas de phishing.<\/p>    <\/div>\n<\/div>\n<!-- \/module text -->        <\/div>\n                    <div  data-lazy=\"1\" class=\"module_column tb-column col4-2 tb_r8ko232 last\">\n                    <!-- module text -->\n<div  class=\"module module-text tb_iff3054   \" data-lazy=\"1\">\n        <div  class=\"tb_text_wrap\">\n        <h2>Reducci\u00f3n de riesgos y prevenci\u00f3n de incidentes<\/h2>    <\/div>\n<\/div>\n<!-- \/module text --><!-- module text -->\n<div  class=\"module module-text tb_fn4y302   \" data-lazy=\"1\">\n        <div  class=\"tb_text_wrap\">\n        <p>La simulaci\u00f3n de phishing ayuda a las organizaciones a reducir el riesgo de violaciones de seguridad y p\u00e9rdida de datos al probar de forma proactiva la eficacia de sus controles de seguridad del correo electr\u00f3nico y sus procedimientos de respuesta a incidentes. Al simular ataques de phishing, las organizaciones pueden identificar vulnerabilidades en sus sistemas de filtrado de correo electr\u00f3nico, la concienciaci\u00f3n de los usuarios y los mecanismos de respuesta, lo que les permite implementar medidas de seguridad espec\u00edficas y mitigar los posibles riesgos de seguridad. Adem\u00e1s, la simulaci\u00f3n de phishing permite a las organizaciones medir el impacto de las iniciativas de formaci\u00f3n en materia de concienciaci\u00f3n sobre seguridad y realizar un seguimiento de las mejoras en el comportamiento de los empleados a lo largo del tiempo, lo que mejora a\u00fan m\u00e1s su capacidad para prevenir incidentes relacionados con el phishing.<\/p>    <\/div>\n<\/div>\n<!-- \/module text -->        <\/div>\n                        <\/div>\n        <\/div>\n                        <div  data-css_id=\"84f5222\" data-lazy=\"1\" class=\"module_row themify_builder_row fullwidth tb_84f5222 tf_w\">\n                        <div class=\"row_inner col_align_top tb_col_count_1 tf_box tf_rel\">\n                        <div  data-lazy=\"1\" class=\"module_column tb-column col-full tb_olrj470 first\">\n                    <!-- module template_part -->\n<div  class=\"module module-layout-part tb_5dmy040 \">\n    <div class=\"tb_layout_part_wrap tf_w\"><!--themify_builder_content-->\n    <div  class=\"themify_builder_content themify_builder_content-2505 themify_builder not_editable_builder in_the_loop\" data-postid=\"2505\">\n                        <div  data-parallax-bg=\"desktop\" data-css_id=\"c8ui444\" data-lazy=\"1\" class=\"module_row themify_builder_row fullwidth_row_container tb_c8ui444 tf_w\">\n            <span  class=\"builder_row_cover tf_abs\" data-lazy=\"1\"><\/span>            <div class=\"row_inner col_align_middle tb_col_count_2 tf_box tf_rel\">\n                        <div  data-lazy=\"1\" class=\"module_column tb-column col3-2 tb_ewwi552 first\">\n                    <!-- module text -->\n<div  class=\"module module-text tb_0vkq055   \" data-lazy=\"1\">\n        <div  class=\"tb_text_wrap\">\n        <h2>LA HISTORIA Y EL EQUIPO<br>DETR\u00c1S DE ORENDA SECURITY <sup>\u00ae<\/sup><\/h2>    <\/div>\n<\/div>\n<!-- \/module text --><!-- module text -->\n<div  class=\"module module-text tb_tw4e554   \" data-lazy=\"1\">\n        <div  class=\"tb_text_wrap\">\n        <p>Orenda Security <sup>\u00ae<\/sup> es una empresa de seguridad de la informaci\u00f3n de \u00e9lite fundada sobre la base de la integridad y la colaboraci\u00f3n con nuestro personal y, lo que es m\u00e1s importante, con nuestros clientes.<\/p>    <\/div>\n<\/div>\n<!-- \/module text --><!-- module buttons -->\n<div  class=\"module module-buttons tb_vyyi595 buttons-horizontal outline   circle\" data-lazy=\"1\">\n        <div class=\"module-buttons-item tf_in_flx\">\n                        <a href=\"\/about\/\" class=\"ui builder_button tf_in_flx tb_default_color\" >\n                                                SOBRE NOSOTROS                                        <\/a>\n                <\/div>\n            <\/div>\n<!-- \/module buttons -->\n        <\/div>\n                    <div  data-lazy=\"1\" class=\"module_column tb-column col3-1 tb_zftf070 last\">\n                            <\/div>\n                        <\/div>\n        <\/div>\n            <\/div>\n<!--\/themify_builder_content--><\/div>\n<\/div>\n<!-- \/module template_part -->        <\/div>\n                        <\/div>\n        <\/div>\n        <\/div>\n<!--\/themify_builder_content-->","protected":false},"excerpt":{"rendered":"<p>Simulaci\u00f3n de phishing La simulaci\u00f3n de phishing ayuda a las organizaciones a concienciar a sus empleados sobre los riesgos de los ataques de phishing y a mejorar su capacidad para reconocer y responder a los correos electr\u00f3nicos sospechosos. Al simular situaciones reales de phishing, las organizaciones pueden evaluar el nivel de concienciaci\u00f3n de sus empleados [&hellip;]<\/p>\n","protected":false},"author":1,"featured_media":0,"parent":0,"menu_order":0,"comment_status":"closed","ping_status":"closed","template":"","meta":{"_monsterinsights_skip_tracking":false,"_monsterinsights_sitenote_active":false,"_monsterinsights_sitenote_note":"","_monsterinsights_sitenote_category":0,"footnotes":""},"class_list":["post-2592","page","type-page","status-publish","hentry","has-post-title","has-post-date","has-post-category","has-post-tag","has-post-comment","has-post-author",""],"yoast_head":"<!-- This site is optimized with the Yoast SEO plugin v27.5 - https:\/\/yoast.com\/product\/yoast-seo-wordpress\/ -->\n<title>Simulaci\u00f3n de phishing - Orenda Security<\/title>\n<meta name=\"robots\" content=\"index, follow, max-snippet:-1, max-image-preview:large, max-video-preview:-1\" \/>\n<link rel=\"canonical\" href=\"https:\/\/orendasecurity.com\/es\/simulacion-phishing\/\" \/>\n<meta property=\"og:locale\" content=\"es_ES\" \/>\n<meta property=\"og:type\" content=\"article\" \/>\n<meta property=\"og:title\" content=\"Simulaci\u00f3n de phishing - Orenda Security\" \/>\n<meta property=\"og:description\" content=\"Simulaci\u00f3n de phishing La simulaci\u00f3n de phishing ayuda a las organizaciones a concienciar a sus empleados sobre los riesgos de los ataques de phishing y a mejorar su capacidad para reconocer y responder a los correos electr\u00f3nicos sospechosos. Al simular situaciones reales de phishing, las organizaciones pueden evaluar el nivel de concienciaci\u00f3n de sus empleados [&hellip;]\" \/>\n<meta property=\"og:url\" content=\"https:\/\/orendasecurity.com\/es\/simulacion-phishing\/\" \/>\n<meta property=\"og:site_name\" content=\"Orenda Security\" \/>\n<meta property=\"article:modified_time\" content=\"2025-10-17T14:24:57+00:00\" \/>\n<meta name=\"twitter:card\" content=\"summary_large_image\" \/>\n<meta name=\"twitter:label1\" content=\"Tiempo de lectura\" \/>\n\t<meta name=\"twitter:data1\" content=\"1 minuto\" \/>\n<script type=\"application\/ld+json\" class=\"yoast-schema-graph\">{\"@context\":\"https:\\\/\\\/schema.org\",\"@graph\":[{\"@type\":\"WebPage\",\"@id\":\"https:\\\/\\\/orendasecurity.com\\\/es\\\/simulacion-phishing\\\/\",\"url\":\"https:\\\/\\\/orendasecurity.com\\\/es\\\/simulacion-phishing\\\/\",\"name\":\"Simulaci\u00f3n de phishing - Orenda Security\",\"isPartOf\":{\"@id\":\"https:\\\/\\\/orendasecurity.com\\\/#website\"},\"datePublished\":\"2025-09-19T17:59:55+00:00\",\"dateModified\":\"2025-10-17T14:24:57+00:00\",\"breadcrumb\":{\"@id\":\"https:\\\/\\\/orendasecurity.com\\\/es\\\/simulacion-phishing\\\/#breadcrumb\"},\"inLanguage\":\"es\",\"potentialAction\":[{\"@type\":\"ReadAction\",\"target\":[\"https:\\\/\\\/orendasecurity.com\\\/es\\\/simulacion-phishing\\\/\"]}]},{\"@type\":\"BreadcrumbList\",\"@id\":\"https:\\\/\\\/orendasecurity.com\\\/es\\\/simulacion-phishing\\\/#breadcrumb\",\"itemListElement\":[{\"@type\":\"ListItem\",\"position\":1,\"name\":\"Home\",\"item\":\"https:\\\/\\\/orendasecurity.com\\\/es\\\/\"},{\"@type\":\"ListItem\",\"position\":2,\"name\":\"Simulaci\u00f3n de phishing\"}]},{\"@type\":\"WebSite\",\"@id\":\"https:\\\/\\\/orendasecurity.com\\\/#website\",\"url\":\"https:\\\/\\\/orendasecurity.com\\\/\",\"name\":\"Orenda Security\",\"description\":\"\",\"publisher\":{\"@id\":\"https:\\\/\\\/orendasecurity.com\\\/#organization\"},\"potentialAction\":[{\"@type\":\"SearchAction\",\"target\":{\"@type\":\"EntryPoint\",\"urlTemplate\":\"https:\\\/\\\/orendasecurity.com\\\/?s={search_term_string}\"},\"query-input\":{\"@type\":\"PropertyValueSpecification\",\"valueRequired\":true,\"valueName\":\"search_term_string\"}}],\"inLanguage\":\"es\"},{\"@type\":\"Organization\",\"@id\":\"https:\\\/\\\/orendasecurity.com\\\/#organization\",\"name\":\"Orenda Security\",\"url\":\"https:\\\/\\\/orendasecurity.com\\\/\",\"logo\":{\"@type\":\"ImageObject\",\"inLanguage\":\"es\",\"@id\":\"https:\\\/\\\/orendasecurity.com\\\/#\\\/schema\\\/logo\\\/image\\\/\",\"url\":\"https:\\\/\\\/orendasecurity.com\\\/wp-content\\\/uploads\\\/2019\\\/08\\\/OrendaSecurity__Logo.png\",\"contentUrl\":\"https:\\\/\\\/orendasecurity.com\\\/wp-content\\\/uploads\\\/2019\\\/08\\\/OrendaSecurity__Logo.png\",\"width\":432,\"height\":173,\"caption\":\"Orenda Security\"},\"image\":{\"@id\":\"https:\\\/\\\/orendasecurity.com\\\/#\\\/schema\\\/logo\\\/image\\\/\"}}]}<\/script>\n<!-- \/ Yoast SEO plugin. -->","yoast_head_json":{"title":"Simulaci\u00f3n de phishing - Orenda Security","robots":{"index":"index","follow":"follow","max-snippet":"max-snippet:-1","max-image-preview":"max-image-preview:large","max-video-preview":"max-video-preview:-1"},"canonical":"https:\/\/orendasecurity.com\/es\/simulacion-phishing\/","og_locale":"es_ES","og_type":"article","og_title":"Simulaci\u00f3n de phishing - Orenda Security","og_description":"Simulaci\u00f3n de phishing La simulaci\u00f3n de phishing ayuda a las organizaciones a concienciar a sus empleados sobre los riesgos de los ataques de phishing y a mejorar su capacidad para reconocer y responder a los correos electr\u00f3nicos sospechosos. Al simular situaciones reales de phishing, las organizaciones pueden evaluar el nivel de concienciaci\u00f3n de sus empleados [&hellip;]","og_url":"https:\/\/orendasecurity.com\/es\/simulacion-phishing\/","og_site_name":"Orenda Security","article_modified_time":"2025-10-17T14:24:57+00:00","twitter_card":"summary_large_image","twitter_misc":{"Tiempo de lectura":"1 minuto"},"schema":{"@context":"https:\/\/schema.org","@graph":[{"@type":"WebPage","@id":"https:\/\/orendasecurity.com\/es\/simulacion-phishing\/","url":"https:\/\/orendasecurity.com\/es\/simulacion-phishing\/","name":"Simulaci\u00f3n de phishing - Orenda Security","isPartOf":{"@id":"https:\/\/orendasecurity.com\/#website"},"datePublished":"2025-09-19T17:59:55+00:00","dateModified":"2025-10-17T14:24:57+00:00","breadcrumb":{"@id":"https:\/\/orendasecurity.com\/es\/simulacion-phishing\/#breadcrumb"},"inLanguage":"es","potentialAction":[{"@type":"ReadAction","target":["https:\/\/orendasecurity.com\/es\/simulacion-phishing\/"]}]},{"@type":"BreadcrumbList","@id":"https:\/\/orendasecurity.com\/es\/simulacion-phishing\/#breadcrumb","itemListElement":[{"@type":"ListItem","position":1,"name":"Home","item":"https:\/\/orendasecurity.com\/es\/"},{"@type":"ListItem","position":2,"name":"Simulaci\u00f3n de phishing"}]},{"@type":"WebSite","@id":"https:\/\/orendasecurity.com\/#website","url":"https:\/\/orendasecurity.com\/","name":"Orenda Security","description":"","publisher":{"@id":"https:\/\/orendasecurity.com\/#organization"},"potentialAction":[{"@type":"SearchAction","target":{"@type":"EntryPoint","urlTemplate":"https:\/\/orendasecurity.com\/?s={search_term_string}"},"query-input":{"@type":"PropertyValueSpecification","valueRequired":true,"valueName":"search_term_string"}}],"inLanguage":"es"},{"@type":"Organization","@id":"https:\/\/orendasecurity.com\/#organization","name":"Orenda Security","url":"https:\/\/orendasecurity.com\/","logo":{"@type":"ImageObject","inLanguage":"es","@id":"https:\/\/orendasecurity.com\/#\/schema\/logo\/image\/","url":"https:\/\/orendasecurity.com\/wp-content\/uploads\/2019\/08\/OrendaSecurity__Logo.png","contentUrl":"https:\/\/orendasecurity.com\/wp-content\/uploads\/2019\/08\/OrendaSecurity__Logo.png","width":432,"height":173,"caption":"Orenda Security"},"image":{"@id":"https:\/\/orendasecurity.com\/#\/schema\/logo\/image\/"}}]}},"_links":{"self":[{"href":"https:\/\/orendasecurity.com\/es\/wp-json\/wp\/v2\/pages\/2592","targetHints":{"allow":["GET"]}}],"collection":[{"href":"https:\/\/orendasecurity.com\/es\/wp-json\/wp\/v2\/pages"}],"about":[{"href":"https:\/\/orendasecurity.com\/es\/wp-json\/wp\/v2\/types\/page"}],"author":[{"embeddable":true,"href":"https:\/\/orendasecurity.com\/es\/wp-json\/wp\/v2\/users\/1"}],"replies":[{"embeddable":true,"href":"https:\/\/orendasecurity.com\/es\/wp-json\/wp\/v2\/comments?post=2592"}],"version-history":[{"count":0,"href":"https:\/\/orendasecurity.com\/es\/wp-json\/wp\/v2\/pages\/2592\/revisions"}],"wp:attachment":[{"href":"https:\/\/orendasecurity.com\/es\/wp-json\/wp\/v2\/media?parent=2592"}],"curies":[{"name":"wp","href":"https:\/\/api.w.org\/{rel}","templated":true}]}}