{"id":2595,"date":"2025-09-19T14:00:06","date_gmt":"2025-09-19T18:00:06","guid":{"rendered":"https:\/\/orendasecurity.com\/solutions\/ransomware-simulation-copy\/"},"modified":"2025-10-17T10:25:07","modified_gmt":"2025-10-17T14:25:07","slug":"simulacion-ataque-ransomware","status":"publish","type":"page","link":"https:\/\/orendasecurity.com\/es\/simulacion-ataque-ransomware\/","title":{"rendered":"Simulaci\u00f3n de un ataque de ransomware"},"content":{"rendered":"<!--themify_builder_content-->\n<div id=\"themify_builder_content-2595\" data-postid=\"2595\" class=\"themify_builder_content themify_builder_content-2595 themify_builder tf_clear\">\n                    <div  data-lazy=\"1\" class=\"module_row themify_builder_row tb_iu9i800 tb_first tf_w\">\n            <span class=\"tb_row_frame_wrap tf_overflow tf_abs\" data-lazy=\"1\"><span class=\"tb_row_frame tb_row_frame_bottom  tf_abs tf_hide tf_overflow tf_w\"><\/span><\/span>            <div class=\"row_inner col_align_top tb_col_count_1 tf_box tf_rel\">\n                        <div  data-lazy=\"1\" class=\"module_column tb-column col-full tb_yiny402 first\">\n                            <div  data-lazy=\"1\" class=\"module_subrow themify_builder_sub_row tf_w col_align_top tb_col_count_1 tb_zwmh847\">\n                <div  data-lazy=\"1\" class=\"module_column sub_column col-full tb_ypp0770 first\">\n                    <!-- module text -->\n<div  class=\"module module-text tb_tlke080   \" data-lazy=\"1\">\n        <div  class=\"tb_text_wrap\">\n        <h1>Simulaci\u00f3n de un ataque de ransomware<\/h1>    <\/div>\n<\/div>\n<!-- \/module text -->        <\/div>\n                    <\/div>\n                <div  data-lazy=\"1\" class=\"module_subrow themify_builder_sub_row tf_w col_align_top tb_col_count_1 tb_684f188\">\n                <div  data-lazy=\"1\" class=\"module_column sub_column col-full tb_wavh882 first\">\n                    <!-- module text -->\n<div  class=\"module module-text tb_tlvx878   \" data-lazy=\"1\">\n        <div  class=\"tb_text_wrap\">\n        <p>La simulaci\u00f3n de ataques de ransomware permite a las organizaciones poner a prueba sus defensas y estrategias de respuesta frente a las amenazas de ransomware en un entorno controlado y sin riesgos. Mediante la simulaci\u00f3n de escenarios de ataque realistas, las organizaciones pueden identificar vulnerabilidades y reforzar su preparaci\u00f3n.<\/p>    <\/div>\n<\/div>\n<!-- \/module text -->        <\/div>\n                    <\/div>\n                <div  data-lazy=\"1\" class=\"module_subrow themify_builder_sub_row tf_w col_align_top tb_col_count_2 tb_rrl3524\">\n                <div  data-lazy=\"1\" class=\"module_column sub_column col4-2 tb_srci524 first\">\n                    <!-- module buttons -->\n<div  class=\"module module-buttons tb_rt4r524 buttons-horizontal solid   circle\" data-lazy=\"1\">\n        <div class=\"module-buttons-item tf_in_flx\">\n                        <a href=\"\/es\/solicite-una-cuota\/\" class=\"ui builder_button tf_in_flx tb_default_color\" target=\"_blank\" rel=\"noopener\">\n                                                SOLICITE UNA COTIZACI\u00d3N                                        <\/a>\n                <\/div>\n            <\/div>\n<!-- \/module buttons -->\n        <\/div>\n                    <div  data-lazy=\"1\" class=\"module_column sub_column col4-2 tb_brau524 last\">\n                            <\/div>\n                    <\/div>\n                <\/div>\n                        <\/div>\n        <\/div>\n                        <div  data-lazy=\"1\" class=\"module_row themify_builder_row accounting-services accounting-services-border tb_kupt181 tf_w\">\n                        <div class=\"row_inner col_align_top tb_col_count_2 tf_box tf_rel\">\n                        <div  data-lazy=\"1\" class=\"module_column tb-column col4-2 tb_4p5d000 first\">\n                    <!-- module text -->\n<div  class=\"module module-text tb_rssn224   \" data-lazy=\"1\">\n        <div  class=\"tb_text_wrap\">\n        <h2>Pruebas de defensa proactiva<\/h2>    <\/div>\n<\/div>\n<!-- \/module text --><!-- module text -->\n<div  class=\"module module-text tb_d83g575   \" data-lazy=\"1\">\n        <div  class=\"tb_text_wrap\">\n        <p>La simulaci\u00f3n de ataques de ransomware permite a las organizaciones probar y evaluar de forma proactiva sus mecanismos de defensa contra los ataques de ransomware en un entorno controlado. Mediante la simulaci\u00f3n de escenarios realistas de ataques de ransomware, las organizaciones pueden evaluar la eficacia de sus controles de seguridad, procedimientos de respuesta a incidentes y mecanismos de recuperaci\u00f3n de datos. Este enfoque proactivo ayuda a las organizaciones a identificar las debilidades de sus defensas, priorizar las inversiones en seguridad y reforzar su resiliencia frente a las amenazas de ransomware.<\/p>    <\/div>\n<\/div>\n<!-- \/module text -->        <\/div>\n                    <div  data-lazy=\"1\" class=\"module_column tb-column col4-2 tb_cikd006 last\">\n                    <!-- module text -->\n<div  class=\"module module-text tb_49nu200   \" data-lazy=\"1\">\n        <div  class=\"tb_text_wrap\">\n        <h2>Preparaci\u00f3n para la respuesta ante incidentes<\/h2>    <\/div>\n<\/div>\n<!-- \/module text --><!-- module text -->\n<div  class=\"module module-text tb_of0s086   \" data-lazy=\"1\">\n        <div  class=\"tb_text_wrap\">\n        <p>La simulaci\u00f3n de ataques de ransomware ayuda a las organizaciones a mejorar su preparaci\u00f3n para la respuesta ante incidentes, ya que les permite probar sus capacidades de respuesta y sus procedimientos de recuperaci\u00f3n en caso de un ataque de ransomware. Mediante la simulaci\u00f3n de infecciones de ransomware y el cifrado de datos, las organizaciones pueden evaluar su capacidad para detectar y contener incidentes de ransomware, evaluar la eficacia de sus procesos de copia de seguridad y recuperaci\u00f3n, y minimizar el impacto de los ataques de ransomware en las operaciones comerciales. Estas pruebas proactivas permiten a las organizaciones identificar las deficiencias en sus planes de respuesta a incidentes, perfeccionar sus procedimientos de respuesta y asegurarse de que est\u00e1n preparadas para mitigar el impacto de los ataques de ransomware en el mundo real.<\/p>    <\/div>\n<\/div>\n<!-- \/module text -->        <\/div>\n                        <\/div>\n        <\/div>\n                        <div  data-css_id=\"hexd707\" data-lazy=\"1\" class=\"module_row themify_builder_row fullwidth tb_hexd707 tf_w\">\n                        <div class=\"row_inner col_align_top tb_col_count_1 tf_box tf_rel\">\n                        <div  data-lazy=\"1\" class=\"module_column tb-column col-full tb_xhf4277 first\">\n                    <!-- module template_part -->\n<div  class=\"module module-layout-part tb_bs7y322 \">\n    <div class=\"tb_layout_part_wrap tf_w\"><!--themify_builder_content-->\n    <div  class=\"themify_builder_content themify_builder_content-2505 themify_builder not_editable_builder in_the_loop\" data-postid=\"2505\">\n                        <div  data-parallax-bg=\"desktop\" data-css_id=\"c8ui444\" data-lazy=\"1\" class=\"module_row themify_builder_row fullwidth_row_container tb_c8ui444 tf_w\">\n            <span  class=\"builder_row_cover tf_abs\" data-lazy=\"1\"><\/span>            <div class=\"row_inner col_align_middle tb_col_count_2 tf_box tf_rel\">\n                        <div  data-lazy=\"1\" class=\"module_column tb-column col3-2 tb_ewwi552 first\">\n                    <!-- module text -->\n<div  class=\"module module-text tb_0vkq055   \" data-lazy=\"1\">\n        <div  class=\"tb_text_wrap\">\n        <h2>LA HISTORIA Y EL EQUIPO<br>DETR\u00c1S DE ORENDA SECURITY <sup>\u00ae<\/sup><\/h2>    <\/div>\n<\/div>\n<!-- \/module text --><!-- module text -->\n<div  class=\"module module-text tb_tw4e554   \" data-lazy=\"1\">\n        <div  class=\"tb_text_wrap\">\n        <p>Orenda Security <sup>\u00ae<\/sup> es una empresa de seguridad de la informaci\u00f3n de \u00e9lite fundada sobre la base de la integridad y la colaboraci\u00f3n con nuestro personal y, lo que es m\u00e1s importante, con nuestros clientes.<\/p>    <\/div>\n<\/div>\n<!-- \/module text --><!-- module buttons -->\n<div  class=\"module module-buttons tb_vyyi595 buttons-horizontal outline   circle\" data-lazy=\"1\">\n        <div class=\"module-buttons-item tf_in_flx\">\n                        <a href=\"\/about\/\" class=\"ui builder_button tf_in_flx tb_default_color\" >\n                                                SOBRE NOSOTROS                                        <\/a>\n                <\/div>\n            <\/div>\n<!-- \/module buttons -->\n        <\/div>\n                    <div  data-lazy=\"1\" class=\"module_column tb-column col3-1 tb_zftf070 last\">\n                            <\/div>\n                        <\/div>\n        <\/div>\n            <\/div>\n<!--\/themify_builder_content--><\/div>\n<\/div>\n<!-- \/module template_part -->        <\/div>\n                        <\/div>\n        <\/div>\n        <\/div>\n<!--\/themify_builder_content-->","protected":false},"excerpt":{"rendered":"<p>Simulaci\u00f3n de un ataque de ransomware La simulaci\u00f3n de ataques de ransomware permite a las organizaciones poner a prueba sus defensas y estrategias de respuesta frente a las amenazas de ransomware en un entorno controlado y sin riesgos. Mediante la simulaci\u00f3n de escenarios de ataque realistas, las organizaciones pueden identificar vulnerabilidades y reforzar su preparaci\u00f3n. [&hellip;]<\/p>\n","protected":false},"author":1,"featured_media":0,"parent":0,"menu_order":0,"comment_status":"closed","ping_status":"closed","template":"","meta":{"_monsterinsights_skip_tracking":false,"_monsterinsights_sitenote_active":false,"_monsterinsights_sitenote_note":"","_monsterinsights_sitenote_category":0,"footnotes":""},"class_list":["post-2595","page","type-page","status-publish","hentry","has-post-title","has-post-date","has-post-category","has-post-tag","has-post-comment","has-post-author",""],"yoast_head":"<!-- This site is optimized with the Yoast SEO plugin v27.5 - https:\/\/yoast.com\/product\/yoast-seo-wordpress\/ -->\n<title>Simulaci\u00f3n de un ataque de ransomware - Orenda Security<\/title>\n<meta name=\"robots\" content=\"index, follow, max-snippet:-1, max-image-preview:large, max-video-preview:-1\" \/>\n<link rel=\"canonical\" href=\"https:\/\/orendasecurity.com\/es\/simulacion-ataque-ransomware\/\" \/>\n<meta property=\"og:locale\" content=\"es_ES\" \/>\n<meta property=\"og:type\" content=\"article\" \/>\n<meta property=\"og:title\" content=\"Simulaci\u00f3n de un ataque de ransomware - Orenda Security\" \/>\n<meta property=\"og:description\" content=\"Simulaci\u00f3n de un ataque de ransomware La simulaci\u00f3n de ataques de ransomware permite a las organizaciones poner a prueba sus defensas y estrategias de respuesta frente a las amenazas de ransomware en un entorno controlado y sin riesgos. Mediante la simulaci\u00f3n de escenarios de ataque realistas, las organizaciones pueden identificar vulnerabilidades y reforzar su preparaci\u00f3n. [&hellip;]\" \/>\n<meta property=\"og:url\" content=\"https:\/\/orendasecurity.com\/es\/simulacion-ataque-ransomware\/\" \/>\n<meta property=\"og:site_name\" content=\"Orenda Security\" \/>\n<meta property=\"article:modified_time\" content=\"2025-10-17T14:25:07+00:00\" \/>\n<meta name=\"twitter:card\" content=\"summary_large_image\" \/>\n<meta name=\"twitter:label1\" content=\"Tiempo de lectura\" \/>\n\t<meta name=\"twitter:data1\" content=\"1 minuto\" \/>\n<script type=\"application\/ld+json\" class=\"yoast-schema-graph\">{\"@context\":\"https:\\\/\\\/schema.org\",\"@graph\":[{\"@type\":\"WebPage\",\"@id\":\"https:\\\/\\\/orendasecurity.com\\\/es\\\/simulacion-ataque-ransomware\\\/\",\"url\":\"https:\\\/\\\/orendasecurity.com\\\/es\\\/simulacion-ataque-ransomware\\\/\",\"name\":\"Simulaci\u00f3n de un ataque de ransomware - Orenda Security\",\"isPartOf\":{\"@id\":\"https:\\\/\\\/orendasecurity.com\\\/#website\"},\"datePublished\":\"2025-09-19T18:00:06+00:00\",\"dateModified\":\"2025-10-17T14:25:07+00:00\",\"breadcrumb\":{\"@id\":\"https:\\\/\\\/orendasecurity.com\\\/es\\\/simulacion-ataque-ransomware\\\/#breadcrumb\"},\"inLanguage\":\"es\",\"potentialAction\":[{\"@type\":\"ReadAction\",\"target\":[\"https:\\\/\\\/orendasecurity.com\\\/es\\\/simulacion-ataque-ransomware\\\/\"]}]},{\"@type\":\"BreadcrumbList\",\"@id\":\"https:\\\/\\\/orendasecurity.com\\\/es\\\/simulacion-ataque-ransomware\\\/#breadcrumb\",\"itemListElement\":[{\"@type\":\"ListItem\",\"position\":1,\"name\":\"Home\",\"item\":\"https:\\\/\\\/orendasecurity.com\\\/es\\\/\"},{\"@type\":\"ListItem\",\"position\":2,\"name\":\"Simulaci\u00f3n de un ataque de ransomware\"}]},{\"@type\":\"WebSite\",\"@id\":\"https:\\\/\\\/orendasecurity.com\\\/#website\",\"url\":\"https:\\\/\\\/orendasecurity.com\\\/\",\"name\":\"Orenda Security\",\"description\":\"\",\"publisher\":{\"@id\":\"https:\\\/\\\/orendasecurity.com\\\/#organization\"},\"potentialAction\":[{\"@type\":\"SearchAction\",\"target\":{\"@type\":\"EntryPoint\",\"urlTemplate\":\"https:\\\/\\\/orendasecurity.com\\\/?s={search_term_string}\"},\"query-input\":{\"@type\":\"PropertyValueSpecification\",\"valueRequired\":true,\"valueName\":\"search_term_string\"}}],\"inLanguage\":\"es\"},{\"@type\":\"Organization\",\"@id\":\"https:\\\/\\\/orendasecurity.com\\\/#organization\",\"name\":\"Orenda Security\",\"url\":\"https:\\\/\\\/orendasecurity.com\\\/\",\"logo\":{\"@type\":\"ImageObject\",\"inLanguage\":\"es\",\"@id\":\"https:\\\/\\\/orendasecurity.com\\\/#\\\/schema\\\/logo\\\/image\\\/\",\"url\":\"https:\\\/\\\/orendasecurity.com\\\/wp-content\\\/uploads\\\/2019\\\/08\\\/OrendaSecurity__Logo.png\",\"contentUrl\":\"https:\\\/\\\/orendasecurity.com\\\/wp-content\\\/uploads\\\/2019\\\/08\\\/OrendaSecurity__Logo.png\",\"width\":432,\"height\":173,\"caption\":\"Orenda Security\"},\"image\":{\"@id\":\"https:\\\/\\\/orendasecurity.com\\\/#\\\/schema\\\/logo\\\/image\\\/\"}}]}<\/script>\n<!-- \/ Yoast SEO plugin. -->","yoast_head_json":{"title":"Simulaci\u00f3n de un ataque de ransomware - Orenda Security","robots":{"index":"index","follow":"follow","max-snippet":"max-snippet:-1","max-image-preview":"max-image-preview:large","max-video-preview":"max-video-preview:-1"},"canonical":"https:\/\/orendasecurity.com\/es\/simulacion-ataque-ransomware\/","og_locale":"es_ES","og_type":"article","og_title":"Simulaci\u00f3n de un ataque de ransomware - Orenda Security","og_description":"Simulaci\u00f3n de un ataque de ransomware La simulaci\u00f3n de ataques de ransomware permite a las organizaciones poner a prueba sus defensas y estrategias de respuesta frente a las amenazas de ransomware en un entorno controlado y sin riesgos. Mediante la simulaci\u00f3n de escenarios de ataque realistas, las organizaciones pueden identificar vulnerabilidades y reforzar su preparaci\u00f3n. [&hellip;]","og_url":"https:\/\/orendasecurity.com\/es\/simulacion-ataque-ransomware\/","og_site_name":"Orenda Security","article_modified_time":"2025-10-17T14:25:07+00:00","twitter_card":"summary_large_image","twitter_misc":{"Tiempo de lectura":"1 minuto"},"schema":{"@context":"https:\/\/schema.org","@graph":[{"@type":"WebPage","@id":"https:\/\/orendasecurity.com\/es\/simulacion-ataque-ransomware\/","url":"https:\/\/orendasecurity.com\/es\/simulacion-ataque-ransomware\/","name":"Simulaci\u00f3n de un ataque de ransomware - Orenda Security","isPartOf":{"@id":"https:\/\/orendasecurity.com\/#website"},"datePublished":"2025-09-19T18:00:06+00:00","dateModified":"2025-10-17T14:25:07+00:00","breadcrumb":{"@id":"https:\/\/orendasecurity.com\/es\/simulacion-ataque-ransomware\/#breadcrumb"},"inLanguage":"es","potentialAction":[{"@type":"ReadAction","target":["https:\/\/orendasecurity.com\/es\/simulacion-ataque-ransomware\/"]}]},{"@type":"BreadcrumbList","@id":"https:\/\/orendasecurity.com\/es\/simulacion-ataque-ransomware\/#breadcrumb","itemListElement":[{"@type":"ListItem","position":1,"name":"Home","item":"https:\/\/orendasecurity.com\/es\/"},{"@type":"ListItem","position":2,"name":"Simulaci\u00f3n de un ataque de ransomware"}]},{"@type":"WebSite","@id":"https:\/\/orendasecurity.com\/#website","url":"https:\/\/orendasecurity.com\/","name":"Orenda Security","description":"","publisher":{"@id":"https:\/\/orendasecurity.com\/#organization"},"potentialAction":[{"@type":"SearchAction","target":{"@type":"EntryPoint","urlTemplate":"https:\/\/orendasecurity.com\/?s={search_term_string}"},"query-input":{"@type":"PropertyValueSpecification","valueRequired":true,"valueName":"search_term_string"}}],"inLanguage":"es"},{"@type":"Organization","@id":"https:\/\/orendasecurity.com\/#organization","name":"Orenda Security","url":"https:\/\/orendasecurity.com\/","logo":{"@type":"ImageObject","inLanguage":"es","@id":"https:\/\/orendasecurity.com\/#\/schema\/logo\/image\/","url":"https:\/\/orendasecurity.com\/wp-content\/uploads\/2019\/08\/OrendaSecurity__Logo.png","contentUrl":"https:\/\/orendasecurity.com\/wp-content\/uploads\/2019\/08\/OrendaSecurity__Logo.png","width":432,"height":173,"caption":"Orenda Security"},"image":{"@id":"https:\/\/orendasecurity.com\/#\/schema\/logo\/image\/"}}]}},"_links":{"self":[{"href":"https:\/\/orendasecurity.com\/es\/wp-json\/wp\/v2\/pages\/2595","targetHints":{"allow":["GET"]}}],"collection":[{"href":"https:\/\/orendasecurity.com\/es\/wp-json\/wp\/v2\/pages"}],"about":[{"href":"https:\/\/orendasecurity.com\/es\/wp-json\/wp\/v2\/types\/page"}],"author":[{"embeddable":true,"href":"https:\/\/orendasecurity.com\/es\/wp-json\/wp\/v2\/users\/1"}],"replies":[{"embeddable":true,"href":"https:\/\/orendasecurity.com\/es\/wp-json\/wp\/v2\/comments?post=2595"}],"version-history":[{"count":0,"href":"https:\/\/orendasecurity.com\/es\/wp-json\/wp\/v2\/pages\/2595\/revisions"}],"wp:attachment":[{"href":"https:\/\/orendasecurity.com\/es\/wp-json\/wp\/v2\/media?parent=2595"}],"curies":[{"name":"wp","href":"https:\/\/api.w.org\/{rel}","templated":true}]}}