{"id":2598,"date":"2025-09-19T14:00:22","date_gmt":"2025-09-19T18:00:22","guid":{"rendered":"https:\/\/orendasecurity.com\/solutions\/security-awareness-copy\/"},"modified":"2025-10-17T10:24:23","modified_gmt":"2025-10-17T14:24:23","slug":"concienciacion-sobre-seguridad","status":"publish","type":"page","link":"https:\/\/orendasecurity.com\/es\/concienciacion-sobre-seguridad\/","title":{"rendered":"Concienciaci\u00f3n sobre seguridad"},"content":{"rendered":"<!--themify_builder_content-->\n<div id=\"themify_builder_content-2598\" data-postid=\"2598\" class=\"themify_builder_content themify_builder_content-2598 themify_builder tf_clear\">\n                    <div  data-lazy=\"1\" class=\"module_row themify_builder_row tb_5b6l900 tb_first tf_w\">\n            <span class=\"tb_row_frame_wrap tf_overflow tf_abs\" data-lazy=\"1\"><span class=\"tb_row_frame tb_row_frame_bottom  tf_abs tf_hide tf_overflow tf_w\"><\/span><\/span>            <div class=\"row_inner col_align_top tb_col_count_1 tf_box tf_rel\">\n                        <div  data-lazy=\"1\" class=\"module_column tb-column col-full tb_yg07380 first\">\n                            <div  data-lazy=\"1\" class=\"module_subrow themify_builder_sub_row tf_w col_align_top tb_col_count_1 tb_7qua333\">\n                <div  data-lazy=\"1\" class=\"module_column sub_column col-full tb_fr3i895 first\">\n                    <!-- module text -->\n<div  class=\"module module-text tb_l7ft059   \" data-lazy=\"1\">\n        <div  class=\"tb_text_wrap\">\n        <h1>Concienciaci\u00f3n sobre seguridad<\/h1>    <\/div>\n<\/div>\n<!-- \/module text -->        <\/div>\n                    <\/div>\n                <div  data-lazy=\"1\" class=\"module_subrow themify_builder_sub_row tf_w col_align_top tb_col_count_1 tb_kjhc808\">\n                <div  data-lazy=\"1\" class=\"module_column sub_column col-full tb_8t7e893 first\">\n                    <!-- module text -->\n<div  class=\"module module-text tb_59wb000   \" data-lazy=\"1\">\n        <div  class=\"tb_text_wrap\">\n        <p>Los programas de concienciaci\u00f3n sobre seguridad son esenciales para dotar a los empleados de los conocimientos necesarios para reconocer y responder a posibles amenazas de ciberseguridad. Estas iniciativas contribuyen a crear una plantilla consciente de la seguridad, lo que reduce la probabilidad de que se produzcan errores humanos que den lugar a violaciones de la seguridad.<\/p>    <\/div>\n<\/div>\n<!-- \/module text -->        <\/div>\n                    <\/div>\n                <div  data-lazy=\"1\" class=\"module_subrow themify_builder_sub_row tf_w col_align_top tb_col_count_2 tb_w3qa68\">\n                <div  data-lazy=\"1\" class=\"module_column sub_column col4-2 tb_8zmn68 first\">\n                    <!-- module buttons -->\n<div  class=\"module module-buttons tb_vqc468 buttons-horizontal solid   circle\" data-lazy=\"1\">\n        <div class=\"module-buttons-item tf_in_flx\">\n                        <a href=\"\/es\/solicite-una-cuota\/\" class=\"ui builder_button tf_in_flx tb_default_color\" target=\"_blank\" rel=\"noopener\">\n                                                SOLICITE UNA COTIZACI\u00d3N                                        <\/a>\n                <\/div>\n            <\/div>\n<!-- \/module buttons -->\n        <\/div>\n                    <div  data-lazy=\"1\" class=\"module_column sub_column col4-2 tb_tmk368 last\">\n                            <\/div>\n                    <\/div>\n                <\/div>\n                        <\/div>\n        <\/div>\n                        <div  data-anchor=\"services\" data-lazy=\"1\" class=\"module_row themify_builder_row tb_has_section tb_section-services tb_ghuo389 tf_w\">\n                        <div class=\"row_inner col_align_top tb_col_count_1 tf_box tf_rel\">\n                        <div  data-lazy=\"1\" class=\"module_column tb-column col-full tb_oxyp005 first\">\n                    <!-- module text -->\n<div  class=\"module module-text tb_vaef109   \" data-lazy=\"1\">\n        <div  class=\"tb_text_wrap\">\n        <h2>Reducci\u00f3n del riesgo mediante la educaci\u00f3n<\/h2>\n<p>Los programas de concienciaci\u00f3n sobre seguridad capacitan a las personas dentro de una organizaci\u00f3n para reconocer y responder de manera eficaz a las amenazas de ciberseguridad. Al educar a los empleados sobre los vectores de ataque comunes, las estafas de phishing, las t\u00e1cticas de ingenier\u00eda social y las mejores pr\u00e1cticas para proteger la informaci\u00f3n confidencial, las organizaciones pueden reducir el riesgo de violaciones de seguridad causadas por errores humanos. Este enfoque proactivo mejora la postura general de seguridad de la organizaci\u00f3n y mitiga el impacto potencial de las amenazas cibern\u00e9ticas.<\/p>    <\/div>\n<\/div>\n<!-- \/module text -->        <\/div>\n                        <\/div>\n        <\/div>\n                        <div  data-anchor=\"services\" data-lazy=\"1\" class=\"module_row themify_builder_row tb_has_section tb_section-services tb_pzks333 tf_w\">\n                        <div class=\"row_inner col_align_top tb_col_count_1 tf_box tf_rel\">\n                        <div  data-lazy=\"1\" class=\"module_column tb-column col-full tb_uu45431 first\">\n                    <!-- module text -->\n<div  class=\"module module-text tb_jnpq003   \" data-lazy=\"1\">\n        <div  class=\"tb_text_wrap\">\n        <h2>Cultura de vigilancia y responsabilidad<\/h2>\n<p>La concienciaci\u00f3n sobre la seguridad fomenta una cultura de vigilancia y responsabilidad dentro de la organizaci\u00f3n, en la que los empleados comprenden su papel en la protecci\u00f3n de la informaci\u00f3n confidencial y la salvaguarda de los activos corporativos. Mediante la promoci\u00f3n de la formaci\u00f3n en materia de concienciaci\u00f3n sobre la seguridad, los recordatorios peri\u00f3dicos y las actividades de refuerzo, las organizaciones pueden cultivar una mentalidad consciente de la seguridad entre los empleados, anim\u00e1ndoles a permanecer alerta, ser cautelosos y proactivos a la hora de identificar y notificar incidentes de seguridad. Este cambio cultural refuerza las defensas de la organizaci\u00f3n frente a las amenazas cibern\u00e9ticas y mejora su resistencia ante las brechas de seguridad.<\/p>    <\/div>\n<\/div>\n<!-- \/module text -->        <\/div>\n                        <\/div>\n        <\/div>\n                        <div  data-anchor=\"services\" data-lazy=\"1\" class=\"module_row themify_builder_row tb_has_section tb_section-services tb_smsm630 tf_w\">\n                        <div class=\"row_inner col_align_top tb_col_count_1 tf_box tf_rel\">\n                        <div  data-lazy=\"1\" class=\"module_column tb-column col-full tb_po4d701 first\">\n                    <!-- module text -->\n<div  class=\"module module-text tb_0y9g009   \" data-lazy=\"1\">\n        <div  class=\"tb_text_wrap\">\n        <h2>Cumplimiento normativo y regulatorio<\/h2>\n<p>Muchas normas reglamentarias y regulaciones industriales exigen a las organizaciones que implementen programas de formaci\u00f3n en materia de concienciaci\u00f3n sobre seguridad como parte de sus iniciativas de ciberseguridad. Al proporcionar formaci\u00f3n en materia de concienciaci\u00f3n sobre seguridad a los empleados, las organizaciones pueden demostrar el cumplimiento de los requisitos reglamentarios y las mejores pr\u00e1cticas del sector, lo que reduce el riesgo de sanciones reglamentarias, consecuencias legales y da\u00f1os a la reputaci\u00f3n. Adem\u00e1s, los programas de concienciaci\u00f3n sobre seguridad ayudan a las organizaciones a alinearse con normas internacionales como la ISO 27001 y el Marco de Ciberseguridad del NIST, lo que garantiza un enfoque s\u00f3lido y eficaz de la gobernanza de la ciberseguridad y la gesti\u00f3n de riesgos.<\/p>    <\/div>\n<\/div>\n<!-- \/module text -->        <\/div>\n                        <\/div>\n        <\/div>\n                        <div  data-css_id=\"ni5x100\" data-lazy=\"1\" class=\"module_row themify_builder_row fullwidth tb_ni5x100 tf_w\">\n                        <div class=\"row_inner col_align_top tb_col_count_1 tf_box tf_rel\">\n                        <div  data-lazy=\"1\" class=\"module_column tb-column col-full tb_xvtt901 first\">\n                    <!-- module template_part -->\n<div  class=\"module module-layout-part tb_dbr8151 \">\n    <div class=\"tb_layout_part_wrap tf_w\"><!--themify_builder_content-->\n    <div  class=\"themify_builder_content themify_builder_content-2505 themify_builder not_editable_builder in_the_loop\" data-postid=\"2505\">\n                        <div  data-parallax-bg=\"desktop\" data-css_id=\"c8ui444\" data-lazy=\"1\" class=\"module_row themify_builder_row fullwidth_row_container tb_c8ui444 tf_w\">\n            <span  class=\"builder_row_cover tf_abs\" data-lazy=\"1\"><\/span>            <div class=\"row_inner col_align_middle tb_col_count_2 tf_box tf_rel\">\n                        <div  data-lazy=\"1\" class=\"module_column tb-column col3-2 tb_ewwi552 first\">\n                    <!-- module text -->\n<div  class=\"module module-text tb_0vkq055   \" data-lazy=\"1\">\n        <div  class=\"tb_text_wrap\">\n        <h2>LA HISTORIA Y EL EQUIPO<br>DETR\u00c1S DE ORENDA SECURITY <sup>\u00ae<\/sup><\/h2>    <\/div>\n<\/div>\n<!-- \/module text --><!-- module text -->\n<div  class=\"module module-text tb_tw4e554   \" data-lazy=\"1\">\n        <div  class=\"tb_text_wrap\">\n        <p>Orenda Security <sup>\u00ae<\/sup> es una empresa de seguridad de la informaci\u00f3n de \u00e9lite fundada sobre la base de la integridad y la colaboraci\u00f3n con nuestro personal y, lo que es m\u00e1s importante, con nuestros clientes.<\/p>    <\/div>\n<\/div>\n<!-- \/module text --><!-- module buttons -->\n<div  class=\"module module-buttons tb_vyyi595 buttons-horizontal outline   circle\" data-lazy=\"1\">\n        <div class=\"module-buttons-item tf_in_flx\">\n                        <a href=\"\/about\/\" class=\"ui builder_button tf_in_flx tb_default_color\" >\n                                                SOBRE NOSOTROS                                        <\/a>\n                <\/div>\n            <\/div>\n<!-- \/module buttons -->\n        <\/div>\n                    <div  data-lazy=\"1\" class=\"module_column tb-column col3-1 tb_zftf070 last\">\n                            <\/div>\n                        <\/div>\n        <\/div>\n            <\/div>\n<!--\/themify_builder_content--><\/div>\n<\/div>\n<!-- \/module template_part -->        <\/div>\n                        <\/div>\n        <\/div>\n        <\/div>\n<!--\/themify_builder_content-->","protected":false},"excerpt":{"rendered":"<p>Concienciaci\u00f3n sobre seguridad Los programas de concienciaci\u00f3n sobre seguridad son esenciales para dotar a los empleados de los conocimientos necesarios para reconocer y responder a posibles amenazas de ciberseguridad. Estas iniciativas contribuyen a crear una plantilla consciente de la seguridad, lo que reduce la probabilidad de que se produzcan errores humanos que den lugar a [&hellip;]<\/p>\n","protected":false},"author":1,"featured_media":0,"parent":0,"menu_order":0,"comment_status":"closed","ping_status":"closed","template":"","meta":{"_monsterinsights_skip_tracking":false,"_monsterinsights_sitenote_active":false,"_monsterinsights_sitenote_note":"","_monsterinsights_sitenote_category":0,"footnotes":""},"class_list":["post-2598","page","type-page","status-publish","hentry","has-post-title","has-post-date","has-post-category","has-post-tag","has-post-comment","has-post-author",""],"yoast_head":"<!-- This site is optimized with the Yoast SEO plugin v27.5 - https:\/\/yoast.com\/product\/yoast-seo-wordpress\/ -->\n<title>Concienciaci\u00f3n sobre seguridad - Orenda Security<\/title>\n<meta name=\"robots\" content=\"index, follow, max-snippet:-1, max-image-preview:large, max-video-preview:-1\" \/>\n<link rel=\"canonical\" href=\"https:\/\/orendasecurity.com\/es\/concienciacion-sobre-seguridad\/\" \/>\n<meta property=\"og:locale\" content=\"es_ES\" \/>\n<meta property=\"og:type\" content=\"article\" \/>\n<meta property=\"og:title\" content=\"Concienciaci\u00f3n sobre seguridad - Orenda Security\" \/>\n<meta property=\"og:description\" content=\"Concienciaci\u00f3n sobre seguridad Los programas de concienciaci\u00f3n sobre seguridad son esenciales para dotar a los empleados de los conocimientos necesarios para reconocer y responder a posibles amenazas de ciberseguridad. Estas iniciativas contribuyen a crear una plantilla consciente de la seguridad, lo que reduce la probabilidad de que se produzcan errores humanos que den lugar a [&hellip;]\" \/>\n<meta property=\"og:url\" content=\"https:\/\/orendasecurity.com\/es\/concienciacion-sobre-seguridad\/\" \/>\n<meta property=\"og:site_name\" content=\"Orenda Security\" \/>\n<meta property=\"article:modified_time\" content=\"2025-10-17T14:24:23+00:00\" \/>\n<meta name=\"twitter:card\" content=\"summary_large_image\" \/>\n<meta name=\"twitter:label1\" content=\"Tiempo de lectura\" \/>\n\t<meta name=\"twitter:data1\" content=\"2 minutos\" \/>\n<script type=\"application\/ld+json\" class=\"yoast-schema-graph\">{\"@context\":\"https:\\\/\\\/schema.org\",\"@graph\":[{\"@type\":\"WebPage\",\"@id\":\"https:\\\/\\\/orendasecurity.com\\\/es\\\/concienciacion-sobre-seguridad\\\/\",\"url\":\"https:\\\/\\\/orendasecurity.com\\\/es\\\/concienciacion-sobre-seguridad\\\/\",\"name\":\"Concienciaci\u00f3n sobre seguridad - Orenda Security\",\"isPartOf\":{\"@id\":\"https:\\\/\\\/orendasecurity.com\\\/#website\"},\"datePublished\":\"2025-09-19T18:00:22+00:00\",\"dateModified\":\"2025-10-17T14:24:23+00:00\",\"breadcrumb\":{\"@id\":\"https:\\\/\\\/orendasecurity.com\\\/es\\\/concienciacion-sobre-seguridad\\\/#breadcrumb\"},\"inLanguage\":\"es\",\"potentialAction\":[{\"@type\":\"ReadAction\",\"target\":[\"https:\\\/\\\/orendasecurity.com\\\/es\\\/concienciacion-sobre-seguridad\\\/\"]}]},{\"@type\":\"BreadcrumbList\",\"@id\":\"https:\\\/\\\/orendasecurity.com\\\/es\\\/concienciacion-sobre-seguridad\\\/#breadcrumb\",\"itemListElement\":[{\"@type\":\"ListItem\",\"position\":1,\"name\":\"Home\",\"item\":\"https:\\\/\\\/orendasecurity.com\\\/es\\\/\"},{\"@type\":\"ListItem\",\"position\":2,\"name\":\"Concienciaci\u00f3n sobre seguridad\"}]},{\"@type\":\"WebSite\",\"@id\":\"https:\\\/\\\/orendasecurity.com\\\/#website\",\"url\":\"https:\\\/\\\/orendasecurity.com\\\/\",\"name\":\"Orenda Security\",\"description\":\"\",\"publisher\":{\"@id\":\"https:\\\/\\\/orendasecurity.com\\\/#organization\"},\"potentialAction\":[{\"@type\":\"SearchAction\",\"target\":{\"@type\":\"EntryPoint\",\"urlTemplate\":\"https:\\\/\\\/orendasecurity.com\\\/?s={search_term_string}\"},\"query-input\":{\"@type\":\"PropertyValueSpecification\",\"valueRequired\":true,\"valueName\":\"search_term_string\"}}],\"inLanguage\":\"es\"},{\"@type\":\"Organization\",\"@id\":\"https:\\\/\\\/orendasecurity.com\\\/#organization\",\"name\":\"Orenda Security\",\"url\":\"https:\\\/\\\/orendasecurity.com\\\/\",\"logo\":{\"@type\":\"ImageObject\",\"inLanguage\":\"es\",\"@id\":\"https:\\\/\\\/orendasecurity.com\\\/#\\\/schema\\\/logo\\\/image\\\/\",\"url\":\"https:\\\/\\\/orendasecurity.com\\\/wp-content\\\/uploads\\\/2019\\\/08\\\/OrendaSecurity__Logo.png\",\"contentUrl\":\"https:\\\/\\\/orendasecurity.com\\\/wp-content\\\/uploads\\\/2019\\\/08\\\/OrendaSecurity__Logo.png\",\"width\":432,\"height\":173,\"caption\":\"Orenda Security\"},\"image\":{\"@id\":\"https:\\\/\\\/orendasecurity.com\\\/#\\\/schema\\\/logo\\\/image\\\/\"}}]}<\/script>\n<!-- \/ Yoast SEO plugin. -->","yoast_head_json":{"title":"Concienciaci\u00f3n sobre seguridad - Orenda Security","robots":{"index":"index","follow":"follow","max-snippet":"max-snippet:-1","max-image-preview":"max-image-preview:large","max-video-preview":"max-video-preview:-1"},"canonical":"https:\/\/orendasecurity.com\/es\/concienciacion-sobre-seguridad\/","og_locale":"es_ES","og_type":"article","og_title":"Concienciaci\u00f3n sobre seguridad - Orenda Security","og_description":"Concienciaci\u00f3n sobre seguridad Los programas de concienciaci\u00f3n sobre seguridad son esenciales para dotar a los empleados de los conocimientos necesarios para reconocer y responder a posibles amenazas de ciberseguridad. Estas iniciativas contribuyen a crear una plantilla consciente de la seguridad, lo que reduce la probabilidad de que se produzcan errores humanos que den lugar a [&hellip;]","og_url":"https:\/\/orendasecurity.com\/es\/concienciacion-sobre-seguridad\/","og_site_name":"Orenda Security","article_modified_time":"2025-10-17T14:24:23+00:00","twitter_card":"summary_large_image","twitter_misc":{"Tiempo de lectura":"2 minutos"},"schema":{"@context":"https:\/\/schema.org","@graph":[{"@type":"WebPage","@id":"https:\/\/orendasecurity.com\/es\/concienciacion-sobre-seguridad\/","url":"https:\/\/orendasecurity.com\/es\/concienciacion-sobre-seguridad\/","name":"Concienciaci\u00f3n sobre seguridad - Orenda Security","isPartOf":{"@id":"https:\/\/orendasecurity.com\/#website"},"datePublished":"2025-09-19T18:00:22+00:00","dateModified":"2025-10-17T14:24:23+00:00","breadcrumb":{"@id":"https:\/\/orendasecurity.com\/es\/concienciacion-sobre-seguridad\/#breadcrumb"},"inLanguage":"es","potentialAction":[{"@type":"ReadAction","target":["https:\/\/orendasecurity.com\/es\/concienciacion-sobre-seguridad\/"]}]},{"@type":"BreadcrumbList","@id":"https:\/\/orendasecurity.com\/es\/concienciacion-sobre-seguridad\/#breadcrumb","itemListElement":[{"@type":"ListItem","position":1,"name":"Home","item":"https:\/\/orendasecurity.com\/es\/"},{"@type":"ListItem","position":2,"name":"Concienciaci\u00f3n sobre seguridad"}]},{"@type":"WebSite","@id":"https:\/\/orendasecurity.com\/#website","url":"https:\/\/orendasecurity.com\/","name":"Orenda Security","description":"","publisher":{"@id":"https:\/\/orendasecurity.com\/#organization"},"potentialAction":[{"@type":"SearchAction","target":{"@type":"EntryPoint","urlTemplate":"https:\/\/orendasecurity.com\/?s={search_term_string}"},"query-input":{"@type":"PropertyValueSpecification","valueRequired":true,"valueName":"search_term_string"}}],"inLanguage":"es"},{"@type":"Organization","@id":"https:\/\/orendasecurity.com\/#organization","name":"Orenda Security","url":"https:\/\/orendasecurity.com\/","logo":{"@type":"ImageObject","inLanguage":"es","@id":"https:\/\/orendasecurity.com\/#\/schema\/logo\/image\/","url":"https:\/\/orendasecurity.com\/wp-content\/uploads\/2019\/08\/OrendaSecurity__Logo.png","contentUrl":"https:\/\/orendasecurity.com\/wp-content\/uploads\/2019\/08\/OrendaSecurity__Logo.png","width":432,"height":173,"caption":"Orenda Security"},"image":{"@id":"https:\/\/orendasecurity.com\/#\/schema\/logo\/image\/"}}]}},"_links":{"self":[{"href":"https:\/\/orendasecurity.com\/es\/wp-json\/wp\/v2\/pages\/2598","targetHints":{"allow":["GET"]}}],"collection":[{"href":"https:\/\/orendasecurity.com\/es\/wp-json\/wp\/v2\/pages"}],"about":[{"href":"https:\/\/orendasecurity.com\/es\/wp-json\/wp\/v2\/types\/page"}],"author":[{"embeddable":true,"href":"https:\/\/orendasecurity.com\/es\/wp-json\/wp\/v2\/users\/1"}],"replies":[{"embeddable":true,"href":"https:\/\/orendasecurity.com\/es\/wp-json\/wp\/v2\/comments?post=2598"}],"version-history":[{"count":0,"href":"https:\/\/orendasecurity.com\/es\/wp-json\/wp\/v2\/pages\/2598\/revisions"}],"wp:attachment":[{"href":"https:\/\/orendasecurity.com\/es\/wp-json\/wp\/v2\/media?parent=2598"}],"curies":[{"name":"wp","href":"https:\/\/api.w.org\/{rel}","templated":true}]}}