{"id":2004,"date":"2025-08-21T14:41:20","date_gmt":"2025-08-21T18:41:20","guid":{"rendered":"https:\/\/orendasecurity.com\/services\/offensive-security-copy\/"},"modified":"2025-08-29T13:36:21","modified_gmt":"2025-08-29T17:36:21","slug":"securite-offensive","status":"publish","type":"page","link":"https:\/\/orendasecurity.com\/fr\/services\/securite-offensive\/","title":{"rendered":"S\u00e9curit\u00e9 offensive"},"content":{"rendered":"<!--themify_builder_content-->\n<div id=\"themify_builder_content-2004\" data-postid=\"2004\" class=\"themify_builder_content themify_builder_content-2004 themify_builder tf_clear\">\n                    <div  data-lazy=\"1\" class=\"module_row themify_builder_row tb_fuhe501 tb_first tf_w\">\n            <span class=\"tb_row_frame_wrap tf_overflow tf_abs\" data-lazy=\"1\"><span class=\"tb_row_frame tb_row_frame_bottom  tf_abs tf_hide tf_overflow tf_w\"><\/span><\/span>            <div class=\"row_inner col_align_top tb_col_count_1 tf_box tf_rel\">\n                        <div  data-lazy=\"1\" class=\"module_column tb-column col-full tb_1nqt177 first\">\n                            <div  data-lazy=\"1\" class=\"module_subrow themify_builder_sub_row tf_w col_align_top tb_col_count_1 tb_miy5000\">\n                <div  data-lazy=\"1\" class=\"module_column sub_column col-full tb_baxp000 first\">\n                    <!-- module text -->\n<div  class=\"module module-text tb_je5p088   \" data-lazy=\"1\">\n        <div  class=\"tb_text_wrap\">\n        <h1>S\u00e9curit\u00e9 Offensive<\/h1>    <\/div>\n<\/div>\n<!-- \/module text -->        <\/div>\n                    <\/div>\n                <div  data-lazy=\"1\" class=\"module_subrow themify_builder_sub_row tf_w col_align_top tb_col_count_1 tb_crux008\">\n                <div  data-lazy=\"1\" class=\"module_column sub_column col-full tb_qryv050 first\">\n                    <!-- module text -->\n<div  class=\"module module-text tb_kxlg005   \" data-lazy=\"1\">\n        <div  class=\"tb_text_wrap\">\n        <p>D\u00e9couvrez vos faiblesses avant que les pirates ne le fassent en testant activement vos d\u00e9fenses. La s\u00e9curit\u00e9 offensive utilise des techniques r\u00e9elles pour mettre en \u00e9vidence les failles, am\u00e9liorer la r\u00e9silience et renforcer votre posture globale en mati\u00e8re de cybers\u00e9curit\u00e9.<\/p>    <\/div>\n<\/div>\n<!-- \/module text -->        <\/div>\n                    <\/div>\n                <div  data-lazy=\"1\" class=\"module_subrow themify_builder_sub_row tf_w col_align_top tb_col_count_2 tb_uhwe001\">\n                <div  data-lazy=\"1\" class=\"module_column sub_column col4-2 tb_c34d000 first\">\n                    <!-- module buttons -->\n<div  class=\"module module-buttons tb_0xmu010 buttons-horizontal solid   circle\" data-lazy=\"1\">\n        <div class=\"module-buttons-item tf_in_flx\">\n                        <a href=\"\/fr\/demander-un-devis\/\" class=\"ui builder_button tf_in_flx tb_default_color\" target=\"_blank\" rel=\"noopener\">\n                                                DEMANDER UN DEVIS                                        <\/a>\n                <\/div>\n            <\/div>\n<!-- \/module buttons -->\n        <\/div>\n                    <div  data-lazy=\"1\" class=\"module_column sub_column col4-2 tb_yo43020 last\">\n                            <\/div>\n                    <\/div>\n                <\/div>\n                        <\/div>\n        <\/div>\n                        <div  data-lazy=\"1\" class=\"module_row themify_builder_row accounting-services accounting-services-border tb_cuu3505 tf_w\">\n                        <div class=\"row_inner col_align_top tb_col_count_1 tf_box tf_rel\">\n                        <div  data-lazy=\"1\" class=\"module_column tb-column col-full tb_wcqm090 first\">\n                    <!-- module fancy heading -->\n<div  class=\"module module-fancy-heading tb_uvju157 \" data-lazy=\"1\">\n        <h1 class=\"fancy-heading\">\n    <span class=\"main-head tf_block\">\n                                <\/span>\n\n    \n    <span class=\"sub-head tf_block tf_rel\">\n                    D\u00e9couvrez des services de s\u00e9curit\u00e9 offensive sur mesure con\u00e7us pour identifier les risques et renforcer vos d\u00e9fenses.            <\/span>\n    <\/h1>\n<\/div>\n<!-- \/module fancy heading -->\n<!-- module text -->\n<div  class=\"module module-text tb_z458058   \" data-lazy=\"1\">\n        <div  class=\"tb_text_wrap\">\n        <h2>\u00c9quipe rouge \/ Tests de simulation adverses<\/h2>    <\/div>\n<\/div>\n<!-- \/module text --><!-- module text -->\n<div  class=\"module module-text tb_f7i0011   \" data-lazy=\"1\">\n        <div  class=\"tb_text_wrap\">\n        <p>Les tests de simulation d&rsquo;attaques par une \u00e9quipe rouge et adversaire reproduisent des cyberattaques r\u00e9elles afin d&rsquo;\u00e9valuer les capacit\u00e9s de d\u00e9tection, de r\u00e9ponse et de d\u00e9fense d&rsquo;une organisation. Contrairement aux tests de p\u00e9n\u00e9tration traditionnels, les exercices de l&rsquo;\u00e9quipe rouge imitent les acteurs malveillants avanc\u00e9s qui utilisent des tactiques furtives en plusieurs \u00e9tapes pour atteindre des objectifs sp\u00e9cifiques, tels que l&rsquo;exfiltration de donn\u00e9es ou la compromission du syst\u00e8me. Ces attaques contr\u00f4l\u00e9es testent non seulement les vuln\u00e9rabilit\u00e9s techniques, mais aussi les faiblesses humaines et proc\u00e9durales au sein de l&rsquo;organisation. En simulant des sc\u00e9narios \u00e0 fort impact, les interventions de l&rsquo;\u00e9quipe rouge fournissent des informations exploitables pour renforcer la posture de s\u00e9curit\u00e9, am\u00e9liorer la r\u00e9ponse aux incidents et valider l&rsquo;efficacit\u00e9 des contr\u00f4les de s\u00e9curit\u00e9 en temps r\u00e9el.<\/p>    <\/div>\n<\/div>\n<!-- \/module text --><!-- module buttons -->\n<div  class=\"module module-buttons tb_nl7g115 buttons-horizontal solid   circle\" data-lazy=\"1\">\n        <div class=\"module-buttons-item tf_in_flx\">\n                        <a href=\"\/fr\/services\/equipe-rouge-tests-simulation-adverses\/\" class=\"ui builder_button tf_in_flx tb_default_color\" target=\"_blank\" rel=\"noopener\">\n                                                EN SAVOIR PLUS                                        <\/a>\n                <\/div>\n            <\/div>\n<!-- \/module buttons -->\n        <\/div>\n                        <\/div>\n        <\/div>\n                        <div  data-lazy=\"1\" class=\"module_row themify_builder_row accounting-services accounting-services-border tb_4i2r021 tf_w\">\n                        <div class=\"row_inner col_align_top tb_col_count_1 tf_box tf_rel\">\n                        <div  data-lazy=\"1\" class=\"module_column tb-column col-full tb_2g6a005 first\">\n                    <!-- module text -->\n<div  class=\"module module-text tb_je9l000   \" data-lazy=\"1\">\n        <div  class=\"tb_text_wrap\">\n        <h2>Test d&rsquo;intrusion pour l&rsquo;IA g\u00e9n\u00e9rative, l&rsquo;apprentissage automatique et les grands mod\u00e8les de langage (LLM)<\/h2>    <\/div>\n<\/div>\n<!-- \/module text --><!-- module text -->\n<div  class=\"module module-text tb_8ocz101   \" data-lazy=\"1\">\n        <div  class=\"tb_text_wrap\">\n        <p>Les tests d&rsquo;intrusion pour l&rsquo;IA g\u00e9n\u00e9rative, l&rsquo;apprentissage automatique et les grands mod\u00e8les de langage (LLM) permettent de d\u00e9tecter les vuln\u00e9rabilit\u00e9s propres aux syst\u00e8mes bas\u00e9s sur l&rsquo;IA, telles que l&#8217;empoisonnement des mod\u00e8les, l&rsquo;injection de prompts, les fuites de donn\u00e9es et les entr\u00e9es adversaires. Ces tests simulent des attaques r\u00e9elles ciblant les pipelines d&rsquo;IA, les donn\u00e9es d&rsquo;entra\u00eenement, les sorties des mod\u00e8les et les API afin d&rsquo;\u00e9valuer la robustesse du syst\u00e8me et d&rsquo;identifier les failles exploitables. En \u00e9valuant la s\u00e9curit\u00e9 \u00e0 toutes les \u00e9tapes du cycle de vie des mod\u00e8les, de la collecte des donn\u00e9es au d\u00e9ploiement, les tests d&rsquo;intrusion IA\/ML permettent de pr\u00e9venir la manipulation, l&rsquo;acc\u00e8s non autoris\u00e9 ou l&rsquo;utilisation abusive d&rsquo;informations sensibles. Ce processus renforce la confiance, la s\u00e9curit\u00e9 et la conformit\u00e9 des syst\u00e8mes intelligents dans les environnements \u00e0 haut risque.<\/p>    <\/div>\n<\/div>\n<!-- \/module text --><!-- module buttons -->\n<div  class=\"module module-buttons tb_bz84000 buttons-horizontal solid   circle\" data-lazy=\"1\">\n        <div class=\"module-buttons-item tf_in_flx\">\n                        <a href=\"\/fr\/services\/test-intrusion-ia\/\" class=\"ui builder_button tf_in_flx tb_default_color\" target=\"_blank\" rel=\"noopener\">\n                                                EN SAVOIR PLUS                                        <\/a>\n                <\/div>\n            <\/div>\n<!-- \/module buttons -->\n        <\/div>\n                        <\/div>\n        <\/div>\n        <\/div>\n<!--\/themify_builder_content-->","protected":false},"excerpt":{"rendered":"<p>S\u00e9curit\u00e9 Offensive D\u00e9couvrez vos faiblesses avant que les pirates ne le fassent en testant activement vos d\u00e9fenses. La s\u00e9curit\u00e9 offensive utilise des techniques r\u00e9elles pour mettre en \u00e9vidence les failles, am\u00e9liorer la r\u00e9silience et renforcer votre posture globale en mati\u00e8re de cybers\u00e9curit\u00e9. DEMANDER UN DEVIS D\u00e9couvrez des services de s\u00e9curit\u00e9 offensive sur mesure con\u00e7us pour [&hellip;]<\/p>\n","protected":false},"author":1,"featured_media":0,"parent":947,"menu_order":0,"comment_status":"closed","ping_status":"closed","template":"","meta":{"_monsterinsights_skip_tracking":false,"_monsterinsights_sitenote_active":false,"_monsterinsights_sitenote_note":"","_monsterinsights_sitenote_category":0,"footnotes":""},"class_list":["post-2004","page","type-page","status-publish","hentry","has-post-title","has-post-date","has-post-category","has-post-tag","has-post-comment","has-post-author",""],"yoast_head":"<!-- This site is optimized with the Yoast SEO plugin v27.4 - https:\/\/yoast.com\/product\/yoast-seo-wordpress\/ -->\n<title>S\u00e9curit\u00e9 offensive - Orenda Security<\/title>\n<meta name=\"robots\" content=\"index, follow, max-snippet:-1, max-image-preview:large, max-video-preview:-1\" \/>\n<link rel=\"canonical\" href=\"https:\/\/orendasecurity.com\/fr\/services\/securite-offensive\/\" \/>\n<meta property=\"og:locale\" content=\"fr_FR\" \/>\n<meta property=\"og:type\" content=\"article\" \/>\n<meta property=\"og:title\" content=\"S\u00e9curit\u00e9 offensive - Orenda Security\" \/>\n<meta property=\"og:description\" content=\"S\u00e9curit\u00e9 Offensive D\u00e9couvrez vos faiblesses avant que les pirates ne le fassent en testant activement vos d\u00e9fenses. La s\u00e9curit\u00e9 offensive utilise des techniques r\u00e9elles pour mettre en \u00e9vidence les failles, am\u00e9liorer la r\u00e9silience et renforcer votre posture globale en mati\u00e8re de cybers\u00e9curit\u00e9. DEMANDER UN DEVIS D\u00e9couvrez des services de s\u00e9curit\u00e9 offensive sur mesure con\u00e7us pour [&hellip;]\" \/>\n<meta property=\"og:url\" content=\"https:\/\/orendasecurity.com\/fr\/services\/securite-offensive\/\" \/>\n<meta property=\"og:site_name\" content=\"Orenda Security\" \/>\n<meta property=\"article:modified_time\" content=\"2025-08-29T17:36:21+00:00\" \/>\n<meta name=\"twitter:card\" content=\"summary_large_image\" \/>\n<meta name=\"twitter:label1\" content=\"Dur\u00e9e de lecture estim\u00e9e\" \/>\n\t<meta name=\"twitter:data1\" content=\"2 minutes\" \/>\n<script type=\"application\/ld+json\" class=\"yoast-schema-graph\">{\"@context\":\"https:\\\/\\\/schema.org\",\"@graph\":[{\"@type\":\"WebPage\",\"@id\":\"https:\\\/\\\/orendasecurity.com\\\/fr\\\/services\\\/securite-offensive\\\/\",\"url\":\"https:\\\/\\\/orendasecurity.com\\\/fr\\\/services\\\/securite-offensive\\\/\",\"name\":\"S\u00e9curit\u00e9 offensive - Orenda Security\",\"isPartOf\":{\"@id\":\"https:\\\/\\\/orendasecurity.com\\\/#website\"},\"datePublished\":\"2025-08-21T18:41:20+00:00\",\"dateModified\":\"2025-08-29T17:36:21+00:00\",\"breadcrumb\":{\"@id\":\"https:\\\/\\\/orendasecurity.com\\\/fr\\\/services\\\/securite-offensive\\\/#breadcrumb\"},\"inLanguage\":\"fr-FR\",\"potentialAction\":[{\"@type\":\"ReadAction\",\"target\":[\"https:\\\/\\\/orendasecurity.com\\\/fr\\\/services\\\/securite-offensive\\\/\"]}]},{\"@type\":\"BreadcrumbList\",\"@id\":\"https:\\\/\\\/orendasecurity.com\\\/fr\\\/services\\\/securite-offensive\\\/#breadcrumb\",\"itemListElement\":[{\"@type\":\"ListItem\",\"position\":1,\"name\":\"Home\",\"item\":\"https:\\\/\\\/orendasecurity.com\\\/fr\\\/\"},{\"@type\":\"ListItem\",\"position\":2,\"name\":\"Services\",\"item\":\"https:\\\/\\\/orendasecurity.com\\\/fr\\\/services\\\/\"},{\"@type\":\"ListItem\",\"position\":3,\"name\":\"S\u00e9curit\u00e9 offensive\"}]},{\"@type\":\"WebSite\",\"@id\":\"https:\\\/\\\/orendasecurity.com\\\/#website\",\"url\":\"https:\\\/\\\/orendasecurity.com\\\/\",\"name\":\"Orenda Security\",\"description\":\"\",\"publisher\":{\"@id\":\"https:\\\/\\\/orendasecurity.com\\\/#organization\"},\"potentialAction\":[{\"@type\":\"SearchAction\",\"target\":{\"@type\":\"EntryPoint\",\"urlTemplate\":\"https:\\\/\\\/orendasecurity.com\\\/?s={search_term_string}\"},\"query-input\":{\"@type\":\"PropertyValueSpecification\",\"valueRequired\":true,\"valueName\":\"search_term_string\"}}],\"inLanguage\":\"fr-FR\"},{\"@type\":\"Organization\",\"@id\":\"https:\\\/\\\/orendasecurity.com\\\/#organization\",\"name\":\"Orenda Security\",\"url\":\"https:\\\/\\\/orendasecurity.com\\\/\",\"logo\":{\"@type\":\"ImageObject\",\"inLanguage\":\"fr-FR\",\"@id\":\"https:\\\/\\\/orendasecurity.com\\\/#\\\/schema\\\/logo\\\/image\\\/\",\"url\":\"https:\\\/\\\/orendasecurity.com\\\/wp-content\\\/uploads\\\/2019\\\/08\\\/OrendaSecurity__Logo.png\",\"contentUrl\":\"https:\\\/\\\/orendasecurity.com\\\/wp-content\\\/uploads\\\/2019\\\/08\\\/OrendaSecurity__Logo.png\",\"width\":432,\"height\":173,\"caption\":\"Orenda Security\"},\"image\":{\"@id\":\"https:\\\/\\\/orendasecurity.com\\\/#\\\/schema\\\/logo\\\/image\\\/\"}}]}<\/script>\n<!-- \/ Yoast SEO plugin. -->","yoast_head_json":{"title":"S\u00e9curit\u00e9 offensive - Orenda Security","robots":{"index":"index","follow":"follow","max-snippet":"max-snippet:-1","max-image-preview":"max-image-preview:large","max-video-preview":"max-video-preview:-1"},"canonical":"https:\/\/orendasecurity.com\/fr\/services\/securite-offensive\/","og_locale":"fr_FR","og_type":"article","og_title":"S\u00e9curit\u00e9 offensive - Orenda Security","og_description":"S\u00e9curit\u00e9 Offensive D\u00e9couvrez vos faiblesses avant que les pirates ne le fassent en testant activement vos d\u00e9fenses. La s\u00e9curit\u00e9 offensive utilise des techniques r\u00e9elles pour mettre en \u00e9vidence les failles, am\u00e9liorer la r\u00e9silience et renforcer votre posture globale en mati\u00e8re de cybers\u00e9curit\u00e9. DEMANDER UN DEVIS D\u00e9couvrez des services de s\u00e9curit\u00e9 offensive sur mesure con\u00e7us pour [&hellip;]","og_url":"https:\/\/orendasecurity.com\/fr\/services\/securite-offensive\/","og_site_name":"Orenda Security","article_modified_time":"2025-08-29T17:36:21+00:00","twitter_card":"summary_large_image","twitter_misc":{"Dur\u00e9e de lecture estim\u00e9e":"2 minutes"},"schema":{"@context":"https:\/\/schema.org","@graph":[{"@type":"WebPage","@id":"https:\/\/orendasecurity.com\/fr\/services\/securite-offensive\/","url":"https:\/\/orendasecurity.com\/fr\/services\/securite-offensive\/","name":"S\u00e9curit\u00e9 offensive - Orenda Security","isPartOf":{"@id":"https:\/\/orendasecurity.com\/#website"},"datePublished":"2025-08-21T18:41:20+00:00","dateModified":"2025-08-29T17:36:21+00:00","breadcrumb":{"@id":"https:\/\/orendasecurity.com\/fr\/services\/securite-offensive\/#breadcrumb"},"inLanguage":"fr-FR","potentialAction":[{"@type":"ReadAction","target":["https:\/\/orendasecurity.com\/fr\/services\/securite-offensive\/"]}]},{"@type":"BreadcrumbList","@id":"https:\/\/orendasecurity.com\/fr\/services\/securite-offensive\/#breadcrumb","itemListElement":[{"@type":"ListItem","position":1,"name":"Home","item":"https:\/\/orendasecurity.com\/fr\/"},{"@type":"ListItem","position":2,"name":"Services","item":"https:\/\/orendasecurity.com\/fr\/services\/"},{"@type":"ListItem","position":3,"name":"S\u00e9curit\u00e9 offensive"}]},{"@type":"WebSite","@id":"https:\/\/orendasecurity.com\/#website","url":"https:\/\/orendasecurity.com\/","name":"Orenda Security","description":"","publisher":{"@id":"https:\/\/orendasecurity.com\/#organization"},"potentialAction":[{"@type":"SearchAction","target":{"@type":"EntryPoint","urlTemplate":"https:\/\/orendasecurity.com\/?s={search_term_string}"},"query-input":{"@type":"PropertyValueSpecification","valueRequired":true,"valueName":"search_term_string"}}],"inLanguage":"fr-FR"},{"@type":"Organization","@id":"https:\/\/orendasecurity.com\/#organization","name":"Orenda Security","url":"https:\/\/orendasecurity.com\/","logo":{"@type":"ImageObject","inLanguage":"fr-FR","@id":"https:\/\/orendasecurity.com\/#\/schema\/logo\/image\/","url":"https:\/\/orendasecurity.com\/wp-content\/uploads\/2019\/08\/OrendaSecurity__Logo.png","contentUrl":"https:\/\/orendasecurity.com\/wp-content\/uploads\/2019\/08\/OrendaSecurity__Logo.png","width":432,"height":173,"caption":"Orenda Security"},"image":{"@id":"https:\/\/orendasecurity.com\/#\/schema\/logo\/image\/"}}]}},"_links":{"self":[{"href":"https:\/\/orendasecurity.com\/fr\/wp-json\/wp\/v2\/pages\/2004","targetHints":{"allow":["GET"]}}],"collection":[{"href":"https:\/\/orendasecurity.com\/fr\/wp-json\/wp\/v2\/pages"}],"about":[{"href":"https:\/\/orendasecurity.com\/fr\/wp-json\/wp\/v2\/types\/page"}],"author":[{"embeddable":true,"href":"https:\/\/orendasecurity.com\/fr\/wp-json\/wp\/v2\/users\/1"}],"replies":[{"embeddable":true,"href":"https:\/\/orendasecurity.com\/fr\/wp-json\/wp\/v2\/comments?post=2004"}],"version-history":[{"count":0,"href":"https:\/\/orendasecurity.com\/fr\/wp-json\/wp\/v2\/pages\/2004\/revisions"}],"up":[{"embeddable":true,"href":"https:\/\/orendasecurity.com\/fr\/wp-json\/wp\/v2\/pages\/947"}],"wp:attachment":[{"href":"https:\/\/orendasecurity.com\/fr\/wp-json\/wp\/v2\/media?parent=2004"}],"curies":[{"name":"wp","href":"https:\/\/api.w.org\/{rel}","templated":true}]}}