{"id":2013,"date":"2025-08-21T14:41:56","date_gmt":"2025-08-21T18:41:56","guid":{"rendered":"https:\/\/orendasecurity.com\/services\/ot-ics-copy\/"},"modified":"2025-08-29T12:36:01","modified_gmt":"2025-08-29T16:36:01","slug":"ot-ics","status":"publish","type":"page","link":"https:\/\/orendasecurity.com\/fr\/services\/ot-ics\/","title":{"rendered":"OT\/ICS"},"content":{"rendered":"<!--themify_builder_content-->\n<div id=\"themify_builder_content-2013\" data-postid=\"2013\" class=\"themify_builder_content themify_builder_content-2013 themify_builder tf_clear\">\n                    <div  data-lazy=\"1\" class=\"module_row themify_builder_row tb_wme9200 tb_first tf_w\">\n            <span class=\"tb_row_frame_wrap tf_overflow tf_abs\" data-lazy=\"1\"><span class=\"tb_row_frame tb_row_frame_bottom  tf_abs tf_hide tf_overflow tf_w\"><\/span><\/span>            <div class=\"row_inner col_align_top tb_col_count_1 tf_box tf_rel\">\n                        <div  data-lazy=\"1\" class=\"module_column tb-column col-full tb_0och020 first\">\n                            <div  data-lazy=\"1\" class=\"module_subrow themify_builder_sub_row tf_w col_align_top tb_col_count_1 tb_b5nq340\">\n                <div  data-lazy=\"1\" class=\"module_column sub_column col-full tb_bcaa392 first\">\n                    <!-- module text -->\n<div  class=\"module module-text tb_ixul926   \" data-lazy=\"1\">\n        <div  class=\"tb_text_wrap\">\n        <h1>Tests d&rsquo;intrusion OT<\/h1>    <\/div>\n<\/div>\n<!-- \/module text -->        <\/div>\n                    <\/div>\n                <div  data-lazy=\"1\" class=\"module_subrow themify_builder_sub_row tf_w col_align_top tb_col_count_1 tb_q8i8022\">\n                <div  data-lazy=\"1\" class=\"module_column sub_column col-full tb_m125920 first\">\n                    <!-- module text -->\n<div  class=\"module module-text tb_2mh4046   \" data-lazy=\"1\">\n        <div  class=\"tb_text_wrap\">\n        <p>Les tests d&rsquo;intrusion OT aident les organisations \u00e0 s\u00e9curiser leurs syst\u00e8mes industriels en identifiant les vuln\u00e9rabilit\u00e9s gr\u00e2ce \u00e0 des simulations d&rsquo;attaques contr\u00f4l\u00e9es et r\u00e9alistes.<\/p>    <\/div>\n<\/div>\n<!-- \/module text -->        <\/div>\n                    <\/div>\n                <div  data-lazy=\"1\" class=\"module_subrow themify_builder_sub_row tf_w col_align_top tb_col_count_2 tb_kjaj74\">\n                <div  data-lazy=\"1\" class=\"module_column sub_column col4-2 tb_qmpo74 first\">\n                    <!-- module buttons -->\n<div  class=\"module module-buttons tb_lunl74 buttons-horizontal solid   circle\" data-lazy=\"1\">\n        <div class=\"module-buttons-item tf_in_flx\">\n                        <a href=\"\/fr\/demander-un-devis\/\" class=\"ui builder_button tf_in_flx tb_default_color\" target=\"_blank\" rel=\"noopener\">\n                                                DEMANDER UN DEVIS                                        <\/a>\n                <\/div>\n            <\/div>\n<!-- \/module buttons -->\n        <\/div>\n                    <div  data-lazy=\"1\" class=\"module_column sub_column col4-2 tb_pqgf74 last\">\n                            <\/div>\n                    <\/div>\n                <\/div>\n                        <\/div>\n        <\/div>\n                        <div  data-anchor=\"services\" data-lazy=\"1\" class=\"module_row themify_builder_row tb_has_section tb_section-services tb_egl7290 tf_w\">\n                        <div class=\"row_inner col_align_top tb_col_count_1 tf_box tf_rel\">\n                        <div  data-lazy=\"1\" class=\"module_column tb-column col-full tb_8zty115 first\">\n                    <!-- module text -->\n<div  class=\"module module-text tb_te2i000   \" data-lazy=\"1\">\n        <div  class=\"tb_text_wrap\">\n        <h2>Pourquoi les tests d&rsquo;intrusion OT sont-ils importants ?<\/h2>\n<p><strong>Renforcer la s\u00e9curit\u00e9 OT, ICS et SCADA gr\u00e2ce \u00e0 des tests d&rsquo;intrusion r\u00e9alis\u00e9s par des experts<\/strong><\/p>\n<ul>\n<li><strong>Aller au-del\u00e0 de la conformit\u00e9 :<\/strong> d\u00e9couvrir les menaces r\u00e9elles non couvertes par les \u00e9valuations standard.<\/li>\n<li><strong>Simuler des adversaires avanc\u00e9s :<\/strong> \u00e9muler les tactiques des \u00c9tats-nations, des initi\u00e9s et des ransomwares dans les environnements OT.<\/li>\n<li><strong>Pr\u00e9venir les temps d&rsquo;arr\u00eat co\u00fbteux :<\/strong> identifier les vuln\u00e9rabilit\u00e9s avant que les attaquants ne puissent les exploiter, afin de prot\u00e9ger la s\u00e9curit\u00e9, la disponibilit\u00e9 et la productivit\u00e9.<\/li>\n<li><strong>Compl\u00e9tez votre pile logicielle :<\/strong> renforcez les outils de d\u00e9tection et de d\u00e9fense existants gr\u00e2ce \u00e0 des tests offensifs qui valident leur efficacit\u00e9 dans le monde r\u00e9el.<\/li>\n<li><strong>Adapt\u00e9 aux r\u00e9alit\u00e9s OT :<\/strong> prot\u00e9gez la disponibilit\u00e9 gr\u00e2ce \u00e0 une approche sans interruption con\u00e7ue en fonction de la criticit\u00e9 des actifs, des syst\u00e8mes h\u00e9rit\u00e9s et des contraintes op\u00e9rationnelles.<\/li>\n<\/ul>    <\/div>\n<\/div>\n<!-- \/module text -->        <\/div>\n                        <\/div>\n        <\/div>\n                        <div  data-anchor=\"services\" data-lazy=\"1\" class=\"module_row themify_builder_row tb_has_section tb_section-services tb_6zlg253 tf_w\">\n                        <div class=\"row_inner col_align_top tb_col_count_1 tf_box tf_rel\">\n                        <div  data-lazy=\"1\" class=\"module_column tb-column col-full tb_uhn0090 first\">\n                    <!-- module fancy heading -->\n<div  class=\"module module-fancy-heading tb_9xdi009 \" data-lazy=\"1\">\n        <h1 class=\"fancy-heading\">\n    <span class=\"main-head tf_block\">\n                    Capacit\u00e9s de test d'intrusion OT            <\/span>\n\n    \n    <span class=\"sub-head tf_block tf_rel\">\n                    Tests complets et s\u00e9curis\u00e9s pour les environnements industriels critiques            <\/span>\n    <\/h1>\n<\/div>\n<!-- \/module fancy heading -->\n        <div  data-lazy=\"1\" class=\"module_subrow themify_builder_sub_row tf_w col_align_top gutter-none tb_col_count_4 tb_78tw650\">\n                <div  data-lazy=\"1\" class=\"module_column sub_column col4-1 tb_y0v3900 first\">\n                    <!-- module icon -->\n<div  class=\"module module-icon tb_wwca620  small none icon_horizontal \" data-lazy=\"1\">\n\t\t\t<div class=\"module-icon-item\">\n\t\t\t\t\t\t\t\t\t\t\t\t\t\t\t\t<img loading=\"lazy\" decoding=\"async\" src=\"https:\/\/zza.2bb.myftpupload.com\/wp-content\/uploads\/2025\/04\/Expertise-testing.png\" width=\"83\" height=\"83\" class=\"tf_box\" title=\"OT\/ICS\" alt=\"OT\/ICS\">\t\t\t\t\t\t\t\t\t\t\t\t\t\t<\/div>\n\t<\/div>\n<!-- \/module icon -->\n        <\/div>\n                    <div  data-lazy=\"1\" class=\"module_column sub_column col4-1 tb_6498290\">\n                    <!-- module text -->\n<div  class=\"module module-text tb_6lex609   \" data-lazy=\"1\">\n        <div  class=\"tb_text_wrap\">\n        <p><strong>EXPERTISE APPROFONDIE EN MATI\u00c8RE DE TESTS ICS\/SCADA<\/strong><\/p>\n<p>R\u00e9alis\u00e9s par des professionnels certifi\u00e9s CREST et accr\u00e9dit\u00e9s GICSP poss\u00e9dant une exp\u00e9rience approfondie en mati\u00e8re d&rsquo;ICS\/SCADA.<\/p>    <\/div>\n<\/div>\n<!-- \/module text -->        <\/div>\n                    <div  data-lazy=\"1\" class=\"module_column sub_column col4-1 tb_wjri066\">\n                    <!-- module icon -->\n<div  class=\"module module-icon tb_g4xm050  small none icon_horizontal \" data-lazy=\"1\">\n\t\t\t<div class=\"module-icon-item\">\n\t\t\t\t\t\t\t\t\t\t\t\t\t\t\t\t<img loading=\"lazy\" decoding=\"async\" src=\"https:\/\/zza.2bb.myftpupload.com\/wp-content\/uploads\/2025\/04\/hands-on-testing.png\" width=\"92\" height=\"83\" class=\"tf_box\" title=\"OT\/ICS\" alt=\"OT\/ICS\">\t\t\t\t\t\t\t\t\t\t\t\t\t\t<\/div>\n\t<\/div>\n<!-- \/module icon -->\n        <\/div>\n                    <div  data-lazy=\"1\" class=\"module_column sub_column col4-1 tb_bd6n666 last\">\n                    <!-- module text -->\n<div  class=\"module module-text tb_9v9r600   \" data-lazy=\"1\">\n        <div  class=\"tb_text_wrap\">\n        <p><strong>TESTS PRATIQUES<\/strong><\/p>\n<p>R\u00e9alisez des \u00e9valuations en toute s\u00e9curit\u00e9 dans des environnements r\u00e9els ou isol\u00e9s, sans aucun impact sur la production et en proposant des mod\u00e8les d&rsquo;engagement personnalis\u00e9s.<\/p>    <\/div>\n<\/div>\n<!-- \/module text -->        <\/div>\n                    <\/div>\n                <div  data-lazy=\"1\" class=\"module_subrow themify_builder_sub_row tf_w col_align_top gutter-none tb_col_count_4 tb_dy2w209\">\n                <div  data-lazy=\"1\" class=\"module_column sub_column col4-1 tb_lqyg972 first\">\n                    <!-- module icon -->\n<div  class=\"module module-icon tb_g1qf007  small none icon_horizontal \" data-lazy=\"1\">\n\t\t\t<div class=\"module-icon-item\">\n\t\t\t\t\t\t\t\t\t\t\t\t\t\t\t\t<img loading=\"lazy\" decoding=\"async\" src=\"https:\/\/zza.2bb.myftpupload.com\/wp-content\/uploads\/2025\/04\/reporting.png\" width=\"83\" height=\"83\" class=\"tf_box\" title=\"OT\/ICS\" alt=\"OT\/ICS\">\t\t\t\t\t\t\t\t\t\t\t\t\t\t<\/div>\n\t<\/div>\n<!-- \/module icon -->\n        <\/div>\n                    <div  data-lazy=\"1\" class=\"module_column sub_column col4-1 tb_8paq000\">\n                    <!-- module text -->\n<div  class=\"module module-text tb_a49o070   \" data-lazy=\"1\">\n        <div  class=\"tb_text_wrap\">\n        <p><strong>RAPPORTS BAS\u00c9S SUR LES RISQUES<\/strong><\/p>\n<p>Des informations claires et exploitables, align\u00e9es sur les risques commerciaux et op\u00e9rationnels.<\/p>    <\/div>\n<\/div>\n<!-- \/module text -->        <\/div>\n                    <div  data-lazy=\"1\" class=\"module_column sub_column col4-1 tb_ya7n670\">\n                    <!-- module icon -->\n<div  class=\"module module-icon tb_pyqs006  small none icon_horizontal \" data-lazy=\"1\">\n\t\t\t<div class=\"module-icon-item\">\n\t\t\t\t\t\t\t\t\t\t\t\t\t\t\t\t<img loading=\"lazy\" decoding=\"async\" src=\"https:\/\/zza.2bb.myftpupload.com\/wp-content\/uploads\/2025\/04\/use-case-scenarios.png\" width=\"83\" height=\"83\" class=\"tf_box\" title=\"OT\/ICS\" alt=\"OT\/ICS\">\t\t\t\t\t\t\t\t\t\t\t\t\t\t<\/div>\n\t<\/div>\n<!-- \/module icon -->\n        <\/div>\n                    <div  data-lazy=\"1\" class=\"module_column sub_column col4-1 tb_dbea767 last\">\n                    <!-- module text -->\n<div  class=\"module module-text tb_9iij906   \" data-lazy=\"1\">\n        <div  class=\"tb_text_wrap\">\n        <p><strong>SC\u00c9NARIOS BAS\u00c9S SUR DES CAS D&rsquo;UTILISATION<\/strong><\/p>\n<p>De l&rsquo;acc\u00e8s non autoris\u00e9 \u00e0 des postes de travail d&rsquo;ing\u00e9nierie \u00e0 la manipulation de PLC et aux simulations de contournement des mesures de s\u00e9curit\u00e9.<\/p>    <\/div>\n<\/div>\n<!-- \/module text -->        <\/div>\n                    <\/div>\n                <div  data-lazy=\"1\" class=\"module_subrow themify_builder_sub_row tf_w col_align_top gutter-none tb_col_count_4 tb_8ww2269\">\n                <div  data-lazy=\"1\" class=\"module_column sub_column col4-1 tb_jame819 first\">\n                    <!-- module icon -->\n<div  class=\"module module-icon tb_rr3v008  small none icon_horizontal \" data-lazy=\"1\">\n\t\t\t<div class=\"module-icon-item\">\n\t\t\t\t\t\t\t\t\t\t\t\t\t\t\t\t<img loading=\"lazy\" decoding=\"async\" src=\"https:\/\/zza.2bb.myftpupload.com\/wp-content\/uploads\/2025\/04\/Trusted-providers.png\" width=\"83\" height=\"83\" class=\"tf_box\" title=\"OT\/ICS\" alt=\"OT\/ICS\">\t\t\t\t\t\t\t\t\t\t\t\t\t\t<\/div>\n\t<\/div>\n<!-- \/module icon -->\n        <\/div>\n                    <div  data-lazy=\"1\" class=\"module_column sub_column col4-1 tb_fl9a600\">\n                    <!-- module text -->\n<div  class=\"module module-text tb_eevg062   \" data-lazy=\"1\">\n        <div  class=\"tb_text_wrap\">\n        <p><strong>LA CONFIANCE DES FOURNISSEURS D&rsquo;INFRASTRUCTURES CRITIQUES<\/strong><\/p>\n<p>Une exp\u00e9rience \u00e9prouv\u00e9e dans les domaines de l&rsquo;\u00e9nergie, de la fabrication, des transports et des services publics. Notre approche de test est conforme aux normes ISA\/IEC 62443, MITRE ATT&amp;CK pour ICS et NIST SP 800-82, garantissant une couverture conforme aux normes industrielles pour tous les actifs OT critiques.<\/p>    <\/div>\n<\/div>\n<!-- \/module text -->        <\/div>\n                    <div  data-lazy=\"1\" class=\"module_column sub_column col4-1 tb_5p8z555\">\n                            <\/div>\n                    <div  data-lazy=\"1\" class=\"module_column sub_column col4-1 tb_jjkt066 last\">\n                            <\/div>\n                    <\/div>\n                <\/div>\n                        <\/div>\n        <\/div>\n                        <div  data-css_id=\"j2aa080\" data-lazy=\"1\" class=\"module_row themify_builder_row fullwidth tb_j2aa080 tf_w\">\n                        <div class=\"row_inner col_align_top tb_col_count_1 tf_box tf_rel\">\n                        <div  data-lazy=\"1\" class=\"module_column tb-column col-full tb_kjfj926 first\">\n                    <!-- module template_part -->\n<div  class=\"module module-layout-part tb_xddl006 \">\n    <div class=\"tb_layout_part_wrap tf_w\"><!--themify_builder_content-->\n    <div  class=\"themify_builder_content themify_builder_content-745 themify_builder not_editable_builder in_the_loop\" data-postid=\"745\">\n                        <div  data-parallax-bg=\"desktop\" data-css_id=\"b5cn527\" data-lazy=\"1\" class=\"module_row themify_builder_row fullwidth_row_container tb_b5cn527 tf_w\">\n            <span  class=\"builder_row_cover tf_abs\" data-lazy=\"1\"><\/span>            <div class=\"row_inner col_align_middle tb_col_count_2 tf_box tf_rel\">\n                        <div  data-lazy=\"1\" class=\"module_column tb-column col3-2 tb_th1l528 first\">\n                    <!-- module text -->\n<div  class=\"module module-text tb_fvj3529   \" data-lazy=\"1\">\n        <div  class=\"tb_text_wrap\">\n        <h2>L\u2019HISTOIRE ET L\u2019\u00c9QUIPE <br>DERRI\u00c8RE ORENDA SECURITY <sup>\u00ae<\/sup><\/h2>    <\/div>\n<\/div>\n<!-- \/module text --><!-- module text -->\n<div  class=\"module module-text tb_94nx530   \" data-lazy=\"1\">\n        <div  class=\"tb_text_wrap\">\n        <p>Orenda Security <sup>\u00ae<\/sup> est une firme de s\u00e9curit\u00e9 informatique d\u2019\u00e9lite fond\u00e9e sur un esprit d\u2019int\u00e9grit\u00e9 et de partenariat avec notre \u00e9quipe et, surtout, nos clients.<\/p>    <\/div>\n<\/div>\n<!-- \/module text --><!-- module buttons -->\n<div  class=\"module module-buttons tb_ae10530 buttons-horizontal outline   circle\" data-lazy=\"1\">\n        <div class=\"module-buttons-item tf_in_flx\">\n                        <a href=\"\/fr\/a-propos\/\" class=\"ui builder_button tf_in_flx tb_default_color\" >\n                                                \u00c0 PROPOS                                        <\/a>\n                <\/div>\n            <\/div>\n<!-- \/module buttons -->\n        <\/div>\n                    <div  data-lazy=\"1\" class=\"module_column tb-column col3-1 tb_h2di530 last\">\n                            <\/div>\n                        <\/div>\n        <\/div>\n            <\/div>\n<!--\/themify_builder_content--><\/div>\n<\/div>\n<!-- \/module template_part -->        <\/div>\n                        <\/div>\n        <\/div>\n        <\/div>\n<!--\/themify_builder_content-->","protected":false},"excerpt":{"rendered":"<p>Tests d&rsquo;intrusion OT Les tests d&rsquo;intrusion OT aident les organisations \u00e0 s\u00e9curiser leurs syst\u00e8mes industriels en identifiant les vuln\u00e9rabilit\u00e9s gr\u00e2ce \u00e0 des simulations d&rsquo;attaques contr\u00f4l\u00e9es et r\u00e9alistes. DEMANDER UN DEVIS Pourquoi les tests d&rsquo;intrusion OT sont-ils importants ? Renforcer la s\u00e9curit\u00e9 OT, ICS et SCADA gr\u00e2ce \u00e0 des tests d&rsquo;intrusion r\u00e9alis\u00e9s par des experts Aller [&hellip;]<\/p>\n","protected":false},"author":1,"featured_media":0,"parent":947,"menu_order":0,"comment_status":"closed","ping_status":"closed","template":"","meta":{"_monsterinsights_skip_tracking":false,"_monsterinsights_sitenote_active":false,"_monsterinsights_sitenote_note":"","_monsterinsights_sitenote_category":0,"footnotes":""},"class_list":["post-2013","page","type-page","status-publish","hentry","has-post-title","has-post-date","has-post-category","has-post-tag","has-post-comment","has-post-author",""],"yoast_head":"<!-- This site is optimized with the Yoast SEO plugin v27.4 - https:\/\/yoast.com\/product\/yoast-seo-wordpress\/ -->\n<title>OT\/ICS - Orenda Security<\/title>\n<meta name=\"robots\" content=\"index, follow, max-snippet:-1, max-image-preview:large, max-video-preview:-1\" \/>\n<link rel=\"canonical\" href=\"https:\/\/orendasecurity.com\/fr\/services\/ot-ics\/\" \/>\n<meta property=\"og:locale\" content=\"fr_FR\" \/>\n<meta property=\"og:type\" content=\"article\" \/>\n<meta property=\"og:title\" content=\"OT\/ICS - Orenda Security\" \/>\n<meta property=\"og:description\" content=\"Tests d&rsquo;intrusion OT Les tests d&rsquo;intrusion OT aident les organisations \u00e0 s\u00e9curiser leurs syst\u00e8mes industriels en identifiant les vuln\u00e9rabilit\u00e9s gr\u00e2ce \u00e0 des simulations d&rsquo;attaques contr\u00f4l\u00e9es et r\u00e9alistes. DEMANDER UN DEVIS Pourquoi les tests d&rsquo;intrusion OT sont-ils importants ? Renforcer la s\u00e9curit\u00e9 OT, ICS et SCADA gr\u00e2ce \u00e0 des tests d&rsquo;intrusion r\u00e9alis\u00e9s par des experts Aller [&hellip;]\" \/>\n<meta property=\"og:url\" content=\"https:\/\/orendasecurity.com\/fr\/services\/ot-ics\/\" \/>\n<meta property=\"og:site_name\" content=\"Orenda Security\" \/>\n<meta property=\"article:modified_time\" content=\"2025-08-29T16:36:01+00:00\" \/>\n<meta property=\"og:image\" content=\"https:\/\/orendasecurity.com\/wp-content\/uploads\/2025\/04\/Expertise-testing.png\" \/>\n\t<meta property=\"og:image:width\" content=\"83\" \/>\n\t<meta property=\"og:image:height\" content=\"83\" \/>\n\t<meta property=\"og:image:type\" content=\"image\/png\" \/>\n<meta name=\"twitter:card\" content=\"summary_large_image\" \/>\n<meta name=\"twitter:label1\" content=\"Dur\u00e9e de lecture estim\u00e9e\" \/>\n\t<meta name=\"twitter:data1\" content=\"2 minutes\" \/>\n<script type=\"application\/ld+json\" class=\"yoast-schema-graph\">{\"@context\":\"https:\\\/\\\/schema.org\",\"@graph\":[{\"@type\":\"WebPage\",\"@id\":\"https:\\\/\\\/orendasecurity.com\\\/fr\\\/services\\\/ot-ics\\\/\",\"url\":\"https:\\\/\\\/orendasecurity.com\\\/fr\\\/services\\\/ot-ics\\\/\",\"name\":\"OT\\\/ICS - Orenda Security\",\"isPartOf\":{\"@id\":\"https:\\\/\\\/orendasecurity.com\\\/#website\"},\"primaryImageOfPage\":{\"@id\":\"https:\\\/\\\/orendasecurity.com\\\/fr\\\/services\\\/ot-ics\\\/#primaryimage\"},\"image\":{\"@id\":\"https:\\\/\\\/orendasecurity.com\\\/fr\\\/services\\\/ot-ics\\\/#primaryimage\"},\"thumbnailUrl\":\"https:\\\/\\\/orendasecurity.com\\\/wp-content\\\/uploads\\\/2025\\\/04\\\/Expertise-testing.png\",\"datePublished\":\"2025-08-21T18:41:56+00:00\",\"dateModified\":\"2025-08-29T16:36:01+00:00\",\"breadcrumb\":{\"@id\":\"https:\\\/\\\/orendasecurity.com\\\/fr\\\/services\\\/ot-ics\\\/#breadcrumb\"},\"inLanguage\":\"fr-FR\",\"potentialAction\":[{\"@type\":\"ReadAction\",\"target\":[\"https:\\\/\\\/orendasecurity.com\\\/fr\\\/services\\\/ot-ics\\\/\"]}]},{\"@type\":\"ImageObject\",\"inLanguage\":\"fr-FR\",\"@id\":\"https:\\\/\\\/orendasecurity.com\\\/fr\\\/services\\\/ot-ics\\\/#primaryimage\",\"url\":\"https:\\\/\\\/orendasecurity.com\\\/wp-content\\\/uploads\\\/2025\\\/04\\\/Expertise-testing.png\",\"contentUrl\":\"https:\\\/\\\/orendasecurity.com\\\/wp-content\\\/uploads\\\/2025\\\/04\\\/Expertise-testing.png\"},{\"@type\":\"BreadcrumbList\",\"@id\":\"https:\\\/\\\/orendasecurity.com\\\/fr\\\/services\\\/ot-ics\\\/#breadcrumb\",\"itemListElement\":[{\"@type\":\"ListItem\",\"position\":1,\"name\":\"Home\",\"item\":\"https:\\\/\\\/orendasecurity.com\\\/fr\\\/\"},{\"@type\":\"ListItem\",\"position\":2,\"name\":\"Services\",\"item\":\"https:\\\/\\\/orendasecurity.com\\\/fr\\\/services\\\/\"},{\"@type\":\"ListItem\",\"position\":3,\"name\":\"OT\\\/ICS\"}]},{\"@type\":\"WebSite\",\"@id\":\"https:\\\/\\\/orendasecurity.com\\\/#website\",\"url\":\"https:\\\/\\\/orendasecurity.com\\\/\",\"name\":\"Orenda Security\",\"description\":\"\",\"publisher\":{\"@id\":\"https:\\\/\\\/orendasecurity.com\\\/#organization\"},\"potentialAction\":[{\"@type\":\"SearchAction\",\"target\":{\"@type\":\"EntryPoint\",\"urlTemplate\":\"https:\\\/\\\/orendasecurity.com\\\/?s={search_term_string}\"},\"query-input\":{\"@type\":\"PropertyValueSpecification\",\"valueRequired\":true,\"valueName\":\"search_term_string\"}}],\"inLanguage\":\"fr-FR\"},{\"@type\":\"Organization\",\"@id\":\"https:\\\/\\\/orendasecurity.com\\\/#organization\",\"name\":\"Orenda Security\",\"url\":\"https:\\\/\\\/orendasecurity.com\\\/\",\"logo\":{\"@type\":\"ImageObject\",\"inLanguage\":\"fr-FR\",\"@id\":\"https:\\\/\\\/orendasecurity.com\\\/#\\\/schema\\\/logo\\\/image\\\/\",\"url\":\"https:\\\/\\\/orendasecurity.com\\\/wp-content\\\/uploads\\\/2019\\\/08\\\/OrendaSecurity__Logo.png\",\"contentUrl\":\"https:\\\/\\\/orendasecurity.com\\\/wp-content\\\/uploads\\\/2019\\\/08\\\/OrendaSecurity__Logo.png\",\"width\":432,\"height\":173,\"caption\":\"Orenda Security\"},\"image\":{\"@id\":\"https:\\\/\\\/orendasecurity.com\\\/#\\\/schema\\\/logo\\\/image\\\/\"}}]}<\/script>\n<!-- \/ Yoast SEO plugin. -->","yoast_head_json":{"title":"OT\/ICS - Orenda Security","robots":{"index":"index","follow":"follow","max-snippet":"max-snippet:-1","max-image-preview":"max-image-preview:large","max-video-preview":"max-video-preview:-1"},"canonical":"https:\/\/orendasecurity.com\/fr\/services\/ot-ics\/","og_locale":"fr_FR","og_type":"article","og_title":"OT\/ICS - Orenda Security","og_description":"Tests d&rsquo;intrusion OT Les tests d&rsquo;intrusion OT aident les organisations \u00e0 s\u00e9curiser leurs syst\u00e8mes industriels en identifiant les vuln\u00e9rabilit\u00e9s gr\u00e2ce \u00e0 des simulations d&rsquo;attaques contr\u00f4l\u00e9es et r\u00e9alistes. DEMANDER UN DEVIS Pourquoi les tests d&rsquo;intrusion OT sont-ils importants ? Renforcer la s\u00e9curit\u00e9 OT, ICS et SCADA gr\u00e2ce \u00e0 des tests d&rsquo;intrusion r\u00e9alis\u00e9s par des experts Aller [&hellip;]","og_url":"https:\/\/orendasecurity.com\/fr\/services\/ot-ics\/","og_site_name":"Orenda Security","article_modified_time":"2025-08-29T16:36:01+00:00","og_image":[{"width":83,"height":83,"url":"https:\/\/orendasecurity.com\/wp-content\/uploads\/2025\/04\/Expertise-testing.png","type":"image\/png"}],"twitter_card":"summary_large_image","twitter_misc":{"Dur\u00e9e de lecture estim\u00e9e":"2 minutes"},"schema":{"@context":"https:\/\/schema.org","@graph":[{"@type":"WebPage","@id":"https:\/\/orendasecurity.com\/fr\/services\/ot-ics\/","url":"https:\/\/orendasecurity.com\/fr\/services\/ot-ics\/","name":"OT\/ICS - Orenda Security","isPartOf":{"@id":"https:\/\/orendasecurity.com\/#website"},"primaryImageOfPage":{"@id":"https:\/\/orendasecurity.com\/fr\/services\/ot-ics\/#primaryimage"},"image":{"@id":"https:\/\/orendasecurity.com\/fr\/services\/ot-ics\/#primaryimage"},"thumbnailUrl":"https:\/\/orendasecurity.com\/wp-content\/uploads\/2025\/04\/Expertise-testing.png","datePublished":"2025-08-21T18:41:56+00:00","dateModified":"2025-08-29T16:36:01+00:00","breadcrumb":{"@id":"https:\/\/orendasecurity.com\/fr\/services\/ot-ics\/#breadcrumb"},"inLanguage":"fr-FR","potentialAction":[{"@type":"ReadAction","target":["https:\/\/orendasecurity.com\/fr\/services\/ot-ics\/"]}]},{"@type":"ImageObject","inLanguage":"fr-FR","@id":"https:\/\/orendasecurity.com\/fr\/services\/ot-ics\/#primaryimage","url":"https:\/\/orendasecurity.com\/wp-content\/uploads\/2025\/04\/Expertise-testing.png","contentUrl":"https:\/\/orendasecurity.com\/wp-content\/uploads\/2025\/04\/Expertise-testing.png"},{"@type":"BreadcrumbList","@id":"https:\/\/orendasecurity.com\/fr\/services\/ot-ics\/#breadcrumb","itemListElement":[{"@type":"ListItem","position":1,"name":"Home","item":"https:\/\/orendasecurity.com\/fr\/"},{"@type":"ListItem","position":2,"name":"Services","item":"https:\/\/orendasecurity.com\/fr\/services\/"},{"@type":"ListItem","position":3,"name":"OT\/ICS"}]},{"@type":"WebSite","@id":"https:\/\/orendasecurity.com\/#website","url":"https:\/\/orendasecurity.com\/","name":"Orenda Security","description":"","publisher":{"@id":"https:\/\/orendasecurity.com\/#organization"},"potentialAction":[{"@type":"SearchAction","target":{"@type":"EntryPoint","urlTemplate":"https:\/\/orendasecurity.com\/?s={search_term_string}"},"query-input":{"@type":"PropertyValueSpecification","valueRequired":true,"valueName":"search_term_string"}}],"inLanguage":"fr-FR"},{"@type":"Organization","@id":"https:\/\/orendasecurity.com\/#organization","name":"Orenda Security","url":"https:\/\/orendasecurity.com\/","logo":{"@type":"ImageObject","inLanguage":"fr-FR","@id":"https:\/\/orendasecurity.com\/#\/schema\/logo\/image\/","url":"https:\/\/orendasecurity.com\/wp-content\/uploads\/2019\/08\/OrendaSecurity__Logo.png","contentUrl":"https:\/\/orendasecurity.com\/wp-content\/uploads\/2019\/08\/OrendaSecurity__Logo.png","width":432,"height":173,"caption":"Orenda Security"},"image":{"@id":"https:\/\/orendasecurity.com\/#\/schema\/logo\/image\/"}}]}},"_links":{"self":[{"href":"https:\/\/orendasecurity.com\/fr\/wp-json\/wp\/v2\/pages\/2013","targetHints":{"allow":["GET"]}}],"collection":[{"href":"https:\/\/orendasecurity.com\/fr\/wp-json\/wp\/v2\/pages"}],"about":[{"href":"https:\/\/orendasecurity.com\/fr\/wp-json\/wp\/v2\/types\/page"}],"author":[{"embeddable":true,"href":"https:\/\/orendasecurity.com\/fr\/wp-json\/wp\/v2\/users\/1"}],"replies":[{"embeddable":true,"href":"https:\/\/orendasecurity.com\/fr\/wp-json\/wp\/v2\/comments?post=2013"}],"version-history":[{"count":0,"href":"https:\/\/orendasecurity.com\/fr\/wp-json\/wp\/v2\/pages\/2013\/revisions"}],"up":[{"embeddable":true,"href":"https:\/\/orendasecurity.com\/fr\/wp-json\/wp\/v2\/pages\/947"}],"wp:attachment":[{"href":"https:\/\/orendasecurity.com\/fr\/wp-json\/wp\/v2\/media?parent=2013"}],"curies":[{"name":"wp","href":"https:\/\/api.w.org\/{rel}","templated":true}]}}