{"id":2019,"date":"2025-08-21T14:42:16","date_gmt":"2025-08-21T18:42:16","guid":{"rendered":"https:\/\/orendasecurity.com\/services\/managed-cybersecurity-copy\/"},"modified":"2025-08-29T13:40:55","modified_gmt":"2025-08-29T17:40:55","slug":"cybersecurite-geree","status":"publish","type":"page","link":"https:\/\/orendasecurity.com\/fr\/services\/cybersecurite-geree\/","title":{"rendered":"Cybers\u00e9curit\u00e9 g\u00e9r\u00e9e"},"content":{"rendered":"<!--themify_builder_content-->\n<div id=\"themify_builder_content-2019\" data-postid=\"2019\" class=\"themify_builder_content themify_builder_content-2019 themify_builder tf_clear\">\n                    <div  data-lazy=\"1\" class=\"module_row themify_builder_row tb_go9y890 tb_first tf_w\">\n            <span class=\"tb_row_frame_wrap tf_overflow tf_abs\" data-lazy=\"1\"><span class=\"tb_row_frame tb_row_frame_bottom  tf_abs tf_hide tf_overflow tf_w\"><\/span><\/span>            <div class=\"row_inner col_align_top tb_col_count_1 tf_box tf_rel\">\n                        <div  data-lazy=\"1\" class=\"module_column tb-column col-full tb_8jzh900 first\">\n                            <div  data-lazy=\"1\" class=\"module_subrow themify_builder_sub_row tf_w col_align_top tb_col_count_1 tb_pc21030\">\n                <div  data-lazy=\"1\" class=\"module_column sub_column col-full tb_2mlp987 first\">\n                    <!-- module text -->\n<div  class=\"module module-text tb_3hsn999   \" data-lazy=\"1\">\n        <div  class=\"tb_text_wrap\">\n        <h1>Cybers\u00e9curit\u00e9 g\u00e9r\u00e9e<\/h1>    <\/div>\n<\/div>\n<!-- \/module text -->        <\/div>\n                    <\/div>\n                <div  data-lazy=\"1\" class=\"module_subrow themify_builder_sub_row tf_w col_align_top tb_col_count_1 tb_hr9i000\">\n                <div  data-lazy=\"1\" class=\"module_column sub_column col-full tb_lrii799 first\">\n                    <!-- module text -->\n<div  class=\"module module-text tb_zn6r900   \" data-lazy=\"1\">\n        <div  class=\"tb_text_wrap\">\n        <p>Les services de cybers\u00e9curit\u00e9 g\u00e9r\u00e9s assurent une protection continue du r\u00e9seau, des syst\u00e8mes et des donn\u00e9es de votre organisation. Ces services permettent de d\u00e9tecter, pr\u00e9venir et contrer les menaces, garantissant ainsi une s\u00e9curit\u00e9 robuste sans avoir besoin de ressources internes pour g\u00e9rer tous les aspects.<\/p>    <\/div>\n<\/div>\n<!-- \/module text -->        <\/div>\n                    <\/div>\n                <div  data-lazy=\"1\" class=\"module_subrow themify_builder_sub_row tf_w col_align_top tb_col_count_2 tb_p615168\">\n                <div  data-lazy=\"1\" class=\"module_column sub_column col4-2 tb_03n1168 first\">\n                    <!-- module buttons -->\n<div  class=\"module module-buttons tb_bqcg168 buttons-horizontal solid   circle\" data-lazy=\"1\">\n        <div class=\"module-buttons-item tf_in_flx\">\n                        <a href=\"\/fr\/demander-un-devis\/\" class=\"ui builder_button tf_in_flx tb_default_color\" target=\"_blank\" rel=\"noopener\">\n                                                DEMANDER UN DEVIS                                        <\/a>\n                <\/div>\n            <\/div>\n<!-- \/module buttons -->\n        <\/div>\n                    <div  data-lazy=\"1\" class=\"module_column sub_column col4-2 tb_4mqz168 last\">\n                            <\/div>\n                    <\/div>\n                <\/div>\n                        <\/div>\n        <\/div>\n                        <div  data-anchor=\"gestion-continue\" data-lazy=\"1\" class=\"module_row themify_builder_row tb_has_section tb_section-gestion-continue tb_uluo080 tf_w\">\n                        <div class=\"row_inner col_align_top tb_col_count_1 tf_box tf_rel\">\n                        <div  data-lazy=\"1\" class=\"module_column tb-column col-full tb_j3l4008 first\">\n                    <!-- module fancy heading -->\n<div  class=\"module module-fancy-heading tb_nuv5108 \" data-lazy=\"1\">\n        <h1 class=\"fancy-heading\">\n    <span class=\"main-head tf_block\">\n                                <\/span>\n\n    \n    <span class=\"sub-head tf_block tf_rel\">\n                    Surveillez, g\u00e9rez et renforcez en permanence vos d\u00e9fenses en mati\u00e8re de cybers\u00e9curit\u00e9.            <\/span>\n    <\/h1>\n<\/div>\n<!-- \/module fancy heading -->\n<!-- module text -->\n<div  class=\"module module-text tb_8liy828   \" data-lazy=\"1\">\n        <div  class=\"tb_text_wrap\">\n        <h2>Gestion continue des vuln\u00e9rabilit\u00e9s<\/h2>    <\/div>\n<\/div>\n<!-- \/module text --><!-- module text -->\n<div  class=\"module module-text tb_ps2d108   \" data-lazy=\"1\">\n        <div  class=\"tb_text_wrap\">\n        <p>\u00c9valuation compl\u00e8te des risques : l&rsquo;analyse g\u00e9r\u00e9e des vuln\u00e9rabilit\u00e9s r\u00e9seau offre aux entreprises une \u00e9valuation compl\u00e8te de leur posture de s\u00e9curit\u00e9 r\u00e9seau en identifiant les vuln\u00e9rabilit\u00e9s, les erreurs de configuration et les menaces potentielles pour la s\u00e9curit\u00e9 sur l&rsquo;ensemble de leur infrastructure r\u00e9seau. En analysant les actifs r\u00e9seau internes et externes, y compris les serveurs, les appareils et les terminaux, les entreprises peuvent obtenir des informations sur leur exposition aux risques de s\u00e9curit\u00e9 et<\/p>\n<p>Surveillance et correction continues : l&rsquo;analyse g\u00e9r\u00e9e des vuln\u00e9rabilit\u00e9s r\u00e9seau offre aux entreprises des capacit\u00e9s de surveillance et de correction continues pour traiter les vuln\u00e9rabilit\u00e9s de s\u00e9curit\u00e9 en temps r\u00e9el. En programmant des analyses r\u00e9guli\u00e8res et des \u00e9valuations automatis\u00e9es, les entreprises peuvent d\u00e9tecter et corriger les vuln\u00e9rabilit\u00e9s d\u00e8s qu&rsquo;elles sont identifi\u00e9es, r\u00e9duisant ainsi au minimum les possibilit\u00e9s pour les pirates de les exploiter. En outre, l&rsquo;analyse g\u00e9r\u00e9e des vuln\u00e9rabilit\u00e9s r\u00e9seau offre une hi\u00e9rarchisation des vuln\u00e9rabilit\u00e9s et des conseils de correction, ce qui permet aux organisations de se concentrer en priorit\u00e9 sur les vuln\u00e9rabilit\u00e9s critiques et de g\u00e9rer efficacement leurs risques de s\u00e9curit\u00e9.<\/p>    <\/div>\n<\/div>\n<!-- \/module text -->        <\/div>\n                        <\/div>\n        <\/div>\n        <\/div>\n<!--\/themify_builder_content-->","protected":false},"excerpt":{"rendered":"<p>Cybers\u00e9curit\u00e9 g\u00e9r\u00e9e Les services de cybers\u00e9curit\u00e9 g\u00e9r\u00e9s assurent une protection continue du r\u00e9seau, des syst\u00e8mes et des donn\u00e9es de votre organisation. Ces services permettent de d\u00e9tecter, pr\u00e9venir et contrer les menaces, garantissant ainsi une s\u00e9curit\u00e9 robuste sans avoir besoin de ressources internes pour g\u00e9rer tous les aspects. DEMANDER UN DEVIS Surveillez, g\u00e9rez et renforcez en [&hellip;]<\/p>\n","protected":false},"author":1,"featured_media":0,"parent":947,"menu_order":0,"comment_status":"closed","ping_status":"closed","template":"","meta":{"_monsterinsights_skip_tracking":false,"_monsterinsights_sitenote_active":false,"_monsterinsights_sitenote_note":"","_monsterinsights_sitenote_category":0,"footnotes":""},"class_list":["post-2019","page","type-page","status-publish","hentry","has-post-title","has-post-date","has-post-category","has-post-tag","has-post-comment","has-post-author",""],"yoast_head":"<!-- This site is optimized with the Yoast SEO plugin v27.4 - https:\/\/yoast.com\/product\/yoast-seo-wordpress\/ -->\n<title>Cybers\u00e9curit\u00e9 g\u00e9r\u00e9e - Orenda Security<\/title>\n<meta name=\"robots\" content=\"index, follow, max-snippet:-1, max-image-preview:large, max-video-preview:-1\" \/>\n<link rel=\"canonical\" href=\"https:\/\/orendasecurity.com\/fr\/services\/cybersecurite-geree\/\" \/>\n<meta property=\"og:locale\" content=\"fr_FR\" \/>\n<meta property=\"og:type\" content=\"article\" \/>\n<meta property=\"og:title\" content=\"Cybers\u00e9curit\u00e9 g\u00e9r\u00e9e - Orenda Security\" \/>\n<meta property=\"og:description\" content=\"Cybers\u00e9curit\u00e9 g\u00e9r\u00e9e Les services de cybers\u00e9curit\u00e9 g\u00e9r\u00e9s assurent une protection continue du r\u00e9seau, des syst\u00e8mes et des donn\u00e9es de votre organisation. Ces services permettent de d\u00e9tecter, pr\u00e9venir et contrer les menaces, garantissant ainsi une s\u00e9curit\u00e9 robuste sans avoir besoin de ressources internes pour g\u00e9rer tous les aspects. DEMANDER UN DEVIS Surveillez, g\u00e9rez et renforcez en [&hellip;]\" \/>\n<meta property=\"og:url\" content=\"https:\/\/orendasecurity.com\/fr\/services\/cybersecurite-geree\/\" \/>\n<meta property=\"og:site_name\" content=\"Orenda Security\" \/>\n<meta property=\"article:modified_time\" content=\"2025-08-29T17:40:55+00:00\" \/>\n<meta name=\"twitter:card\" content=\"summary_large_image\" \/>\n<meta name=\"twitter:label1\" content=\"Dur\u00e9e de lecture estim\u00e9e\" \/>\n\t<meta name=\"twitter:data1\" content=\"1 minute\" \/>\n<script type=\"application\/ld+json\" class=\"yoast-schema-graph\">{\"@context\":\"https:\\\/\\\/schema.org\",\"@graph\":[{\"@type\":\"WebPage\",\"@id\":\"https:\\\/\\\/orendasecurity.com\\\/fr\\\/services\\\/cybersecurite-geree\\\/\",\"url\":\"https:\\\/\\\/orendasecurity.com\\\/fr\\\/services\\\/cybersecurite-geree\\\/\",\"name\":\"Cybers\u00e9curit\u00e9 g\u00e9r\u00e9e - Orenda Security\",\"isPartOf\":{\"@id\":\"https:\\\/\\\/orendasecurity.com\\\/#website\"},\"datePublished\":\"2025-08-21T18:42:16+00:00\",\"dateModified\":\"2025-08-29T17:40:55+00:00\",\"breadcrumb\":{\"@id\":\"https:\\\/\\\/orendasecurity.com\\\/fr\\\/services\\\/cybersecurite-geree\\\/#breadcrumb\"},\"inLanguage\":\"fr-FR\",\"potentialAction\":[{\"@type\":\"ReadAction\",\"target\":[\"https:\\\/\\\/orendasecurity.com\\\/fr\\\/services\\\/cybersecurite-geree\\\/\"]}]},{\"@type\":\"BreadcrumbList\",\"@id\":\"https:\\\/\\\/orendasecurity.com\\\/fr\\\/services\\\/cybersecurite-geree\\\/#breadcrumb\",\"itemListElement\":[{\"@type\":\"ListItem\",\"position\":1,\"name\":\"Home\",\"item\":\"https:\\\/\\\/orendasecurity.com\\\/fr\\\/\"},{\"@type\":\"ListItem\",\"position\":2,\"name\":\"Services\",\"item\":\"https:\\\/\\\/orendasecurity.com\\\/fr\\\/services\\\/\"},{\"@type\":\"ListItem\",\"position\":3,\"name\":\"Cybers\u00e9curit\u00e9 g\u00e9r\u00e9e\"}]},{\"@type\":\"WebSite\",\"@id\":\"https:\\\/\\\/orendasecurity.com\\\/#website\",\"url\":\"https:\\\/\\\/orendasecurity.com\\\/\",\"name\":\"Orenda Security\",\"description\":\"\",\"publisher\":{\"@id\":\"https:\\\/\\\/orendasecurity.com\\\/#organization\"},\"potentialAction\":[{\"@type\":\"SearchAction\",\"target\":{\"@type\":\"EntryPoint\",\"urlTemplate\":\"https:\\\/\\\/orendasecurity.com\\\/?s={search_term_string}\"},\"query-input\":{\"@type\":\"PropertyValueSpecification\",\"valueRequired\":true,\"valueName\":\"search_term_string\"}}],\"inLanguage\":\"fr-FR\"},{\"@type\":\"Organization\",\"@id\":\"https:\\\/\\\/orendasecurity.com\\\/#organization\",\"name\":\"Orenda Security\",\"url\":\"https:\\\/\\\/orendasecurity.com\\\/\",\"logo\":{\"@type\":\"ImageObject\",\"inLanguage\":\"fr-FR\",\"@id\":\"https:\\\/\\\/orendasecurity.com\\\/#\\\/schema\\\/logo\\\/image\\\/\",\"url\":\"https:\\\/\\\/orendasecurity.com\\\/wp-content\\\/uploads\\\/2019\\\/08\\\/OrendaSecurity__Logo.png\",\"contentUrl\":\"https:\\\/\\\/orendasecurity.com\\\/wp-content\\\/uploads\\\/2019\\\/08\\\/OrendaSecurity__Logo.png\",\"width\":432,\"height\":173,\"caption\":\"Orenda Security\"},\"image\":{\"@id\":\"https:\\\/\\\/orendasecurity.com\\\/#\\\/schema\\\/logo\\\/image\\\/\"}}]}<\/script>\n<!-- \/ Yoast SEO plugin. -->","yoast_head_json":{"title":"Cybers\u00e9curit\u00e9 g\u00e9r\u00e9e - Orenda Security","robots":{"index":"index","follow":"follow","max-snippet":"max-snippet:-1","max-image-preview":"max-image-preview:large","max-video-preview":"max-video-preview:-1"},"canonical":"https:\/\/orendasecurity.com\/fr\/services\/cybersecurite-geree\/","og_locale":"fr_FR","og_type":"article","og_title":"Cybers\u00e9curit\u00e9 g\u00e9r\u00e9e - Orenda Security","og_description":"Cybers\u00e9curit\u00e9 g\u00e9r\u00e9e Les services de cybers\u00e9curit\u00e9 g\u00e9r\u00e9s assurent une protection continue du r\u00e9seau, des syst\u00e8mes et des donn\u00e9es de votre organisation. Ces services permettent de d\u00e9tecter, pr\u00e9venir et contrer les menaces, garantissant ainsi une s\u00e9curit\u00e9 robuste sans avoir besoin de ressources internes pour g\u00e9rer tous les aspects. DEMANDER UN DEVIS Surveillez, g\u00e9rez et renforcez en [&hellip;]","og_url":"https:\/\/orendasecurity.com\/fr\/services\/cybersecurite-geree\/","og_site_name":"Orenda Security","article_modified_time":"2025-08-29T17:40:55+00:00","twitter_card":"summary_large_image","twitter_misc":{"Dur\u00e9e de lecture estim\u00e9e":"1 minute"},"schema":{"@context":"https:\/\/schema.org","@graph":[{"@type":"WebPage","@id":"https:\/\/orendasecurity.com\/fr\/services\/cybersecurite-geree\/","url":"https:\/\/orendasecurity.com\/fr\/services\/cybersecurite-geree\/","name":"Cybers\u00e9curit\u00e9 g\u00e9r\u00e9e - Orenda Security","isPartOf":{"@id":"https:\/\/orendasecurity.com\/#website"},"datePublished":"2025-08-21T18:42:16+00:00","dateModified":"2025-08-29T17:40:55+00:00","breadcrumb":{"@id":"https:\/\/orendasecurity.com\/fr\/services\/cybersecurite-geree\/#breadcrumb"},"inLanguage":"fr-FR","potentialAction":[{"@type":"ReadAction","target":["https:\/\/orendasecurity.com\/fr\/services\/cybersecurite-geree\/"]}]},{"@type":"BreadcrumbList","@id":"https:\/\/orendasecurity.com\/fr\/services\/cybersecurite-geree\/#breadcrumb","itemListElement":[{"@type":"ListItem","position":1,"name":"Home","item":"https:\/\/orendasecurity.com\/fr\/"},{"@type":"ListItem","position":2,"name":"Services","item":"https:\/\/orendasecurity.com\/fr\/services\/"},{"@type":"ListItem","position":3,"name":"Cybers\u00e9curit\u00e9 g\u00e9r\u00e9e"}]},{"@type":"WebSite","@id":"https:\/\/orendasecurity.com\/#website","url":"https:\/\/orendasecurity.com\/","name":"Orenda Security","description":"","publisher":{"@id":"https:\/\/orendasecurity.com\/#organization"},"potentialAction":[{"@type":"SearchAction","target":{"@type":"EntryPoint","urlTemplate":"https:\/\/orendasecurity.com\/?s={search_term_string}"},"query-input":{"@type":"PropertyValueSpecification","valueRequired":true,"valueName":"search_term_string"}}],"inLanguage":"fr-FR"},{"@type":"Organization","@id":"https:\/\/orendasecurity.com\/#organization","name":"Orenda Security","url":"https:\/\/orendasecurity.com\/","logo":{"@type":"ImageObject","inLanguage":"fr-FR","@id":"https:\/\/orendasecurity.com\/#\/schema\/logo\/image\/","url":"https:\/\/orendasecurity.com\/wp-content\/uploads\/2019\/08\/OrendaSecurity__Logo.png","contentUrl":"https:\/\/orendasecurity.com\/wp-content\/uploads\/2019\/08\/OrendaSecurity__Logo.png","width":432,"height":173,"caption":"Orenda Security"},"image":{"@id":"https:\/\/orendasecurity.com\/#\/schema\/logo\/image\/"}}]}},"_links":{"self":[{"href":"https:\/\/orendasecurity.com\/fr\/wp-json\/wp\/v2\/pages\/2019","targetHints":{"allow":["GET"]}}],"collection":[{"href":"https:\/\/orendasecurity.com\/fr\/wp-json\/wp\/v2\/pages"}],"about":[{"href":"https:\/\/orendasecurity.com\/fr\/wp-json\/wp\/v2\/types\/page"}],"author":[{"embeddable":true,"href":"https:\/\/orendasecurity.com\/fr\/wp-json\/wp\/v2\/users\/1"}],"replies":[{"embeddable":true,"href":"https:\/\/orendasecurity.com\/fr\/wp-json\/wp\/v2\/comments?post=2019"}],"version-history":[{"count":0,"href":"https:\/\/orendasecurity.com\/fr\/wp-json\/wp\/v2\/pages\/2019\/revisions"}],"up":[{"embeddable":true,"href":"https:\/\/orendasecurity.com\/fr\/wp-json\/wp\/v2\/pages\/947"}],"wp:attachment":[{"href":"https:\/\/orendasecurity.com\/fr\/wp-json\/wp\/v2\/media?parent=2019"}],"curies":[{"name":"wp","href":"https:\/\/api.w.org\/{rel}","templated":true}]}}