{"id":2022,"date":"2025-08-21T14:42:28","date_gmt":"2025-08-21T18:42:28","guid":{"rendered":"https:\/\/orendasecurity.com\/services\/application-security-copy\/"},"modified":"2025-08-29T13:39:43","modified_gmt":"2025-08-29T17:39:43","slug":"securite-applications","status":"publish","type":"page","link":"https:\/\/orendasecurity.com\/fr\/services\/securite-applications\/","title":{"rendered":"S\u00e9curit\u00e9 des applications"},"content":{"rendered":"<!--themify_builder_content-->\n<div id=\"themify_builder_content-2022\" data-postid=\"2022\" class=\"themify_builder_content themify_builder_content-2022 themify_builder tf_clear\">\n                    <div  data-lazy=\"1\" class=\"module_row themify_builder_row tb_n60o455 tb_first tf_w\">\n            <span class=\"tb_row_frame_wrap tf_overflow tf_abs\" data-lazy=\"1\"><span class=\"tb_row_frame tb_row_frame_bottom  tf_abs tf_hide tf_overflow tf_w\"><\/span><\/span>            <div class=\"row_inner col_align_top tb_col_count_1 tf_box tf_rel\">\n                        <div  data-lazy=\"1\" class=\"module_column tb-column col-full tb_vz5o888 first\">\n                            <div  data-lazy=\"1\" class=\"module_subrow themify_builder_sub_row tf_w col_align_top tb_col_count_1 tb_ujkg778\">\n                <div  data-lazy=\"1\" class=\"module_column sub_column col-full tb_0whr044 first\">\n                    <!-- module text -->\n<div  class=\"module module-text tb_j50f680   \" data-lazy=\"1\">\n        <div  class=\"tb_text_wrap\">\n        <h1>S\u00e9curit\u00e9 des applications<\/h1>    <\/div>\n<\/div>\n<!-- \/module text -->        <\/div>\n                    <\/div>\n                <div  data-lazy=\"1\" class=\"module_subrow themify_builder_sub_row tf_w col_align_top tb_col_count_1 tb_o5bx004\">\n                <div  data-lazy=\"1\" class=\"module_column sub_column col-full tb_9b55087 first\">\n                    <!-- module text -->\n<div  class=\"module module-text tb_hvcw808   \" data-lazy=\"1\">\n        <div  class=\"tb_text_wrap\">\n        <p>La s\u00e9curit\u00e9 des applications garantit que vos applications logicielles sont prot\u00e9g\u00e9es contre les cybermenaces et les vuln\u00e9rabilit\u00e9s tout au long de leur cycle de vie.<\/p>    <\/div>\n<\/div>\n<!-- \/module text -->        <\/div>\n                    <\/div>\n                <div  data-lazy=\"1\" class=\"module_subrow themify_builder_sub_row tf_w col_align_top tb_col_count_2 tb_ejwq520\">\n                <div  data-lazy=\"1\" class=\"module_column sub_column col4-2 tb_1ua9520 first\">\n                    <!-- module buttons -->\n<div  class=\"module module-buttons tb_ik5i520 buttons-horizontal solid   circle\" data-lazy=\"1\">\n        <div class=\"module-buttons-item tf_in_flx\">\n                        <a href=\"\/fr\/demander-un-devis\/\" class=\"ui builder_button tf_in_flx tb_default_color\" target=\"_blank\" rel=\"noopener\">\n                                                DEMANDER UN DEVIS                                        <\/a>\n                <\/div>\n            <\/div>\n<!-- \/module buttons -->\n        <\/div>\n                    <div  data-lazy=\"1\" class=\"module_column sub_column col4-2 tb_e3kx520 last\">\n                            <\/div>\n                    <\/div>\n                <\/div>\n                        <\/div>\n        <\/div>\n                        <div  data-anchor=\"dynamique-applications\" data-lazy=\"1\" class=\"module_row themify_builder_row tb_has_section tb_section-dynamique-applications tb_46xv880 tf_w\">\n                        <div class=\"row_inner col_align_top tb_col_count_1 tf_box tf_rel\">\n                        <div  data-lazy=\"1\" class=\"module_column tb-column col-full tb_5th1888 first\">\n                    <!-- module fancy heading -->\n<div  class=\"module module-fancy-heading tb_oszg808 \" data-lazy=\"1\">\n        <h1 class=\"fancy-heading\">\n    <span class=\"main-head tf_block\">\n                                <\/span>\n\n    \n    <span class=\"sub-head tf_block tf_rel\">\n                    D\u00e9couvrez les vuln\u00e9rabilit\u00e9s, renforcez les d\u00e9fenses des applications et garantissez un d\u00e9veloppement s\u00e9curis\u00e9 gr\u00e2ce \u00e0 ces services sp\u00e9cialis\u00e9s.            <\/span>\n    <\/h1>\n<\/div>\n<!-- \/module fancy heading -->\n<!-- module text -->\n<div  class=\"module module-text tb_crhu002   \" data-lazy=\"1\">\n        <div  class=\"tb_text_wrap\">\n        <h2>Test dynamique de la s\u00e9curit\u00e9 des applications (DAST)<\/h2>    <\/div>\n<\/div>\n<!-- \/module text --><!-- module text -->\n<div  class=\"module module-text tb_2zen053   \" data-lazy=\"1\">\n        <div  class=\"tb_text_wrap\">\n        <p>D\u00e9tection compl\u00e8te des vuln\u00e9rabilit\u00e9s : le test dynamique de la s\u00e9curit\u00e9 des applications (DAST) offre aux entreprises une approche compl\u00e8te pour identifier les vuln\u00e9rabilit\u00e9s de leurs applications Web. En simulant des attaques r\u00e9elles et en interagissant de mani\u00e8re dynamique avec l&rsquo;application, les outils DAST peuvent mettre au jour un large \u00e9ventail de failles de s\u00e9curit\u00e9, notamment des d\u00e9fauts de validation des entr\u00e9es, des vuln\u00e9rabilit\u00e9s d&rsquo;injection, des contournements d&rsquo;authentification, etc. Cette approche proactive permet aux entreprises de d\u00e9tecter et de corriger les vuln\u00e9rabilit\u00e9s avant qu&rsquo;elles ne puissent \u00eatre exploit\u00e9es par des attaquants, renfor\u00e7ant ainsi la s\u00e9curit\u00e9 de leurs applications Web.<\/p>    <\/div>\n<\/div>\n<!-- \/module text -->        <\/div>\n                        <\/div>\n        <\/div>\n                        <div  data-anchor=\"statique-applications\" data-lazy=\"1\" class=\"module_row themify_builder_row tb_has_section tb_section-statique-applications tb_3ehj448 tf_w\">\n                        <div class=\"row_inner col_align_top tb_col_count_1 tf_box tf_rel\">\n                        <div  data-lazy=\"1\" class=\"module_column tb-column col-full tb_uvar500 first\">\n                    <!-- module text -->\n<div  class=\"module module-text tb_r55d450   \" data-lazy=\"1\">\n        <div  class=\"tb_text_wrap\">\n        <h2>Test statique de la s\u00e9curit\u00e9 des applications (SAST)<\/h2>    <\/div>\n<\/div>\n<!-- \/module text --><!-- module text -->\n<div  class=\"module module-text tb_r1cw905   \" data-lazy=\"1\">\n        <div  class=\"tb_text_wrap\">\n        <p>D\u00e9tection pr\u00e9coce des vuln\u00e9rabilit\u00e9s : le test statique de la s\u00e9curit\u00e9 des applications (SAST) permet aux entreprises d&rsquo;identifier les vuln\u00e9rabilit\u00e9s de s\u00e9curit\u00e9 dans leur code d\u00e8s le d\u00e9but du cycle de vie du d\u00e9veloppement logiciel. En analysant le code source ou le code binaire sans ex\u00e9cuter l&rsquo;application, les outils SAST peuvent d\u00e9tecter un large \u00e9ventail de vuln\u00e9rabilit\u00e9s, notamment l&rsquo;injection de code, les m\u00e9canismes d&rsquo;authentification non s\u00e9curis\u00e9s et les fuites de donn\u00e9es. Cette d\u00e9tection pr\u00e9coce permet aux d\u00e9veloppeurs de r\u00e9soudre les probl\u00e8mes de s\u00e9curit\u00e9 avant qu&rsquo;ils ne se manifestent en production, ce qui r\u00e9duit le risque d&rsquo;exploitation et minimise les co\u00fbts et les efforts n\u00e9cessaires pour y rem\u00e9dier.<\/p>\n<p>Int\u00e9gration dans le flux de travail de d\u00e9veloppement : les outils SAST peuvent \u00eatre int\u00e9gr\u00e9s de mani\u00e8re transparente dans le flux de travail de d\u00e9veloppement, ce qui permet d&rsquo;automatiser les tests de s\u00e9curit\u00e9 dans le cadre du processus d&rsquo;int\u00e9gration continue et de d\u00e9ploiement continu (CI\/CD). En int\u00e9grant le SAST dans le pipeline de d\u00e9veloppement, les organisations peuvent d\u00e9tecter et corriger les vuln\u00e9rabilit\u00e9s de s\u00e9curit\u00e9 d\u00e8s le d\u00e9but du cycle de vie du d\u00e9veloppement, ce qui r\u00e9duit le temps et les efforts n\u00e9cessaires \u00e0 la r\u00e9vision manuelle du code et aux tests de s\u00e9curit\u00e9. Cette int\u00e9gration favorise une approche \u00ab shift-left \u00bb de la s\u00e9curit\u00e9, permettant aux d\u00e9veloppeurs de r\u00e9soudre les probl\u00e8mes de s\u00e9curit\u00e9 au fur et \u00e0 mesure qu&rsquo;ils \u00e9crivent le code et favorisant une culture de la s\u00e9curit\u00e9 au sein des \u00e9quipes de d\u00e9veloppement.<\/p>    <\/div>\n<\/div>\n<!-- \/module text -->        <\/div>\n                        <\/div>\n        <\/div>\n                        <div  data-anchor=\"modelisation-menaces\" data-lazy=\"1\" class=\"module_row themify_builder_row tb_has_section tb_section-modelisation-menaces tb_0fqa954 tf_w\">\n                        <div class=\"row_inner col_align_top tb_col_count_1 tf_box tf_rel\">\n                        <div  data-lazy=\"1\" class=\"module_column tb-column col-full tb_kxmt400 first\">\n                    <!-- module text -->\n<div  class=\"module module-text tb_108j020   \" data-lazy=\"1\">\n        <div  class=\"tb_text_wrap\">\n        <h2>Mod\u00e9lisation des menaces<\/h2>    <\/div>\n<\/div>\n<!-- \/module text --><!-- module text -->\n<div  class=\"module module-text tb_c2oy468   \" data-lazy=\"1\">\n        <div  class=\"tb_text_wrap\">\n        <p>Identification proactive des risques : la mod\u00e9lisation des menaces offre aux organisations une approche syst\u00e9matique pour identifier et \u00e9valuer les menaces potentielles pour la s\u00e9curit\u00e9 et les vuln\u00e9rabilit\u00e9s de leurs syst\u00e8mes et applications. En analysant l&rsquo;architecture et la conception de la s\u00e9curit\u00e9 de leurs actifs, les organisations peuvent identifier de mani\u00e8re proactive les faiblesses en mati\u00e8re de s\u00e9curit\u00e9, notamment les d\u00e9fauts de conception, les erreurs de configuration et les vecteurs d&rsquo;attaque potentiels. Cette approche proactive permet aux organisations de hi\u00e9rarchiser leurs efforts en mati\u00e8re de s\u00e9curit\u00e9, d&rsquo;allouer efficacement leurs ressources et d&rsquo;att\u00e9nuer les risques de s\u00e9curit\u00e9 avant qu&rsquo;ils ne puissent \u00eatre exploit\u00e9s par des attaquants.<\/p>    <\/div>\n<\/div>\n<!-- \/module text -->        <\/div>\n                        <\/div>\n        <\/div>\n                        <div  data-anchor=\"sdlc\" data-lazy=\"1\" class=\"module_row themify_builder_row tb_has_section tb_section-sdlc tb_nus1004 tf_w\">\n                        <div class=\"row_inner col_align_top tb_col_count_1 tf_box tf_rel\">\n                        <div  data-lazy=\"1\" class=\"module_column tb-column col-full tb_it5c040 first\">\n                    <!-- module text -->\n<div  class=\"module module-text tb_txs9806   \" data-lazy=\"1\">\n        <div  class=\"tb_text_wrap\">\n        <h2>\u00c9valuation du cycle de vie du d\u00e9veloppement s\u00e9curis\u00e9 (tests SDLC)<\/h2>    <\/div>\n<\/div>\n<!-- \/module text --><!-- module text -->\n<div  class=\"module module-text tb_duak080   \" data-lazy=\"1\">\n        <div  class=\"tb_text_wrap\">\n        <p>Int\u00e9gration proactive de la s\u00e9curit\u00e9 : l&rsquo;\u00e9valuation du cycle de vie du d\u00e9veloppement s\u00e9curis\u00e9 (tests SDLC) int\u00e8gre des pratiques de s\u00e9curit\u00e9 tout au long du cycle de vie du d\u00e9veloppement logiciel, de la conception et du d\u00e9veloppement aux tests et au d\u00e9ploiement. En int\u00e9grant la s\u00e9curit\u00e9 \u00e0 chaque phase du SDLC, les organisations peuvent identifier et traiter les vuln\u00e9rabilit\u00e9s de s\u00e9curit\u00e9 d\u00e8s le d\u00e9but du processus de d\u00e9veloppement, r\u00e9duisant ainsi le risque d&rsquo;incidents de s\u00e9curit\u00e9 et minimisant les co\u00fbts et les efforts n\u00e9cessaires pour y rem\u00e9dier. Cette approche proactive garantit que les consid\u00e9rations de s\u00e9curit\u00e9 sont prioritaires et trait\u00e9es d\u00e8s le d\u00e9part, plut\u00f4t que comme une r\u00e9flexion apr\u00e8s coup.<\/p>    <\/div>\n<\/div>\n<!-- \/module text -->        <\/div>\n                        <\/div>\n        <\/div>\n                        <div  data-anchor=\"architecture-applications\" data-lazy=\"1\" class=\"module_row themify_builder_row tb_has_section tb_section-architecture-applications tb_7scx808 tf_w\">\n                        <div class=\"row_inner col_align_top tb_col_count_1 tf_box tf_rel\">\n                        <div  data-lazy=\"1\" class=\"module_column tb-column col-full tb_fgxb006 first\">\n                    <!-- module text -->\n<div  class=\"module module-text tb_5cdb108   \" data-lazy=\"1\">\n        <div  class=\"tb_text_wrap\">\n        <h2>Examen de l&rsquo;architecture des applications<\/h2>    <\/div>\n<\/div>\n<!-- \/module text --><!-- module text -->\n<div  class=\"module module-text tb_v6js034   \" data-lazy=\"1\">\n        <div  class=\"tb_text_wrap\">\n        <p>Identification des d\u00e9fauts et des faiblesses de conception : l&rsquo;examen de l&rsquo;architecture des applications permet aux organisations d&rsquo;identifier les d\u00e9fauts, les faiblesses et les inefficacit\u00e9s de conception de leurs applications logicielles. En analysant l&rsquo;architecture et la conception d&rsquo;une application, y compris ses composants, ses modules et ses interactions, les organisations peuvent d\u00e9couvrir des vuln\u00e9rabilit\u00e9s potentielles en mati\u00e8re de s\u00e9curit\u00e9, des goulots d&rsquo;\u00e9tranglement au niveau des performances, des probl\u00e8mes d&rsquo;\u00e9volutivit\u00e9 et d&rsquo;autres probl\u00e8mes li\u00e9s \u00e0 la conception. Cette approche proactive permet aux organisations de rem\u00e9dier aux lacunes architecturales d\u00e8s le d\u00e9but du processus de d\u00e9veloppement, ce qui r\u00e9duit le risque de retouches co\u00fbteuses et am\u00e9liore la qualit\u00e9 et la robustesse globales de leurs applications.<\/p>    <\/div>\n<\/div>\n<!-- \/module text -->        <\/div>\n                        <\/div>\n        <\/div>\n        <\/div>\n<!--\/themify_builder_content-->","protected":false},"excerpt":{"rendered":"<p>S\u00e9curit\u00e9 des applications La s\u00e9curit\u00e9 des applications garantit que vos applications logicielles sont prot\u00e9g\u00e9es contre les cybermenaces et les vuln\u00e9rabilit\u00e9s tout au long de leur cycle de vie. DEMANDER UN DEVIS D\u00e9couvrez les vuln\u00e9rabilit\u00e9s, renforcez les d\u00e9fenses des applications et garantissez un d\u00e9veloppement s\u00e9curis\u00e9 gr\u00e2ce \u00e0 ces services sp\u00e9cialis\u00e9s. Test dynamique de la s\u00e9curit\u00e9 des [&hellip;]<\/p>\n","protected":false},"author":1,"featured_media":0,"parent":947,"menu_order":0,"comment_status":"closed","ping_status":"closed","template":"","meta":{"_monsterinsights_skip_tracking":false,"_monsterinsights_sitenote_active":false,"_monsterinsights_sitenote_note":"","_monsterinsights_sitenote_category":0,"footnotes":""},"class_list":["post-2022","page","type-page","status-publish","hentry","has-post-title","has-post-date","has-post-category","has-post-tag","has-post-comment","has-post-author",""],"yoast_head":"<!-- This site is optimized with the Yoast SEO plugin v27.6 - https:\/\/yoast.com\/product\/yoast-seo-wordpress\/ -->\n<title>S\u00e9curit\u00e9 des applications - Orenda Security<\/title>\n<meta name=\"robots\" content=\"index, follow, max-snippet:-1, max-image-preview:large, max-video-preview:-1\" \/>\n<link rel=\"canonical\" href=\"https:\/\/orendasecurity.com\/fr\/services\/securite-applications\/\" \/>\n<meta property=\"og:locale\" content=\"fr_FR\" \/>\n<meta property=\"og:type\" content=\"article\" \/>\n<meta property=\"og:title\" content=\"S\u00e9curit\u00e9 des applications - Orenda Security\" \/>\n<meta property=\"og:description\" content=\"S\u00e9curit\u00e9 des applications La s\u00e9curit\u00e9 des applications garantit que vos applications logicielles sont prot\u00e9g\u00e9es contre les cybermenaces et les vuln\u00e9rabilit\u00e9s tout au long de leur cycle de vie. DEMANDER UN DEVIS D\u00e9couvrez les vuln\u00e9rabilit\u00e9s, renforcez les d\u00e9fenses des applications et garantissez un d\u00e9veloppement s\u00e9curis\u00e9 gr\u00e2ce \u00e0 ces services sp\u00e9cialis\u00e9s. Test dynamique de la s\u00e9curit\u00e9 des [&hellip;]\" \/>\n<meta property=\"og:url\" content=\"https:\/\/orendasecurity.com\/fr\/services\/securite-applications\/\" \/>\n<meta property=\"og:site_name\" content=\"Orenda Security\" \/>\n<meta property=\"article:modified_time\" content=\"2025-08-29T17:39:43+00:00\" \/>\n<meta name=\"twitter:card\" content=\"summary_large_image\" \/>\n<meta name=\"twitter:label1\" content=\"Dur\u00e9e de lecture estim\u00e9e\" \/>\n\t<meta name=\"twitter:data1\" content=\"3 minutes\" \/>\n<script type=\"application\/ld+json\" class=\"yoast-schema-graph\">{\"@context\":\"https:\\\/\\\/schema.org\",\"@graph\":[{\"@type\":\"WebPage\",\"@id\":\"https:\\\/\\\/orendasecurity.com\\\/fr\\\/services\\\/securite-applications\\\/\",\"url\":\"https:\\\/\\\/orendasecurity.com\\\/fr\\\/services\\\/securite-applications\\\/\",\"name\":\"S\u00e9curit\u00e9 des applications - Orenda Security\",\"isPartOf\":{\"@id\":\"https:\\\/\\\/orendasecurity.com\\\/#website\"},\"datePublished\":\"2025-08-21T18:42:28+00:00\",\"dateModified\":\"2025-08-29T17:39:43+00:00\",\"breadcrumb\":{\"@id\":\"https:\\\/\\\/orendasecurity.com\\\/fr\\\/services\\\/securite-applications\\\/#breadcrumb\"},\"inLanguage\":\"fr-FR\",\"potentialAction\":[{\"@type\":\"ReadAction\",\"target\":[\"https:\\\/\\\/orendasecurity.com\\\/fr\\\/services\\\/securite-applications\\\/\"]}]},{\"@type\":\"BreadcrumbList\",\"@id\":\"https:\\\/\\\/orendasecurity.com\\\/fr\\\/services\\\/securite-applications\\\/#breadcrumb\",\"itemListElement\":[{\"@type\":\"ListItem\",\"position\":1,\"name\":\"Home\",\"item\":\"https:\\\/\\\/orendasecurity.com\\\/fr\\\/\"},{\"@type\":\"ListItem\",\"position\":2,\"name\":\"Services\",\"item\":\"https:\\\/\\\/orendasecurity.com\\\/fr\\\/services\\\/\"},{\"@type\":\"ListItem\",\"position\":3,\"name\":\"S\u00e9curit\u00e9 des applications\"}]},{\"@type\":\"WebSite\",\"@id\":\"https:\\\/\\\/orendasecurity.com\\\/#website\",\"url\":\"https:\\\/\\\/orendasecurity.com\\\/\",\"name\":\"Orenda Security\",\"description\":\"\",\"publisher\":{\"@id\":\"https:\\\/\\\/orendasecurity.com\\\/#organization\"},\"potentialAction\":[{\"@type\":\"SearchAction\",\"target\":{\"@type\":\"EntryPoint\",\"urlTemplate\":\"https:\\\/\\\/orendasecurity.com\\\/?s={search_term_string}\"},\"query-input\":{\"@type\":\"PropertyValueSpecification\",\"valueRequired\":true,\"valueName\":\"search_term_string\"}}],\"inLanguage\":\"fr-FR\"},{\"@type\":\"Organization\",\"@id\":\"https:\\\/\\\/orendasecurity.com\\\/#organization\",\"name\":\"Orenda Security\",\"url\":\"https:\\\/\\\/orendasecurity.com\\\/\",\"logo\":{\"@type\":\"ImageObject\",\"inLanguage\":\"fr-FR\",\"@id\":\"https:\\\/\\\/orendasecurity.com\\\/#\\\/schema\\\/logo\\\/image\\\/\",\"url\":\"https:\\\/\\\/orendasecurity.com\\\/wp-content\\\/uploads\\\/2019\\\/08\\\/OrendaSecurity__Logo.png\",\"contentUrl\":\"https:\\\/\\\/orendasecurity.com\\\/wp-content\\\/uploads\\\/2019\\\/08\\\/OrendaSecurity__Logo.png\",\"width\":432,\"height\":173,\"caption\":\"Orenda Security\"},\"image\":{\"@id\":\"https:\\\/\\\/orendasecurity.com\\\/#\\\/schema\\\/logo\\\/image\\\/\"}}]}<\/script>\n<!-- \/ Yoast SEO plugin. -->","yoast_head_json":{"title":"S\u00e9curit\u00e9 des applications - Orenda Security","robots":{"index":"index","follow":"follow","max-snippet":"max-snippet:-1","max-image-preview":"max-image-preview:large","max-video-preview":"max-video-preview:-1"},"canonical":"https:\/\/orendasecurity.com\/fr\/services\/securite-applications\/","og_locale":"fr_FR","og_type":"article","og_title":"S\u00e9curit\u00e9 des applications - Orenda Security","og_description":"S\u00e9curit\u00e9 des applications La s\u00e9curit\u00e9 des applications garantit que vos applications logicielles sont prot\u00e9g\u00e9es contre les cybermenaces et les vuln\u00e9rabilit\u00e9s tout au long de leur cycle de vie. DEMANDER UN DEVIS D\u00e9couvrez les vuln\u00e9rabilit\u00e9s, renforcez les d\u00e9fenses des applications et garantissez un d\u00e9veloppement s\u00e9curis\u00e9 gr\u00e2ce \u00e0 ces services sp\u00e9cialis\u00e9s. Test dynamique de la s\u00e9curit\u00e9 des [&hellip;]","og_url":"https:\/\/orendasecurity.com\/fr\/services\/securite-applications\/","og_site_name":"Orenda Security","article_modified_time":"2025-08-29T17:39:43+00:00","twitter_card":"summary_large_image","twitter_misc":{"Dur\u00e9e de lecture estim\u00e9e":"3 minutes"},"schema":{"@context":"https:\/\/schema.org","@graph":[{"@type":"WebPage","@id":"https:\/\/orendasecurity.com\/fr\/services\/securite-applications\/","url":"https:\/\/orendasecurity.com\/fr\/services\/securite-applications\/","name":"S\u00e9curit\u00e9 des applications - Orenda Security","isPartOf":{"@id":"https:\/\/orendasecurity.com\/#website"},"datePublished":"2025-08-21T18:42:28+00:00","dateModified":"2025-08-29T17:39:43+00:00","breadcrumb":{"@id":"https:\/\/orendasecurity.com\/fr\/services\/securite-applications\/#breadcrumb"},"inLanguage":"fr-FR","potentialAction":[{"@type":"ReadAction","target":["https:\/\/orendasecurity.com\/fr\/services\/securite-applications\/"]}]},{"@type":"BreadcrumbList","@id":"https:\/\/orendasecurity.com\/fr\/services\/securite-applications\/#breadcrumb","itemListElement":[{"@type":"ListItem","position":1,"name":"Home","item":"https:\/\/orendasecurity.com\/fr\/"},{"@type":"ListItem","position":2,"name":"Services","item":"https:\/\/orendasecurity.com\/fr\/services\/"},{"@type":"ListItem","position":3,"name":"S\u00e9curit\u00e9 des applications"}]},{"@type":"WebSite","@id":"https:\/\/orendasecurity.com\/#website","url":"https:\/\/orendasecurity.com\/","name":"Orenda Security","description":"","publisher":{"@id":"https:\/\/orendasecurity.com\/#organization"},"potentialAction":[{"@type":"SearchAction","target":{"@type":"EntryPoint","urlTemplate":"https:\/\/orendasecurity.com\/?s={search_term_string}"},"query-input":{"@type":"PropertyValueSpecification","valueRequired":true,"valueName":"search_term_string"}}],"inLanguage":"fr-FR"},{"@type":"Organization","@id":"https:\/\/orendasecurity.com\/#organization","name":"Orenda Security","url":"https:\/\/orendasecurity.com\/","logo":{"@type":"ImageObject","inLanguage":"fr-FR","@id":"https:\/\/orendasecurity.com\/#\/schema\/logo\/image\/","url":"https:\/\/orendasecurity.com\/wp-content\/uploads\/2019\/08\/OrendaSecurity__Logo.png","contentUrl":"https:\/\/orendasecurity.com\/wp-content\/uploads\/2019\/08\/OrendaSecurity__Logo.png","width":432,"height":173,"caption":"Orenda Security"},"image":{"@id":"https:\/\/orendasecurity.com\/#\/schema\/logo\/image\/"}}]}},"_links":{"self":[{"href":"https:\/\/orendasecurity.com\/fr\/wp-json\/wp\/v2\/pages\/2022","targetHints":{"allow":["GET"]}}],"collection":[{"href":"https:\/\/orendasecurity.com\/fr\/wp-json\/wp\/v2\/pages"}],"about":[{"href":"https:\/\/orendasecurity.com\/fr\/wp-json\/wp\/v2\/types\/page"}],"author":[{"embeddable":true,"href":"https:\/\/orendasecurity.com\/fr\/wp-json\/wp\/v2\/users\/1"}],"replies":[{"embeddable":true,"href":"https:\/\/orendasecurity.com\/fr\/wp-json\/wp\/v2\/comments?post=2022"}],"version-history":[{"count":0,"href":"https:\/\/orendasecurity.com\/fr\/wp-json\/wp\/v2\/pages\/2022\/revisions"}],"up":[{"embeddable":true,"href":"https:\/\/orendasecurity.com\/fr\/wp-json\/wp\/v2\/pages\/947"}],"wp:attachment":[{"href":"https:\/\/orendasecurity.com\/fr\/wp-json\/wp\/v2\/media?parent=2022"}],"curies":[{"name":"wp","href":"https:\/\/api.w.org\/{rel}","templated":true}]}}