{"id":2034,"date":"2025-08-21T14:44:17","date_gmt":"2025-08-21T18:44:17","guid":{"rendered":"https:\/\/orendasecurity.com\/solutions\/ransomware-simulation-copy\/"},"modified":"2025-08-29T14:02:27","modified_gmt":"2025-08-29T18:02:27","slug":"simulation-rancongiciel","status":"publish","type":"page","link":"https:\/\/orendasecurity.com\/fr\/solutions\/simulation-rancongiciel\/","title":{"rendered":"Simulation de ran\u00e7ongiciel"},"content":{"rendered":"<!--themify_builder_content-->\n<div id=\"themify_builder_content-2034\" data-postid=\"2034\" class=\"themify_builder_content themify_builder_content-2034 themify_builder tf_clear\">\n                    <div  data-lazy=\"1\" class=\"module_row themify_builder_row tb_tbz7000 tb_first tf_w\">\n            <span class=\"tb_row_frame_wrap tf_overflow tf_abs\" data-lazy=\"1\"><span class=\"tb_row_frame tb_row_frame_bottom  tf_abs tf_hide tf_overflow tf_w\"><\/span><\/span>            <div class=\"row_inner col_align_top tb_col_count_1 tf_box tf_rel\">\n                        <div  data-lazy=\"1\" class=\"module_column tb-column col-full tb_sfiv851 first\">\n                            <div  data-lazy=\"1\" class=\"module_subrow themify_builder_sub_row tf_w col_align_top tb_col_count_1 tb_062c550\">\n                <div  data-lazy=\"1\" class=\"module_column sub_column col-full tb_rrzp005 first\">\n                    <!-- module text -->\n<div  class=\"module module-text tb_iqjq090   \" data-lazy=\"1\">\n        <div  class=\"tb_text_wrap\">\n        <h1>Simulation de ran\u00e7ongiciel<\/h1>    <\/div>\n<\/div>\n<!-- \/module text -->        <\/div>\n                    <\/div>\n                <div  data-lazy=\"1\" class=\"module_subrow themify_builder_sub_row tf_w col_align_top tb_col_count_1 tb_feie019\">\n                <div  data-lazy=\"1\" class=\"module_column sub_column col-full tb_6f4h107 first\">\n                    <!-- module text -->\n<div  class=\"module module-text tb_5r18150   \" data-lazy=\"1\">\n        <div  class=\"tb_text_wrap\">\n        <p>La simulation d&rsquo;attaque par ran\u00e7ongiciel permet aux organisations de tester leurs d\u00e9fenses et leurs strat\u00e9gies de r\u00e9ponse contre les menaces de ran\u00e7ongiciels dans un environnement contr\u00f4l\u00e9 et sans risque. En simulant des sc\u00e9narios d&rsquo;attaque r\u00e9alistes, les organisations peuvent identifier leurs vuln\u00e9rabilit\u00e9s et renforcer leur \u00e9tat de pr\u00e9paration.<\/p>    <\/div>\n<\/div>\n<!-- \/module text -->        <\/div>\n                    <\/div>\n                <div  data-lazy=\"1\" class=\"module_subrow themify_builder_sub_row tf_w col_align_top tb_col_count_2 tb_86ei703\">\n                <div  data-lazy=\"1\" class=\"module_column sub_column col4-2 tb_s5j1703 first\">\n                    <!-- module buttons -->\n<div  class=\"module module-buttons tb_g0ao703 buttons-horizontal solid   circle\" data-lazy=\"1\">\n        <div class=\"module-buttons-item tf_in_flx\">\n                        <a href=\"\/fr\/demander-un-devis\/\" class=\"ui builder_button tf_in_flx tb_default_color\" target=\"_blank\" rel=\"noopener\">\n                                                DEMANDER UN DEVIS                                        <\/a>\n                <\/div>\n            <\/div>\n<!-- \/module buttons -->\n        <\/div>\n                    <div  data-lazy=\"1\" class=\"module_column sub_column col4-2 tb_02do703 last\">\n                            <\/div>\n                    <\/div>\n                <\/div>\n                        <\/div>\n        <\/div>\n                        <div  data-lazy=\"1\" class=\"module_row themify_builder_row accounting-services accounting-services-border tb_7nqg052 tf_w\">\n                        <div class=\"row_inner col_align_top tb_col_count_2 tf_box tf_rel\">\n                        <div  data-lazy=\"1\" class=\"module_column tb-column col4-2 tb_u93l660 first\">\n                    <!-- module text -->\n<div  class=\"module module-text tb_hn1a100   \" data-lazy=\"1\">\n        <div  class=\"tb_text_wrap\">\n        <h2>Tests de d\u00e9fense proactive<\/h2>    <\/div>\n<\/div>\n<!-- \/module text --><!-- module text -->\n<div  class=\"module module-text tb_808f060   \" data-lazy=\"1\">\n        <div  class=\"tb_text_wrap\">\n        <p>La simulation d&rsquo;attaques par ran\u00e7ongiciel permet aux organisations de tester et d&rsquo;\u00e9valuer de mani\u00e8re proactive leurs m\u00e9canismes de d\u00e9fense contre les attaques par ran\u00e7ongiciel dans un environnement contr\u00f4l\u00e9. En simulant des sc\u00e9narios r\u00e9alistes d&rsquo;attaques par ran\u00e7ongiciel, les organisations peuvent \u00e9valuer l&rsquo;efficacit\u00e9 de leurs contr\u00f4les de s\u00e9curit\u00e9, de leurs proc\u00e9dures de r\u00e9ponse aux incidents et de leurs m\u00e9canismes de r\u00e9cup\u00e9ration des donn\u00e9es. Cette approche proactive aide les organisations \u00e0 identifier les faiblesses de leurs d\u00e9fenses, \u00e0 hi\u00e9rarchiser leurs investissements en mati\u00e8re de s\u00e9curit\u00e9 et \u00e0 renforcer leur r\u00e9silience face aux menaces li\u00e9es aux ran\u00e7ongiciels.<\/p>    <\/div>\n<\/div>\n<!-- \/module text -->        <\/div>\n                    <div  data-lazy=\"1\" class=\"module_column tb-column col4-2 tb_p713670 last\">\n                    <!-- module text -->\n<div  class=\"module module-text tb_lkk3106   \" data-lazy=\"1\">\n        <div  class=\"tb_text_wrap\">\n        <h2>Pr\u00e9paration \u00e0 la r\u00e9ponse aux incidents<\/h2>    <\/div>\n<\/div>\n<!-- \/module text --><!-- module text -->\n<div  class=\"module module-text tb_2ab5010   \" data-lazy=\"1\">\n        <div  class=\"tb_text_wrap\">\n        <p>La simulation d&rsquo;attaque par ran\u00e7ongiciel aide les organisations \u00e0 am\u00e9liorer leur pr\u00e9paration \u00e0 la r\u00e9ponse aux incidents en testant leurs capacit\u00e9s de r\u00e9ponse et leurs proc\u00e9dures de r\u00e9cup\u00e9ration en cas d&rsquo;attaque par ran\u00e7ongiciel. En simulant des infections par ran\u00e7ongiciel et le chiffrement des donn\u00e9es, les organisations peuvent \u00e9valuer leur capacit\u00e9 \u00e0 d\u00e9tecter et \u00e0 contenir les incidents li\u00e9s aux ran\u00e7ongiciels, \u00e9valuer l&rsquo;efficacit\u00e9 de leurs processus de sauvegarde et de r\u00e9cup\u00e9ration, et minimiser l&rsquo;impact des attaques par ran\u00e7ongiciel sur leurs op\u00e9rations commerciales. Ces tests proactifs permettent aux organisations d&rsquo;identifier les lacunes de leurs plans de r\u00e9ponse aux incidents, d&rsquo;affiner leurs proc\u00e9dures d&rsquo;intervention et de s&rsquo;assurer qu&rsquo;elles sont pr\u00eates \u00e0 att\u00e9nuer l&rsquo;impact des attaques par ran\u00e7ongiciel dans le monde r\u00e9el.<\/p>    <\/div>\n<\/div>\n<!-- \/module text -->        <\/div>\n                        <\/div>\n        <\/div>\n                        <div  data-css_id=\"bw4s170\" data-lazy=\"1\" class=\"module_row themify_builder_row fullwidth tb_bw4s170 tf_w\">\n                        <div class=\"row_inner col_align_top tb_col_count_1 tf_box tf_rel\">\n                        <div  data-lazy=\"1\" class=\"module_column tb-column col-full tb_eo44551 first\">\n                    <!-- module template_part -->\n<div  class=\"module module-layout-part tb_acoz511 \">\n    <div class=\"tb_layout_part_wrap tf_w\"><!--themify_builder_content-->\n    <div  class=\"themify_builder_content themify_builder_content-745 themify_builder not_editable_builder in_the_loop\" data-postid=\"745\">\n                        <div  data-parallax-bg=\"desktop\" data-css_id=\"b5cn527\" data-lazy=\"1\" class=\"module_row themify_builder_row fullwidth_row_container tb_b5cn527 tf_w\">\n            <span  class=\"builder_row_cover tf_abs\" data-lazy=\"1\"><\/span>            <div class=\"row_inner col_align_middle tb_col_count_2 tf_box tf_rel\">\n                        <div  data-lazy=\"1\" class=\"module_column tb-column col3-2 tb_th1l528 first\">\n                    <!-- module text -->\n<div  class=\"module module-text tb_fvj3529   \" data-lazy=\"1\">\n        <div  class=\"tb_text_wrap\">\n        <h2>L\u2019HISTOIRE ET L\u2019\u00c9QUIPE <br>DERRI\u00c8RE ORENDA SECURITY <sup>\u00ae<\/sup><\/h2>    <\/div>\n<\/div>\n<!-- \/module text --><!-- module text -->\n<div  class=\"module module-text tb_94nx530   \" data-lazy=\"1\">\n        <div  class=\"tb_text_wrap\">\n        <p>Orenda Security <sup>\u00ae<\/sup> est une firme de s\u00e9curit\u00e9 informatique d\u2019\u00e9lite fond\u00e9e sur un esprit d\u2019int\u00e9grit\u00e9 et de partenariat avec notre \u00e9quipe et, surtout, nos clients.<\/p>    <\/div>\n<\/div>\n<!-- \/module text --><!-- module buttons -->\n<div  class=\"module module-buttons tb_ae10530 buttons-horizontal outline   circle\" data-lazy=\"1\">\n        <div class=\"module-buttons-item tf_in_flx\">\n                        <a href=\"\/fr\/a-propos\/\" class=\"ui builder_button tf_in_flx tb_default_color\" >\n                                                \u00c0 PROPOS                                        <\/a>\n                <\/div>\n            <\/div>\n<!-- \/module buttons -->\n        <\/div>\n                    <div  data-lazy=\"1\" class=\"module_column tb-column col3-1 tb_h2di530 last\">\n                            <\/div>\n                        <\/div>\n        <\/div>\n            <\/div>\n<!--\/themify_builder_content--><\/div>\n<\/div>\n<!-- \/module template_part -->        <\/div>\n                        <\/div>\n        <\/div>\n        <\/div>\n<!--\/themify_builder_content-->","protected":false},"excerpt":{"rendered":"<p>Simulation de ran\u00e7ongiciel La simulation d&rsquo;attaque par ran\u00e7ongiciel permet aux organisations de tester leurs d\u00e9fenses et leurs strat\u00e9gies de r\u00e9ponse contre les menaces de ran\u00e7ongiciels dans un environnement contr\u00f4l\u00e9 et sans risque. En simulant des sc\u00e9narios d&rsquo;attaque r\u00e9alistes, les organisations peuvent identifier leurs vuln\u00e9rabilit\u00e9s et renforcer leur \u00e9tat de pr\u00e9paration. DEMANDER UN DEVIS Tests de [&hellip;]<\/p>\n","protected":false},"author":1,"featured_media":0,"parent":944,"menu_order":0,"comment_status":"closed","ping_status":"closed","template":"","meta":{"_monsterinsights_skip_tracking":false,"_monsterinsights_sitenote_active":false,"_monsterinsights_sitenote_note":"","_monsterinsights_sitenote_category":0,"footnotes":""},"class_list":["post-2034","page","type-page","status-publish","hentry","has-post-title","has-post-date","has-post-category","has-post-tag","has-post-comment","has-post-author",""],"yoast_head":"<!-- This site is optimized with the Yoast SEO plugin v27.4 - https:\/\/yoast.com\/product\/yoast-seo-wordpress\/ -->\n<title>Simulation de ran\u00e7ongiciel - Orenda Security<\/title>\n<meta name=\"robots\" content=\"index, follow, max-snippet:-1, max-image-preview:large, max-video-preview:-1\" \/>\n<link rel=\"canonical\" href=\"https:\/\/orendasecurity.com\/fr\/solutions\/simulation-rancongiciel\/\" \/>\n<meta property=\"og:locale\" content=\"fr_FR\" \/>\n<meta property=\"og:type\" content=\"article\" \/>\n<meta property=\"og:title\" content=\"Simulation de ran\u00e7ongiciel - Orenda Security\" \/>\n<meta property=\"og:description\" content=\"Simulation de ran\u00e7ongiciel La simulation d&rsquo;attaque par ran\u00e7ongiciel permet aux organisations de tester leurs d\u00e9fenses et leurs strat\u00e9gies de r\u00e9ponse contre les menaces de ran\u00e7ongiciels dans un environnement contr\u00f4l\u00e9 et sans risque. En simulant des sc\u00e9narios d&rsquo;attaque r\u00e9alistes, les organisations peuvent identifier leurs vuln\u00e9rabilit\u00e9s et renforcer leur \u00e9tat de pr\u00e9paration. DEMANDER UN DEVIS Tests de [&hellip;]\" \/>\n<meta property=\"og:url\" content=\"https:\/\/orendasecurity.com\/fr\/solutions\/simulation-rancongiciel\/\" \/>\n<meta property=\"og:site_name\" content=\"Orenda Security\" \/>\n<meta property=\"article:modified_time\" content=\"2025-08-29T18:02:27+00:00\" \/>\n<meta name=\"twitter:card\" content=\"summary_large_image\" \/>\n<meta name=\"twitter:label1\" content=\"Dur\u00e9e de lecture estim\u00e9e\" \/>\n\t<meta name=\"twitter:data1\" content=\"1 minute\" \/>\n<script type=\"application\/ld+json\" class=\"yoast-schema-graph\">{\"@context\":\"https:\\\/\\\/schema.org\",\"@graph\":[{\"@type\":\"WebPage\",\"@id\":\"https:\\\/\\\/orendasecurity.com\\\/fr\\\/solutions\\\/simulation-rancongiciel\\\/\",\"url\":\"https:\\\/\\\/orendasecurity.com\\\/fr\\\/solutions\\\/simulation-rancongiciel\\\/\",\"name\":\"Simulation de ran\u00e7ongiciel - Orenda Security\",\"isPartOf\":{\"@id\":\"https:\\\/\\\/orendasecurity.com\\\/#website\"},\"datePublished\":\"2025-08-21T18:44:17+00:00\",\"dateModified\":\"2025-08-29T18:02:27+00:00\",\"breadcrumb\":{\"@id\":\"https:\\\/\\\/orendasecurity.com\\\/fr\\\/solutions\\\/simulation-rancongiciel\\\/#breadcrumb\"},\"inLanguage\":\"fr-FR\",\"potentialAction\":[{\"@type\":\"ReadAction\",\"target\":[\"https:\\\/\\\/orendasecurity.com\\\/fr\\\/solutions\\\/simulation-rancongiciel\\\/\"]}]},{\"@type\":\"BreadcrumbList\",\"@id\":\"https:\\\/\\\/orendasecurity.com\\\/fr\\\/solutions\\\/simulation-rancongiciel\\\/#breadcrumb\",\"itemListElement\":[{\"@type\":\"ListItem\",\"position\":1,\"name\":\"Home\",\"item\":\"https:\\\/\\\/orendasecurity.com\\\/fr\\\/\"},{\"@type\":\"ListItem\",\"position\":2,\"name\":\"Solutions\",\"item\":\"https:\\\/\\\/orendasecurity.com\\\/fr\\\/solutions\\\/\"},{\"@type\":\"ListItem\",\"position\":3,\"name\":\"Simulation de ran\u00e7ongiciel\"}]},{\"@type\":\"WebSite\",\"@id\":\"https:\\\/\\\/orendasecurity.com\\\/#website\",\"url\":\"https:\\\/\\\/orendasecurity.com\\\/\",\"name\":\"Orenda Security\",\"description\":\"\",\"publisher\":{\"@id\":\"https:\\\/\\\/orendasecurity.com\\\/#organization\"},\"potentialAction\":[{\"@type\":\"SearchAction\",\"target\":{\"@type\":\"EntryPoint\",\"urlTemplate\":\"https:\\\/\\\/orendasecurity.com\\\/?s={search_term_string}\"},\"query-input\":{\"@type\":\"PropertyValueSpecification\",\"valueRequired\":true,\"valueName\":\"search_term_string\"}}],\"inLanguage\":\"fr-FR\"},{\"@type\":\"Organization\",\"@id\":\"https:\\\/\\\/orendasecurity.com\\\/#organization\",\"name\":\"Orenda Security\",\"url\":\"https:\\\/\\\/orendasecurity.com\\\/\",\"logo\":{\"@type\":\"ImageObject\",\"inLanguage\":\"fr-FR\",\"@id\":\"https:\\\/\\\/orendasecurity.com\\\/#\\\/schema\\\/logo\\\/image\\\/\",\"url\":\"https:\\\/\\\/orendasecurity.com\\\/wp-content\\\/uploads\\\/2019\\\/08\\\/OrendaSecurity__Logo.png\",\"contentUrl\":\"https:\\\/\\\/orendasecurity.com\\\/wp-content\\\/uploads\\\/2019\\\/08\\\/OrendaSecurity__Logo.png\",\"width\":432,\"height\":173,\"caption\":\"Orenda Security\"},\"image\":{\"@id\":\"https:\\\/\\\/orendasecurity.com\\\/#\\\/schema\\\/logo\\\/image\\\/\"}}]}<\/script>\n<!-- \/ Yoast SEO plugin. -->","yoast_head_json":{"title":"Simulation de ran\u00e7ongiciel - Orenda Security","robots":{"index":"index","follow":"follow","max-snippet":"max-snippet:-1","max-image-preview":"max-image-preview:large","max-video-preview":"max-video-preview:-1"},"canonical":"https:\/\/orendasecurity.com\/fr\/solutions\/simulation-rancongiciel\/","og_locale":"fr_FR","og_type":"article","og_title":"Simulation de ran\u00e7ongiciel - Orenda Security","og_description":"Simulation de ran\u00e7ongiciel La simulation d&rsquo;attaque par ran\u00e7ongiciel permet aux organisations de tester leurs d\u00e9fenses et leurs strat\u00e9gies de r\u00e9ponse contre les menaces de ran\u00e7ongiciels dans un environnement contr\u00f4l\u00e9 et sans risque. En simulant des sc\u00e9narios d&rsquo;attaque r\u00e9alistes, les organisations peuvent identifier leurs vuln\u00e9rabilit\u00e9s et renforcer leur \u00e9tat de pr\u00e9paration. DEMANDER UN DEVIS Tests de [&hellip;]","og_url":"https:\/\/orendasecurity.com\/fr\/solutions\/simulation-rancongiciel\/","og_site_name":"Orenda Security","article_modified_time":"2025-08-29T18:02:27+00:00","twitter_card":"summary_large_image","twitter_misc":{"Dur\u00e9e de lecture estim\u00e9e":"1 minute"},"schema":{"@context":"https:\/\/schema.org","@graph":[{"@type":"WebPage","@id":"https:\/\/orendasecurity.com\/fr\/solutions\/simulation-rancongiciel\/","url":"https:\/\/orendasecurity.com\/fr\/solutions\/simulation-rancongiciel\/","name":"Simulation de ran\u00e7ongiciel - Orenda Security","isPartOf":{"@id":"https:\/\/orendasecurity.com\/#website"},"datePublished":"2025-08-21T18:44:17+00:00","dateModified":"2025-08-29T18:02:27+00:00","breadcrumb":{"@id":"https:\/\/orendasecurity.com\/fr\/solutions\/simulation-rancongiciel\/#breadcrumb"},"inLanguage":"fr-FR","potentialAction":[{"@type":"ReadAction","target":["https:\/\/orendasecurity.com\/fr\/solutions\/simulation-rancongiciel\/"]}]},{"@type":"BreadcrumbList","@id":"https:\/\/orendasecurity.com\/fr\/solutions\/simulation-rancongiciel\/#breadcrumb","itemListElement":[{"@type":"ListItem","position":1,"name":"Home","item":"https:\/\/orendasecurity.com\/fr\/"},{"@type":"ListItem","position":2,"name":"Solutions","item":"https:\/\/orendasecurity.com\/fr\/solutions\/"},{"@type":"ListItem","position":3,"name":"Simulation de ran\u00e7ongiciel"}]},{"@type":"WebSite","@id":"https:\/\/orendasecurity.com\/#website","url":"https:\/\/orendasecurity.com\/","name":"Orenda Security","description":"","publisher":{"@id":"https:\/\/orendasecurity.com\/#organization"},"potentialAction":[{"@type":"SearchAction","target":{"@type":"EntryPoint","urlTemplate":"https:\/\/orendasecurity.com\/?s={search_term_string}"},"query-input":{"@type":"PropertyValueSpecification","valueRequired":true,"valueName":"search_term_string"}}],"inLanguage":"fr-FR"},{"@type":"Organization","@id":"https:\/\/orendasecurity.com\/#organization","name":"Orenda Security","url":"https:\/\/orendasecurity.com\/","logo":{"@type":"ImageObject","inLanguage":"fr-FR","@id":"https:\/\/orendasecurity.com\/#\/schema\/logo\/image\/","url":"https:\/\/orendasecurity.com\/wp-content\/uploads\/2019\/08\/OrendaSecurity__Logo.png","contentUrl":"https:\/\/orendasecurity.com\/wp-content\/uploads\/2019\/08\/OrendaSecurity__Logo.png","width":432,"height":173,"caption":"Orenda Security"},"image":{"@id":"https:\/\/orendasecurity.com\/#\/schema\/logo\/image\/"}}]}},"_links":{"self":[{"href":"https:\/\/orendasecurity.com\/fr\/wp-json\/wp\/v2\/pages\/2034","targetHints":{"allow":["GET"]}}],"collection":[{"href":"https:\/\/orendasecurity.com\/fr\/wp-json\/wp\/v2\/pages"}],"about":[{"href":"https:\/\/orendasecurity.com\/fr\/wp-json\/wp\/v2\/types\/page"}],"author":[{"embeddable":true,"href":"https:\/\/orendasecurity.com\/fr\/wp-json\/wp\/v2\/users\/1"}],"replies":[{"embeddable":true,"href":"https:\/\/orendasecurity.com\/fr\/wp-json\/wp\/v2\/comments?post=2034"}],"version-history":[{"count":0,"href":"https:\/\/orendasecurity.com\/fr\/wp-json\/wp\/v2\/pages\/2034\/revisions"}],"up":[{"embeddable":true,"href":"https:\/\/orendasecurity.com\/fr\/wp-json\/wp\/v2\/pages\/944"}],"wp:attachment":[{"href":"https:\/\/orendasecurity.com\/fr\/wp-json\/wp\/v2\/media?parent=2034"}],"curies":[{"name":"wp","href":"https:\/\/api.w.org\/{rel}","templated":true}]}}