{"id":2040,"date":"2025-08-21T14:45:19","date_gmt":"2025-08-21T18:45:19","guid":{"rendered":"https:\/\/orendasecurity.com\/solutions\/phishing-simulation-copy\/"},"modified":"2025-08-29T13:51:21","modified_gmt":"2025-08-29T17:51:21","slug":"simulation-hameconnage","status":"publish","type":"page","link":"https:\/\/orendasecurity.com\/fr\/solutions\/simulation-hameconnage\/","title":{"rendered":"Simulation d&rsquo;hame\u00e7onnage"},"content":{"rendered":"<!--themify_builder_content-->\n<div id=\"themify_builder_content-2040\" data-postid=\"2040\" class=\"themify_builder_content themify_builder_content-2040 themify_builder tf_clear\">\n                    <div  data-lazy=\"1\" class=\"module_row themify_builder_row tb_l4uk222 tb_first tf_w\">\n            <span class=\"tb_row_frame_wrap tf_overflow tf_abs\" data-lazy=\"1\"><span class=\"tb_row_frame tb_row_frame_bottom  tf_abs tf_hide tf_overflow tf_w\"><\/span><\/span>            <div class=\"row_inner col_align_top tb_col_count_1 tf_box tf_rel\">\n                        <div  data-lazy=\"1\" class=\"module_column tb-column col-full tb_n5ti808 first\">\n                            <div  data-lazy=\"1\" class=\"module_subrow themify_builder_sub_row tf_w col_align_top tb_col_count_1 tb_tp2n320\">\n                <div  data-lazy=\"1\" class=\"module_column sub_column col-full tb_4ven232 first\">\n                    <!-- module text -->\n<div  class=\"module module-text tb_bh00383   \" data-lazy=\"1\">\n        <div  class=\"tb_text_wrap\">\n        <h1>Simulation d&rsquo;hame\u00e7onnage<\/h1>    <\/div>\n<\/div>\n<!-- \/module text -->        <\/div>\n                    <\/div>\n                <div  data-lazy=\"1\" class=\"module_subrow themify_builder_sub_row tf_w col_align_top tb_col_count_1 tb_fpuc850\">\n                <div  data-lazy=\"1\" class=\"module_column sub_column col-full tb_ye6l027 first\">\n                    <!-- module text -->\n<div  class=\"module module-text tb_o69h028   \" data-lazy=\"1\">\n        <div  class=\"tb_text_wrap\">\n        <p>La simulation d&rsquo;hame\u00e7onnage aide les organisations \u00e0 sensibiliser leurs employ\u00e9s aux risques li\u00e9s aux attaques d&rsquo;hame\u00e7onnage et \u00e0 am\u00e9liorer leur capacit\u00e9 \u00e0 reconna\u00eetre les e-mails suspects et \u00e0 y r\u00e9pondre. En simulant des sc\u00e9narios d&rsquo;hame\u00e7onnage r\u00e9els, les organisations peuvent \u00e9valuer la sensibilisation de leurs employ\u00e9s et renforcer leur s\u00e9curit\u00e9 globale.<\/p>    <\/div>\n<\/div>\n<!-- \/module text -->        <\/div>\n                    <\/div>\n                <div  data-lazy=\"1\" class=\"module_subrow themify_builder_sub_row tf_w col_align_top tb_col_count_2 tb_qwd1124\">\n                <div  data-lazy=\"1\" class=\"module_column sub_column col4-2 tb_tj3j124 first\">\n                    <!-- module buttons -->\n<div  class=\"module module-buttons tb_ipl7124 buttons-horizontal solid   circle\" data-lazy=\"1\">\n        <div class=\"module-buttons-item tf_in_flx\">\n                        <a href=\"\/fr\/demander-un-devis\/\" class=\"ui builder_button tf_in_flx tb_default_color\" target=\"_blank\" rel=\"noopener\">\n                                                DEMANDER UN DEVIS                                        <\/a>\n                <\/div>\n            <\/div>\n<!-- \/module buttons -->\n        <\/div>\n                    <div  data-lazy=\"1\" class=\"module_column sub_column col4-2 tb_ubok124 last\">\n                            <\/div>\n                    <\/div>\n                <\/div>\n                        <\/div>\n        <\/div>\n                        <div  data-lazy=\"1\" class=\"module_row themify_builder_row accounting-services accounting-services-border tb_q5rw778 tf_w\">\n                        <div class=\"row_inner col_align_top tb_col_count_2 tf_box tf_rel\">\n                        <div  data-lazy=\"1\" class=\"module_column tb-column col4-2 tb_fdoh080 first\">\n                    <!-- module text -->\n<div  class=\"module module-text tb_xn3i552   \" data-lazy=\"1\">\n        <div  class=\"tb_text_wrap\">\n        <h2>Sensibilisation et formation des employ\u00e9s<\/h2>\n<p>\u00a0<\/p>    <\/div>\n<\/div>\n<!-- \/module text --><!-- module text -->\n<div  class=\"module module-text tb_broq180   \" data-lazy=\"1\">\n        <div  class=\"tb_text_wrap\">\n        <p>La simulation d&rsquo;hame\u00e7onnage permet aux organisations de sensibiliser leurs employ\u00e9s aux dangers des attaques d&rsquo;hame\u00e7onnage et de les former \u00e0 reconna\u00eetre et \u00e0 r\u00e9agir efficacement aux e-mails suspects. En simulant des sc\u00e9narios d&rsquo;hame\u00e7onnage r\u00e9alistes, les organisations peuvent \u00e9valuer le niveau de sensibilisation \u00e0 la s\u00e9curit\u00e9 de leurs employ\u00e9s et identifier les domaines \u00e0 am\u00e9liorer. Cette approche pratique de la formation aide les employ\u00e9s \u00e0 d\u00e9velopper leur esprit critique, \u00e0 am\u00e9liorer leur capacit\u00e9 \u00e0 identifier les tentatives d&rsquo;hame\u00e7onnage et \u00e0 prendre les mesures appropri\u00e9es pour r\u00e9duire le risque d&rsquo;\u00eatre victime d&rsquo;une escroquerie par hame\u00e7onnage.<\/p>    <\/div>\n<\/div>\n<!-- \/module text -->        <\/div>\n                    <div  data-lazy=\"1\" class=\"module_column tb-column col4-2 tb_icjx052 last\">\n                    <!-- module text -->\n<div  class=\"module module-text tb_kzfr500   \" data-lazy=\"1\">\n        <div  class=\"tb_text_wrap\">\n        <h2>R\u00e9duction des risques et pr\u00e9vention des incidents<\/h2>    <\/div>\n<\/div>\n<!-- \/module text --><!-- module text -->\n<div  class=\"module module-text tb_crx7022   \" data-lazy=\"1\">\n        <div  class=\"tb_text_wrap\">\n        <p>La simulation d&rsquo;hame\u00e7onnage aide les organisations \u00e0 r\u00e9duire les risques de failles de s\u00e9curit\u00e9 et de perte de donn\u00e9es en testant de mani\u00e8re proactive l&rsquo;efficacit\u00e9 de leurs contr\u00f4les de s\u00e9curit\u00e9 des e-mails et de leurs proc\u00e9dures de r\u00e9ponse aux incidents. En simulant des attaques d&rsquo;hame\u00e7onnage, les organisations peuvent identifier les vuln\u00e9rabilit\u00e9s de leurs syst\u00e8mes de filtrage des e-mails, de la sensibilisation des utilisateurs et des m\u00e9canismes de r\u00e9ponse, ce qui leur permet de mettre en \u0153uvre des mesures de s\u00e9curit\u00e9 cibl\u00e9es et d&rsquo;att\u00e9nuer les risques potentiels en mati\u00e8re de s\u00e9curit\u00e9. En outre, la simulation d&rsquo;hame\u00e7onnage permet aux organisations de mesurer l&rsquo;impact des initiatives de formation \u00e0 la sensibilisation \u00e0 la s\u00e9curit\u00e9 et de suivre l&rsquo;am\u00e9lioration du comportement des employ\u00e9s au fil du temps, renfor\u00e7ant ainsi leur capacit\u00e9 \u00e0 pr\u00e9venir les incidents li\u00e9s \u00e0 l&rsquo;hame\u00e7onnage.<\/p>    <\/div>\n<\/div>\n<!-- \/module text -->        <\/div>\n                        <\/div>\n        <\/div>\n                        <div  data-css_id=\"mvfy252\" data-lazy=\"1\" class=\"module_row themify_builder_row fullwidth tb_mvfy252 tf_w\">\n                        <div class=\"row_inner col_align_top tb_col_count_1 tf_box tf_rel\">\n                        <div  data-lazy=\"1\" class=\"module_column tb-column col-full tb_vnvi852 first\">\n                    <!-- module template_part -->\n<div  class=\"module module-layout-part tb_xy6f075 \">\n    <div class=\"tb_layout_part_wrap tf_w\"><!--themify_builder_content-->\n    <div  class=\"themify_builder_content themify_builder_content-745 themify_builder not_editable_builder in_the_loop\" data-postid=\"745\">\n                        <div  data-parallax-bg=\"desktop\" data-css_id=\"b5cn527\" data-lazy=\"1\" class=\"module_row themify_builder_row fullwidth_row_container tb_b5cn527 tf_w\">\n            <span  class=\"builder_row_cover tf_abs\" data-lazy=\"1\"><\/span>            <div class=\"row_inner col_align_middle tb_col_count_2 tf_box tf_rel\">\n                        <div  data-lazy=\"1\" class=\"module_column tb-column col3-2 tb_th1l528 first\">\n                    <!-- module text -->\n<div  class=\"module module-text tb_fvj3529   \" data-lazy=\"1\">\n        <div  class=\"tb_text_wrap\">\n        <h2>L\u2019HISTOIRE ET L\u2019\u00c9QUIPE <br>DERRI\u00c8RE ORENDA SECURITY <sup>\u00ae<\/sup><\/h2>    <\/div>\n<\/div>\n<!-- \/module text --><!-- module text -->\n<div  class=\"module module-text tb_94nx530   \" data-lazy=\"1\">\n        <div  class=\"tb_text_wrap\">\n        <p>Orenda Security <sup>\u00ae<\/sup> est une firme de s\u00e9curit\u00e9 informatique d\u2019\u00e9lite fond\u00e9e sur un esprit d\u2019int\u00e9grit\u00e9 et de partenariat avec notre \u00e9quipe et, surtout, nos clients.<\/p>    <\/div>\n<\/div>\n<!-- \/module text --><!-- module buttons -->\n<div  class=\"module module-buttons tb_ae10530 buttons-horizontal outline   circle\" data-lazy=\"1\">\n        <div class=\"module-buttons-item tf_in_flx\">\n                        <a href=\"\/fr\/a-propos\/\" class=\"ui builder_button tf_in_flx tb_default_color\" >\n                                                \u00c0 PROPOS                                        <\/a>\n                <\/div>\n            <\/div>\n<!-- \/module buttons -->\n        <\/div>\n                    <div  data-lazy=\"1\" class=\"module_column tb-column col3-1 tb_h2di530 last\">\n                            <\/div>\n                        <\/div>\n        <\/div>\n            <\/div>\n<!--\/themify_builder_content--><\/div>\n<\/div>\n<!-- \/module template_part -->        <\/div>\n                        <\/div>\n        <\/div>\n        <\/div>\n<!--\/themify_builder_content-->","protected":false},"excerpt":{"rendered":"<p>Simulation d&rsquo;hame\u00e7onnage La simulation d&rsquo;hame\u00e7onnage aide les organisations \u00e0 sensibiliser leurs employ\u00e9s aux risques li\u00e9s aux attaques d&rsquo;hame\u00e7onnage et \u00e0 am\u00e9liorer leur capacit\u00e9 \u00e0 reconna\u00eetre les e-mails suspects et \u00e0 y r\u00e9pondre. En simulant des sc\u00e9narios d&rsquo;hame\u00e7onnage r\u00e9els, les organisations peuvent \u00e9valuer la sensibilisation de leurs employ\u00e9s et renforcer leur s\u00e9curit\u00e9 globale. DEMANDER UN DEVIS [&hellip;]<\/p>\n","protected":false},"author":1,"featured_media":0,"parent":944,"menu_order":0,"comment_status":"closed","ping_status":"closed","template":"","meta":{"_monsterinsights_skip_tracking":false,"_monsterinsights_sitenote_active":false,"_monsterinsights_sitenote_note":"","_monsterinsights_sitenote_category":0,"footnotes":""},"class_list":["post-2040","page","type-page","status-publish","hentry","has-post-title","has-post-date","has-post-category","has-post-tag","has-post-comment","has-post-author",""],"yoast_head":"<!-- This site is optimized with the Yoast SEO plugin v27.4 - https:\/\/yoast.com\/product\/yoast-seo-wordpress\/ -->\n<title>Simulation d&#039;hame\u00e7onnage - Orenda Security<\/title>\n<meta name=\"robots\" content=\"index, follow, max-snippet:-1, max-image-preview:large, max-video-preview:-1\" \/>\n<link rel=\"canonical\" href=\"https:\/\/orendasecurity.com\/fr\/solutions\/simulation-hameconnage\/\" \/>\n<meta property=\"og:locale\" content=\"fr_FR\" \/>\n<meta property=\"og:type\" content=\"article\" \/>\n<meta property=\"og:title\" content=\"Simulation d&#039;hame\u00e7onnage - Orenda Security\" \/>\n<meta property=\"og:description\" content=\"Simulation d&rsquo;hame\u00e7onnage La simulation d&rsquo;hame\u00e7onnage aide les organisations \u00e0 sensibiliser leurs employ\u00e9s aux risques li\u00e9s aux attaques d&rsquo;hame\u00e7onnage et \u00e0 am\u00e9liorer leur capacit\u00e9 \u00e0 reconna\u00eetre les e-mails suspects et \u00e0 y r\u00e9pondre. En simulant des sc\u00e9narios d&rsquo;hame\u00e7onnage r\u00e9els, les organisations peuvent \u00e9valuer la sensibilisation de leurs employ\u00e9s et renforcer leur s\u00e9curit\u00e9 globale. DEMANDER UN DEVIS [&hellip;]\" \/>\n<meta property=\"og:url\" content=\"https:\/\/orendasecurity.com\/fr\/solutions\/simulation-hameconnage\/\" \/>\n<meta property=\"og:site_name\" content=\"Orenda Security\" \/>\n<meta property=\"article:modified_time\" content=\"2025-08-29T17:51:21+00:00\" \/>\n<meta name=\"twitter:card\" content=\"summary_large_image\" \/>\n<meta name=\"twitter:label1\" content=\"Dur\u00e9e de lecture estim\u00e9e\" \/>\n\t<meta name=\"twitter:data1\" content=\"1 minute\" \/>\n<script type=\"application\/ld+json\" class=\"yoast-schema-graph\">{\"@context\":\"https:\\\/\\\/schema.org\",\"@graph\":[{\"@type\":\"WebPage\",\"@id\":\"https:\\\/\\\/orendasecurity.com\\\/fr\\\/solutions\\\/simulation-hameconnage\\\/\",\"url\":\"https:\\\/\\\/orendasecurity.com\\\/fr\\\/solutions\\\/simulation-hameconnage\\\/\",\"name\":\"Simulation d'hame\u00e7onnage - Orenda Security\",\"isPartOf\":{\"@id\":\"https:\\\/\\\/orendasecurity.com\\\/#website\"},\"datePublished\":\"2025-08-21T18:45:19+00:00\",\"dateModified\":\"2025-08-29T17:51:21+00:00\",\"breadcrumb\":{\"@id\":\"https:\\\/\\\/orendasecurity.com\\\/fr\\\/solutions\\\/simulation-hameconnage\\\/#breadcrumb\"},\"inLanguage\":\"fr-FR\",\"potentialAction\":[{\"@type\":\"ReadAction\",\"target\":[\"https:\\\/\\\/orendasecurity.com\\\/fr\\\/solutions\\\/simulation-hameconnage\\\/\"]}]},{\"@type\":\"BreadcrumbList\",\"@id\":\"https:\\\/\\\/orendasecurity.com\\\/fr\\\/solutions\\\/simulation-hameconnage\\\/#breadcrumb\",\"itemListElement\":[{\"@type\":\"ListItem\",\"position\":1,\"name\":\"Home\",\"item\":\"https:\\\/\\\/orendasecurity.com\\\/fr\\\/\"},{\"@type\":\"ListItem\",\"position\":2,\"name\":\"Solutions\",\"item\":\"https:\\\/\\\/orendasecurity.com\\\/fr\\\/solutions\\\/\"},{\"@type\":\"ListItem\",\"position\":3,\"name\":\"Simulation d&rsquo;hame\u00e7onnage\"}]},{\"@type\":\"WebSite\",\"@id\":\"https:\\\/\\\/orendasecurity.com\\\/#website\",\"url\":\"https:\\\/\\\/orendasecurity.com\\\/\",\"name\":\"Orenda Security\",\"description\":\"\",\"publisher\":{\"@id\":\"https:\\\/\\\/orendasecurity.com\\\/#organization\"},\"potentialAction\":[{\"@type\":\"SearchAction\",\"target\":{\"@type\":\"EntryPoint\",\"urlTemplate\":\"https:\\\/\\\/orendasecurity.com\\\/?s={search_term_string}\"},\"query-input\":{\"@type\":\"PropertyValueSpecification\",\"valueRequired\":true,\"valueName\":\"search_term_string\"}}],\"inLanguage\":\"fr-FR\"},{\"@type\":\"Organization\",\"@id\":\"https:\\\/\\\/orendasecurity.com\\\/#organization\",\"name\":\"Orenda Security\",\"url\":\"https:\\\/\\\/orendasecurity.com\\\/\",\"logo\":{\"@type\":\"ImageObject\",\"inLanguage\":\"fr-FR\",\"@id\":\"https:\\\/\\\/orendasecurity.com\\\/#\\\/schema\\\/logo\\\/image\\\/\",\"url\":\"https:\\\/\\\/orendasecurity.com\\\/wp-content\\\/uploads\\\/2019\\\/08\\\/OrendaSecurity__Logo.png\",\"contentUrl\":\"https:\\\/\\\/orendasecurity.com\\\/wp-content\\\/uploads\\\/2019\\\/08\\\/OrendaSecurity__Logo.png\",\"width\":432,\"height\":173,\"caption\":\"Orenda Security\"},\"image\":{\"@id\":\"https:\\\/\\\/orendasecurity.com\\\/#\\\/schema\\\/logo\\\/image\\\/\"}}]}<\/script>\n<!-- \/ Yoast SEO plugin. -->","yoast_head_json":{"title":"Simulation d'hame\u00e7onnage - Orenda Security","robots":{"index":"index","follow":"follow","max-snippet":"max-snippet:-1","max-image-preview":"max-image-preview:large","max-video-preview":"max-video-preview:-1"},"canonical":"https:\/\/orendasecurity.com\/fr\/solutions\/simulation-hameconnage\/","og_locale":"fr_FR","og_type":"article","og_title":"Simulation d'hame\u00e7onnage - Orenda Security","og_description":"Simulation d&rsquo;hame\u00e7onnage La simulation d&rsquo;hame\u00e7onnage aide les organisations \u00e0 sensibiliser leurs employ\u00e9s aux risques li\u00e9s aux attaques d&rsquo;hame\u00e7onnage et \u00e0 am\u00e9liorer leur capacit\u00e9 \u00e0 reconna\u00eetre les e-mails suspects et \u00e0 y r\u00e9pondre. En simulant des sc\u00e9narios d&rsquo;hame\u00e7onnage r\u00e9els, les organisations peuvent \u00e9valuer la sensibilisation de leurs employ\u00e9s et renforcer leur s\u00e9curit\u00e9 globale. DEMANDER UN DEVIS [&hellip;]","og_url":"https:\/\/orendasecurity.com\/fr\/solutions\/simulation-hameconnage\/","og_site_name":"Orenda Security","article_modified_time":"2025-08-29T17:51:21+00:00","twitter_card":"summary_large_image","twitter_misc":{"Dur\u00e9e de lecture estim\u00e9e":"1 minute"},"schema":{"@context":"https:\/\/schema.org","@graph":[{"@type":"WebPage","@id":"https:\/\/orendasecurity.com\/fr\/solutions\/simulation-hameconnage\/","url":"https:\/\/orendasecurity.com\/fr\/solutions\/simulation-hameconnage\/","name":"Simulation d'hame\u00e7onnage - Orenda Security","isPartOf":{"@id":"https:\/\/orendasecurity.com\/#website"},"datePublished":"2025-08-21T18:45:19+00:00","dateModified":"2025-08-29T17:51:21+00:00","breadcrumb":{"@id":"https:\/\/orendasecurity.com\/fr\/solutions\/simulation-hameconnage\/#breadcrumb"},"inLanguage":"fr-FR","potentialAction":[{"@type":"ReadAction","target":["https:\/\/orendasecurity.com\/fr\/solutions\/simulation-hameconnage\/"]}]},{"@type":"BreadcrumbList","@id":"https:\/\/orendasecurity.com\/fr\/solutions\/simulation-hameconnage\/#breadcrumb","itemListElement":[{"@type":"ListItem","position":1,"name":"Home","item":"https:\/\/orendasecurity.com\/fr\/"},{"@type":"ListItem","position":2,"name":"Solutions","item":"https:\/\/orendasecurity.com\/fr\/solutions\/"},{"@type":"ListItem","position":3,"name":"Simulation d&rsquo;hame\u00e7onnage"}]},{"@type":"WebSite","@id":"https:\/\/orendasecurity.com\/#website","url":"https:\/\/orendasecurity.com\/","name":"Orenda Security","description":"","publisher":{"@id":"https:\/\/orendasecurity.com\/#organization"},"potentialAction":[{"@type":"SearchAction","target":{"@type":"EntryPoint","urlTemplate":"https:\/\/orendasecurity.com\/?s={search_term_string}"},"query-input":{"@type":"PropertyValueSpecification","valueRequired":true,"valueName":"search_term_string"}}],"inLanguage":"fr-FR"},{"@type":"Organization","@id":"https:\/\/orendasecurity.com\/#organization","name":"Orenda Security","url":"https:\/\/orendasecurity.com\/","logo":{"@type":"ImageObject","inLanguage":"fr-FR","@id":"https:\/\/orendasecurity.com\/#\/schema\/logo\/image\/","url":"https:\/\/orendasecurity.com\/wp-content\/uploads\/2019\/08\/OrendaSecurity__Logo.png","contentUrl":"https:\/\/orendasecurity.com\/wp-content\/uploads\/2019\/08\/OrendaSecurity__Logo.png","width":432,"height":173,"caption":"Orenda Security"},"image":{"@id":"https:\/\/orendasecurity.com\/#\/schema\/logo\/image\/"}}]}},"_links":{"self":[{"href":"https:\/\/orendasecurity.com\/fr\/wp-json\/wp\/v2\/pages\/2040","targetHints":{"allow":["GET"]}}],"collection":[{"href":"https:\/\/orendasecurity.com\/fr\/wp-json\/wp\/v2\/pages"}],"about":[{"href":"https:\/\/orendasecurity.com\/fr\/wp-json\/wp\/v2\/types\/page"}],"author":[{"embeddable":true,"href":"https:\/\/orendasecurity.com\/fr\/wp-json\/wp\/v2\/users\/1"}],"replies":[{"embeddable":true,"href":"https:\/\/orendasecurity.com\/fr\/wp-json\/wp\/v2\/comments?post=2040"}],"version-history":[{"count":0,"href":"https:\/\/orendasecurity.com\/fr\/wp-json\/wp\/v2\/pages\/2040\/revisions"}],"up":[{"embeddable":true,"href":"https:\/\/orendasecurity.com\/fr\/wp-json\/wp\/v2\/pages\/944"}],"wp:attachment":[{"href":"https:\/\/orendasecurity.com\/fr\/wp-json\/wp\/v2\/media?parent=2040"}],"curies":[{"name":"wp","href":"https:\/\/api.w.org\/{rel}","templated":true}]}}