{"id":2043,"date":"2025-08-21T14:45:33","date_gmt":"2025-08-21T18:45:33","guid":{"rendered":"https:\/\/orendasecurity.com\/solutions\/security-awareness-copy\/"},"modified":"2025-08-29T13:44:49","modified_gmt":"2025-08-29T17:44:49","slug":"sensibilisation-securite","status":"publish","type":"page","link":"https:\/\/orendasecurity.com\/fr\/solutions\/sensibilisation-securite\/","title":{"rendered":"Sensibilisation \u00e0 la s\u00e9curit\u00e9"},"content":{"rendered":"<!--themify_builder_content-->\n<div id=\"themify_builder_content-2043\" data-postid=\"2043\" class=\"themify_builder_content themify_builder_content-2043 themify_builder tf_clear\">\n                    <div  data-lazy=\"1\" class=\"module_row themify_builder_row tb_kld5101 tb_first tf_w\">\n            <span class=\"tb_row_frame_wrap tf_overflow tf_abs\" data-lazy=\"1\"><span class=\"tb_row_frame tb_row_frame_bottom  tf_abs tf_hide tf_overflow tf_w\"><\/span><\/span>            <div class=\"row_inner col_align_top tb_col_count_1 tf_box tf_rel\">\n                        <div  data-lazy=\"1\" class=\"module_column tb-column col-full tb_73nw158 first\">\n                            <div  data-lazy=\"1\" class=\"module_subrow themify_builder_sub_row tf_w col_align_top tb_col_count_1 tb_2m6q010\">\n                <div  data-lazy=\"1\" class=\"module_column sub_column col-full tb_0r6f888 first\">\n                    <!-- module text -->\n<div  class=\"module module-text tb_jtae081   \" data-lazy=\"1\">\n        <div  class=\"tb_text_wrap\">\n        <h1>Sensibilisation \u00e0 la s\u00e9curit\u00e9<\/h1>    <\/div>\n<\/div>\n<!-- \/module text -->        <\/div>\n                    <\/div>\n                <div  data-lazy=\"1\" class=\"module_subrow themify_builder_sub_row tf_w col_align_top tb_col_count_1 tb_glll995\">\n                <div  data-lazy=\"1\" class=\"module_column sub_column col-full tb_8eqx019 first\">\n                    <!-- module text -->\n<div  class=\"module module-text tb_juj5010   \" data-lazy=\"1\">\n        <div  class=\"tb_text_wrap\">\n        <p>Les programmes de sensibilisation \u00e0 la s\u00e9curit\u00e9 sont essentiels pour doter les employ\u00e9s des connaissances n\u00e9cessaires pour reconna\u00eetre et r\u00e9agir aux menaces potentielles en mati\u00e8re de cybers\u00e9curit\u00e9. Ces initiatives contribuent \u00e0 cr\u00e9er une main-d&rsquo;\u0153uvre sensibilis\u00e9e \u00e0 la s\u00e9curit\u00e9, r\u00e9duisant ainsi le risque d&rsquo;erreurs humaines pouvant entra\u00eener des failles de s\u00e9curit\u00e9.<\/p>    <\/div>\n<\/div>\n<!-- \/module text -->        <\/div>\n                    <\/div>\n                <div  data-lazy=\"1\" class=\"module_subrow themify_builder_sub_row tf_w col_align_top tb_col_count_2 tb_e7lq219\">\n                <div  data-lazy=\"1\" class=\"module_column sub_column col4-2 tb_7j5u219 first\">\n                    <!-- module buttons -->\n<div  class=\"module module-buttons tb_r4uy219 buttons-horizontal solid   circle\" data-lazy=\"1\">\n        <div class=\"module-buttons-item tf_in_flx\">\n                        <a href=\"\/fr\/demander-un-devis\/\" class=\"ui builder_button tf_in_flx tb_default_color\" target=\"_blank\" rel=\"noopener\">\n                                                DEMANDER UN DEVIS                                        <\/a>\n                <\/div>\n            <\/div>\n<!-- \/module buttons -->\n        <\/div>\n                    <div  data-lazy=\"1\" class=\"module_column sub_column col4-2 tb_boql219 last\">\n                            <\/div>\n                    <\/div>\n                <\/div>\n                        <\/div>\n        <\/div>\n                        <div  data-anchor=\"services\" data-lazy=\"1\" class=\"module_row themify_builder_row tb_has_section tb_section-services tb_7uud009 tf_w\">\n                        <div class=\"row_inner col_align_top tb_col_count_1 tf_box tf_rel\">\n                        <div  data-lazy=\"1\" class=\"module_column tb-column col-full tb_i0au010 first\">\n                    <!-- module text -->\n<div  class=\"module module-text tb_lye1229   \" data-lazy=\"1\">\n        <div  class=\"tb_text_wrap\">\n        <h2>R\u00e9duction des risques gr\u00e2ce \u00e0 la formation<\/h2>\n<p>Les programmes de sensibilisation \u00e0 la s\u00e9curit\u00e9 permettent aux membres d&rsquo;une organisation d&rsquo;identifier les menaces li\u00e9es \u00e0 la cybers\u00e9curit\u00e9 et d&rsquo;y r\u00e9pondre efficacement. En formant leurs employ\u00e9s aux vecteurs d&rsquo;attaque courants, aux escroqueries par hame\u00e7onnage, aux tactiques d&rsquo;ing\u00e9nierie sociale et aux meilleures pratiques en mati\u00e8re de s\u00e9curisation des informations sensibles, les organisations peuvent r\u00e9duire le risque de failles de s\u00e9curit\u00e9 caus\u00e9es par des erreurs humaines. Cette approche proactive renforce la s\u00e9curit\u00e9 globale de l&rsquo;organisation et att\u00e9nue l&rsquo;impact potentiel des cybermenaces.<\/p>    <\/div>\n<\/div>\n<!-- \/module text -->        <\/div>\n                        <\/div>\n        <\/div>\n                        <div  data-anchor=\"services\" data-lazy=\"1\" class=\"module_row themify_builder_row tb_has_section tb_section-services tb_8atn818 tf_w\">\n                        <div class=\"row_inner col_align_top tb_col_count_1 tf_box tf_rel\">\n                        <div  data-lazy=\"1\" class=\"module_column tb-column col-full tb_t503099 first\">\n                    <!-- module text -->\n<div  class=\"module module-text tb_y7fr558   \" data-lazy=\"1\">\n        <div  class=\"tb_text_wrap\">\n        <h2>Culture de vigilance et de responsabilit\u00e9<\/h2>\n<p style=\"color: #20232e; font-family: Montserrat; font-size: 16px; letter-spacing: normal;\">La sensibilisation \u00e0 la s\u00e9curit\u00e9 favorise une culture de vigilance et de responsabilit\u00e9 au sein de l&rsquo;organisation, o\u00f9 les employ\u00e9s comprennent leur r\u00f4le dans la protection des informations sensibles et la sauvegarde des actifs de l&rsquo;entreprise. En promouvant des formations de sensibilisation \u00e0 la s\u00e9curit\u00e9, des rappels r\u00e9guliers et des activit\u00e9s de renforcement, les organisations peuvent cultiver un \u00e9tat d&rsquo;esprit soucieux de la s\u00e9curit\u00e9 chez leurs employ\u00e9s, les encourageant \u00e0 rester vigilants, prudents et proactifs dans l&rsquo;identification et le signalement des incidents de s\u00e9curit\u00e9. Ce changement culturel renforce les d\u00e9fenses de l&rsquo;organisation contre les cybermenaces et am\u00e9liore sa r\u00e9silience face aux violations de s\u00e9curit\u00e9.<\/p>    <\/div>\n<\/div>\n<!-- \/module text -->        <\/div>\n                        <\/div>\n        <\/div>\n                        <div  data-anchor=\"services\" data-lazy=\"1\" class=\"module_row themify_builder_row tb_has_section tb_section-services tb_07y0058 tf_w\">\n                        <div class=\"row_inner col_align_top tb_col_count_1 tf_box tf_rel\">\n                        <div  data-lazy=\"1\" class=\"module_column tb-column col-full tb_umdb315 first\">\n                    <!-- module text -->\n<div  class=\"module module-text tb_ns0d094   \" data-lazy=\"1\">\n        <div  class=\"tb_text_wrap\">\n        <h2>Conformit\u00e9 et respect des r\u00e9glementations<\/h2>\n<p>De nombreuses normes r\u00e9glementaires et r\u00e9glementations sectorielles exigent des organisations qu&rsquo;elles mettent en \u0153uvre des programmes de formation \u00e0 la sensibilisation \u00e0 la s\u00e9curit\u00e9 dans le cadre de leurs initiatives en mati\u00e8re de cybers\u00e9curit\u00e9. En proposant des formations \u00e0 la sensibilisation \u00e0 la s\u00e9curit\u00e9 \u00e0 leurs employ\u00e9s, les organisations peuvent d\u00e9montrer leur conformit\u00e9 aux exigences r\u00e9glementaires et aux meilleures pratiques du secteur, r\u00e9duisant ainsi le risque d&rsquo;amendes r\u00e9glementaires, de cons\u00e9quences juridiques et d&rsquo;atteinte \u00e0 leur r\u00e9putation. En outre, les programmes de sensibilisation \u00e0 la s\u00e9curit\u00e9 aident les organisations \u00e0 se conformer aux normes internationales telles que la norme ISO 27001 et le cadre de cybers\u00e9curit\u00e9 du NIST, garantissant ainsi une approche solide et efficace de la gouvernance et de la gestion des risques en mati\u00e8re de cybers\u00e9curit\u00e9.<\/p>    <\/div>\n<\/div>\n<!-- \/module text -->        <\/div>\n                        <\/div>\n        <\/div>\n                        <div  data-css_id=\"o47c869\" data-lazy=\"1\" class=\"module_row themify_builder_row fullwidth tb_o47c869 tf_w\">\n                        <div class=\"row_inner col_align_top tb_col_count_1 tf_box tf_rel\">\n                        <div  data-lazy=\"1\" class=\"module_column tb-column col-full tb_fnry335 first\">\n                    <!-- module template_part -->\n<div  class=\"module module-layout-part tb_nyk8318 \">\n    <div class=\"tb_layout_part_wrap tf_w\"><!--themify_builder_content-->\n    <div  class=\"themify_builder_content themify_builder_content-745 themify_builder not_editable_builder in_the_loop\" data-postid=\"745\">\n                        <div  data-parallax-bg=\"desktop\" data-css_id=\"b5cn527\" data-lazy=\"1\" class=\"module_row themify_builder_row fullwidth_row_container tb_b5cn527 tf_w\">\n            <span  class=\"builder_row_cover tf_abs\" data-lazy=\"1\"><\/span>            <div class=\"row_inner col_align_middle tb_col_count_2 tf_box tf_rel\">\n                        <div  data-lazy=\"1\" class=\"module_column tb-column col3-2 tb_th1l528 first\">\n                    <!-- module text -->\n<div  class=\"module module-text tb_fvj3529   \" data-lazy=\"1\">\n        <div  class=\"tb_text_wrap\">\n        <h2>L\u2019HISTOIRE ET L\u2019\u00c9QUIPE <br>DERRI\u00c8RE ORENDA SECURITY <sup>\u00ae<\/sup><\/h2>    <\/div>\n<\/div>\n<!-- \/module text --><!-- module text -->\n<div  class=\"module module-text tb_94nx530   \" data-lazy=\"1\">\n        <div  class=\"tb_text_wrap\">\n        <p>Orenda Security <sup>\u00ae<\/sup> est une firme de s\u00e9curit\u00e9 informatique d\u2019\u00e9lite fond\u00e9e sur un esprit d\u2019int\u00e9grit\u00e9 et de partenariat avec notre \u00e9quipe et, surtout, nos clients.<\/p>    <\/div>\n<\/div>\n<!-- \/module text --><!-- module buttons -->\n<div  class=\"module module-buttons tb_ae10530 buttons-horizontal outline   circle\" data-lazy=\"1\">\n        <div class=\"module-buttons-item tf_in_flx\">\n                        <a href=\"\/fr\/a-propos\/\" class=\"ui builder_button tf_in_flx tb_default_color\" >\n                                                \u00c0 PROPOS                                        <\/a>\n                <\/div>\n            <\/div>\n<!-- \/module buttons -->\n        <\/div>\n                    <div  data-lazy=\"1\" class=\"module_column tb-column col3-1 tb_h2di530 last\">\n                            <\/div>\n                        <\/div>\n        <\/div>\n            <\/div>\n<!--\/themify_builder_content--><\/div>\n<\/div>\n<!-- \/module template_part -->        <\/div>\n                        <\/div>\n        <\/div>\n        <\/div>\n<!--\/themify_builder_content-->","protected":false},"excerpt":{"rendered":"<p>Sensibilisation \u00e0 la s\u00e9curit\u00e9 Les programmes de sensibilisation \u00e0 la s\u00e9curit\u00e9 sont essentiels pour doter les employ\u00e9s des connaissances n\u00e9cessaires pour reconna\u00eetre et r\u00e9agir aux menaces potentielles en mati\u00e8re de cybers\u00e9curit\u00e9. Ces initiatives contribuent \u00e0 cr\u00e9er une main-d&rsquo;\u0153uvre sensibilis\u00e9e \u00e0 la s\u00e9curit\u00e9, r\u00e9duisant ainsi le risque d&rsquo;erreurs humaines pouvant entra\u00eener des failles de s\u00e9curit\u00e9. DEMANDER [&hellip;]<\/p>\n","protected":false},"author":1,"featured_media":0,"parent":944,"menu_order":0,"comment_status":"closed","ping_status":"closed","template":"","meta":{"_monsterinsights_skip_tracking":false,"_monsterinsights_sitenote_active":false,"_monsterinsights_sitenote_note":"","_monsterinsights_sitenote_category":0,"footnotes":""},"class_list":["post-2043","page","type-page","status-publish","hentry","has-post-title","has-post-date","has-post-category","has-post-tag","has-post-comment","has-post-author",""],"yoast_head":"<!-- This site is optimized with the Yoast SEO plugin v27.4 - https:\/\/yoast.com\/product\/yoast-seo-wordpress\/ -->\n<title>Sensibilisation \u00e0 la s\u00e9curit\u00e9 - Orenda Security<\/title>\n<meta name=\"robots\" content=\"index, follow, max-snippet:-1, max-image-preview:large, max-video-preview:-1\" \/>\n<link rel=\"canonical\" href=\"https:\/\/orendasecurity.com\/fr\/solutions\/sensibilisation-securite\/\" \/>\n<meta property=\"og:locale\" content=\"fr_FR\" \/>\n<meta property=\"og:type\" content=\"article\" \/>\n<meta property=\"og:title\" content=\"Sensibilisation \u00e0 la s\u00e9curit\u00e9 - Orenda Security\" \/>\n<meta property=\"og:description\" content=\"Sensibilisation \u00e0 la s\u00e9curit\u00e9 Les programmes de sensibilisation \u00e0 la s\u00e9curit\u00e9 sont essentiels pour doter les employ\u00e9s des connaissances n\u00e9cessaires pour reconna\u00eetre et r\u00e9agir aux menaces potentielles en mati\u00e8re de cybers\u00e9curit\u00e9. Ces initiatives contribuent \u00e0 cr\u00e9er une main-d&rsquo;\u0153uvre sensibilis\u00e9e \u00e0 la s\u00e9curit\u00e9, r\u00e9duisant ainsi le risque d&rsquo;erreurs humaines pouvant entra\u00eener des failles de s\u00e9curit\u00e9. DEMANDER [&hellip;]\" \/>\n<meta property=\"og:url\" content=\"https:\/\/orendasecurity.com\/fr\/solutions\/sensibilisation-securite\/\" \/>\n<meta property=\"og:site_name\" content=\"Orenda Security\" \/>\n<meta property=\"article:modified_time\" content=\"2025-08-29T17:44:49+00:00\" \/>\n<meta name=\"twitter:card\" content=\"summary_large_image\" \/>\n<meta name=\"twitter:label1\" content=\"Dur\u00e9e de lecture estim\u00e9e\" \/>\n\t<meta name=\"twitter:data1\" content=\"2 minutes\" \/>\n<script type=\"application\/ld+json\" class=\"yoast-schema-graph\">{\"@context\":\"https:\\\/\\\/schema.org\",\"@graph\":[{\"@type\":\"WebPage\",\"@id\":\"https:\\\/\\\/orendasecurity.com\\\/fr\\\/solutions\\\/sensibilisation-securite\\\/\",\"url\":\"https:\\\/\\\/orendasecurity.com\\\/fr\\\/solutions\\\/sensibilisation-securite\\\/\",\"name\":\"Sensibilisation \u00e0 la s\u00e9curit\u00e9 - Orenda Security\",\"isPartOf\":{\"@id\":\"https:\\\/\\\/orendasecurity.com\\\/#website\"},\"datePublished\":\"2025-08-21T18:45:33+00:00\",\"dateModified\":\"2025-08-29T17:44:49+00:00\",\"breadcrumb\":{\"@id\":\"https:\\\/\\\/orendasecurity.com\\\/fr\\\/solutions\\\/sensibilisation-securite\\\/#breadcrumb\"},\"inLanguage\":\"fr-FR\",\"potentialAction\":[{\"@type\":\"ReadAction\",\"target\":[\"https:\\\/\\\/orendasecurity.com\\\/fr\\\/solutions\\\/sensibilisation-securite\\\/\"]}]},{\"@type\":\"BreadcrumbList\",\"@id\":\"https:\\\/\\\/orendasecurity.com\\\/fr\\\/solutions\\\/sensibilisation-securite\\\/#breadcrumb\",\"itemListElement\":[{\"@type\":\"ListItem\",\"position\":1,\"name\":\"Home\",\"item\":\"https:\\\/\\\/orendasecurity.com\\\/fr\\\/\"},{\"@type\":\"ListItem\",\"position\":2,\"name\":\"Solutions\",\"item\":\"https:\\\/\\\/orendasecurity.com\\\/fr\\\/solutions\\\/\"},{\"@type\":\"ListItem\",\"position\":3,\"name\":\"Sensibilisation \u00e0 la s\u00e9curit\u00e9\"}]},{\"@type\":\"WebSite\",\"@id\":\"https:\\\/\\\/orendasecurity.com\\\/#website\",\"url\":\"https:\\\/\\\/orendasecurity.com\\\/\",\"name\":\"Orenda Security\",\"description\":\"\",\"publisher\":{\"@id\":\"https:\\\/\\\/orendasecurity.com\\\/#organization\"},\"potentialAction\":[{\"@type\":\"SearchAction\",\"target\":{\"@type\":\"EntryPoint\",\"urlTemplate\":\"https:\\\/\\\/orendasecurity.com\\\/?s={search_term_string}\"},\"query-input\":{\"@type\":\"PropertyValueSpecification\",\"valueRequired\":true,\"valueName\":\"search_term_string\"}}],\"inLanguage\":\"fr-FR\"},{\"@type\":\"Organization\",\"@id\":\"https:\\\/\\\/orendasecurity.com\\\/#organization\",\"name\":\"Orenda Security\",\"url\":\"https:\\\/\\\/orendasecurity.com\\\/\",\"logo\":{\"@type\":\"ImageObject\",\"inLanguage\":\"fr-FR\",\"@id\":\"https:\\\/\\\/orendasecurity.com\\\/#\\\/schema\\\/logo\\\/image\\\/\",\"url\":\"https:\\\/\\\/orendasecurity.com\\\/wp-content\\\/uploads\\\/2019\\\/08\\\/OrendaSecurity__Logo.png\",\"contentUrl\":\"https:\\\/\\\/orendasecurity.com\\\/wp-content\\\/uploads\\\/2019\\\/08\\\/OrendaSecurity__Logo.png\",\"width\":432,\"height\":173,\"caption\":\"Orenda Security\"},\"image\":{\"@id\":\"https:\\\/\\\/orendasecurity.com\\\/#\\\/schema\\\/logo\\\/image\\\/\"}}]}<\/script>\n<!-- \/ Yoast SEO plugin. -->","yoast_head_json":{"title":"Sensibilisation \u00e0 la s\u00e9curit\u00e9 - Orenda Security","robots":{"index":"index","follow":"follow","max-snippet":"max-snippet:-1","max-image-preview":"max-image-preview:large","max-video-preview":"max-video-preview:-1"},"canonical":"https:\/\/orendasecurity.com\/fr\/solutions\/sensibilisation-securite\/","og_locale":"fr_FR","og_type":"article","og_title":"Sensibilisation \u00e0 la s\u00e9curit\u00e9 - Orenda Security","og_description":"Sensibilisation \u00e0 la s\u00e9curit\u00e9 Les programmes de sensibilisation \u00e0 la s\u00e9curit\u00e9 sont essentiels pour doter les employ\u00e9s des connaissances n\u00e9cessaires pour reconna\u00eetre et r\u00e9agir aux menaces potentielles en mati\u00e8re de cybers\u00e9curit\u00e9. Ces initiatives contribuent \u00e0 cr\u00e9er une main-d&rsquo;\u0153uvre sensibilis\u00e9e \u00e0 la s\u00e9curit\u00e9, r\u00e9duisant ainsi le risque d&rsquo;erreurs humaines pouvant entra\u00eener des failles de s\u00e9curit\u00e9. DEMANDER [&hellip;]","og_url":"https:\/\/orendasecurity.com\/fr\/solutions\/sensibilisation-securite\/","og_site_name":"Orenda Security","article_modified_time":"2025-08-29T17:44:49+00:00","twitter_card":"summary_large_image","twitter_misc":{"Dur\u00e9e de lecture estim\u00e9e":"2 minutes"},"schema":{"@context":"https:\/\/schema.org","@graph":[{"@type":"WebPage","@id":"https:\/\/orendasecurity.com\/fr\/solutions\/sensibilisation-securite\/","url":"https:\/\/orendasecurity.com\/fr\/solutions\/sensibilisation-securite\/","name":"Sensibilisation \u00e0 la s\u00e9curit\u00e9 - Orenda Security","isPartOf":{"@id":"https:\/\/orendasecurity.com\/#website"},"datePublished":"2025-08-21T18:45:33+00:00","dateModified":"2025-08-29T17:44:49+00:00","breadcrumb":{"@id":"https:\/\/orendasecurity.com\/fr\/solutions\/sensibilisation-securite\/#breadcrumb"},"inLanguage":"fr-FR","potentialAction":[{"@type":"ReadAction","target":["https:\/\/orendasecurity.com\/fr\/solutions\/sensibilisation-securite\/"]}]},{"@type":"BreadcrumbList","@id":"https:\/\/orendasecurity.com\/fr\/solutions\/sensibilisation-securite\/#breadcrumb","itemListElement":[{"@type":"ListItem","position":1,"name":"Home","item":"https:\/\/orendasecurity.com\/fr\/"},{"@type":"ListItem","position":2,"name":"Solutions","item":"https:\/\/orendasecurity.com\/fr\/solutions\/"},{"@type":"ListItem","position":3,"name":"Sensibilisation \u00e0 la s\u00e9curit\u00e9"}]},{"@type":"WebSite","@id":"https:\/\/orendasecurity.com\/#website","url":"https:\/\/orendasecurity.com\/","name":"Orenda Security","description":"","publisher":{"@id":"https:\/\/orendasecurity.com\/#organization"},"potentialAction":[{"@type":"SearchAction","target":{"@type":"EntryPoint","urlTemplate":"https:\/\/orendasecurity.com\/?s={search_term_string}"},"query-input":{"@type":"PropertyValueSpecification","valueRequired":true,"valueName":"search_term_string"}}],"inLanguage":"fr-FR"},{"@type":"Organization","@id":"https:\/\/orendasecurity.com\/#organization","name":"Orenda Security","url":"https:\/\/orendasecurity.com\/","logo":{"@type":"ImageObject","inLanguage":"fr-FR","@id":"https:\/\/orendasecurity.com\/#\/schema\/logo\/image\/","url":"https:\/\/orendasecurity.com\/wp-content\/uploads\/2019\/08\/OrendaSecurity__Logo.png","contentUrl":"https:\/\/orendasecurity.com\/wp-content\/uploads\/2019\/08\/OrendaSecurity__Logo.png","width":432,"height":173,"caption":"Orenda Security"},"image":{"@id":"https:\/\/orendasecurity.com\/#\/schema\/logo\/image\/"}}]}},"_links":{"self":[{"href":"https:\/\/orendasecurity.com\/fr\/wp-json\/wp\/v2\/pages\/2043","targetHints":{"allow":["GET"]}}],"collection":[{"href":"https:\/\/orendasecurity.com\/fr\/wp-json\/wp\/v2\/pages"}],"about":[{"href":"https:\/\/orendasecurity.com\/fr\/wp-json\/wp\/v2\/types\/page"}],"author":[{"embeddable":true,"href":"https:\/\/orendasecurity.com\/fr\/wp-json\/wp\/v2\/users\/1"}],"replies":[{"embeddable":true,"href":"https:\/\/orendasecurity.com\/fr\/wp-json\/wp\/v2\/comments?post=2043"}],"version-history":[{"count":0,"href":"https:\/\/orendasecurity.com\/fr\/wp-json\/wp\/v2\/pages\/2043\/revisions"}],"up":[{"embeddable":true,"href":"https:\/\/orendasecurity.com\/fr\/wp-json\/wp\/v2\/pages\/944"}],"wp:attachment":[{"href":"https:\/\/orendasecurity.com\/fr\/wp-json\/wp\/v2\/media?parent=2043"}],"curies":[{"name":"wp","href":"https:\/\/api.w.org\/{rel}","templated":true}]}}